{"id":30827,"date":"1999-01-04T00:00:00","date_gmt":"1999-01-03T23:00:00","guid":{"rendered":"http:\/\/www.grappa.no\/no\/albums\/ukategorisert\/grieg-a-cappella\/"},"modified":"2019-02-22T15:47:21","modified_gmt":"2019-02-22T14:47:21","slug":"grieg-a-cappella","status":"publish","type":"product","link":"https:\/\/grappa.no\/no\/albums\/simax-classics\/grieg-a-cappella\/","title":{"rendered":"Grieg a cappella"},"content":{"rendered":"<p><\/p>\n<p>Griegs ukjente korverker<\/p>\n<p>Kormusikken har ingen sentral plass i Edvard Griegs produksjon. Det var f\u00f8rst og fremst i klaververkene, romansene og kammermusikken at Grieg utviklet sin personlige stil. De fleste av hans korverker er da ogs\u00e5 kommet noe i skyggen av a-mollkonserten, Peer Gynt-musikken og de lyriske stykkene for klaver. Mange av hans korverker blir sv\u00e6rt sjelden framf\u00f8rt, og med unntak av \u201dTo religi\u00f8se kor\u201d og \u201dFire salmer\u201d har verkene fremf\u00f8rt av Oslo Filharmoniske Kor p\u00e5 denne platen ikke tidligere blitt innspilt. P\u00e5 denne platen er det ogs\u00e5 f\u00f8rste gang vi f\u00e5r en s\u00e5 bred presentasjon av Griegs a cappella korverker. <\/p>\n<p>Det er Oslo Filharmoniske Kor, det unge koret Gli Scapoli (eller \u201dUngkarene\u201d), baryton Per Vollestad og tenor Kjell Magnus Sandve, og dirigent Stefan Sk\u00f8ld, som fremf\u00f8rer Griegs korverker p\u00e5 dette albumet og sikrer den h\u00f8ye kvaliteten disse verkene krever og fortjener. Med verker som omfatter hele Griegs karriere \u2013 fra \u201dDona nobis pacem\u201d, skrevet under hans studietid i Leipzig, til det siste verket han noen gang skrev, \u201dFire salmer\u201d \u2013 er dette albumet en skattkiste med vakker musikk som venter p\u00e5 \u00e5 bli oppdaget.<\/p>\n<p><!--more--><\/p>\n<h4><\/h4>\n<\/p>\n<h4><\/h4>\n<p><h4><\/h4>\n<\/p>\n<p><\/p>","protected":false},"excerpt":{"rendered":"<p>Med verker som omfatter hele Griegs karriere er dette albumet en skattkiste med vakker musikk som venter p\u00e5 \u00e5 bli oppdaget.<\/p>\n","protected":false},"featured_media":30833,"comment_status":"closed","ping_status":"open","template":"","meta":[],"product_brand":[],"product_cat":[180],"product_tag":[],"class_list":{"0":"post-30827","1":"product","2":"type-product","3":"status-publish","4":"has-post-thumbnail","6":"product_cat-simax-classics","7":"product_shipping_class-cddvd-shipping","8":"uni_artist_tag-arne-almroth","9":"uni_artist_tag-edvard-grieg","10":"uni_artist_tag-gli-scapoli","11":"uni_artist_tag-kjell-magnus-sandve","12":"uni_artist_tag-oslo-philharmonic-choir","13":"uni_artist_tag-per-vollestad","14":"uni_artist_tag-stefan-skold","15":"uni_main_artist_tag-gli-scapoli","16":"uni_artist_genre-a-cappella","18":"first","19":"instock","20":"taxable","21":"shipping-taxable","22":"purchasable","23":"product-type-simple"},"_links":{"self":[{"href":"https:\/\/grappa.no\/no\/wp-json\/wp\/v2\/product\/30827","targetHints":{"allow":["GET"]}}],"collection":[{"href":"https:\/\/grappa.no\/no\/wp-json\/wp\/v2\/product"}],"about":[{"href":"https:\/\/grappa.no\/no\/wp-json\/wp\/v2\/types\/product"}],"replies":[{"embeddable":true,"href":"https:\/\/grappa.no\/no\/wp-json\/wp\/v2\/comments?post=30827"}],"wp:featuredmedia":[{"embeddable":true,"href":"https:\/\/grappa.no\/no\/wp-json\/wp\/v2\/media\/30833"}],"wp:attachment":[{"href":"https:\/\/grappa.no\/no\/wp-json\/wp\/v2\/media?parent=30827"}],"wp:term":[{"taxonomy":"product_brand","embeddable":true,"href":"https:\/\/grappa.no\/no\/wp-json\/wp\/v2\/product_brand?post=30827"},{"taxonomy":"product_cat","embeddable":true,"href":"https:\/\/grappa.no\/no\/wp-json\/wp\/v2\/product_cat?post=30827"},{"taxonomy":"product_tag","embeddable":true,"href":"https:\/\/grappa.no\/no\/wp-json\/wp\/v2\/product_tag?post=30827"}],"curies":[{"name":"wp","href":"https:\/\/api.w.org\/{rel}","templated":true}]}}