{"id":30826,"date":"1999-01-04T00:00:00","date_gmt":"1999-01-03T23:00:00","guid":{"rendered":"http:\/\/www.grappa.no\/no\/albums\/ukategorisert\/opera-arias-with-knut-skram\/"},"modified":"2019-02-22T15:47:18","modified_gmt":"2019-02-22T14:47:18","slug":"opera-arias-with-knut-skram","status":"publish","type":"product","link":"https:\/\/grappa.no\/no\/albums\/simax-classics\/opera-arias-with-knut-skram\/","title":{"rendered":"Opera Arias with Knut Skram"},"content":{"rendered":"<p><\/p>\n<p>Knut Skram med Royal Philharmonic Orchestra<\/p>\n<p>Knut Skram har en stemme som er betegnet som malmfull, prektig, sonor, vakker og velklingende. Opprinnelig var den en lyrisk baryton. Etter hvert spektret blitt bredere. Stemmen har ogs\u00e5 utviklet seg slik at han ogs\u00e5 behersker situasjoner der stoffet krever dramatisk tyngde og stort volum. Han tar med seg erfaringene og ekspertisen til et stadig h\u00f8yere startpunkt. Ikke minst er han en formidabel operapersonlighet. Et femtitalls roller har det blitt med \u00e5rene, blant de viktigste er Eugen Onegin, Don Juan, Germont i \u201dLa Traviata\u201d, Kurwenal i \u201dTristan und Isolde\u201d, Scarpia i \u201dTosca\u201d, Amonraso i \u201dAida\u201d og Simon Boccanegra. Gjennombruddet i den internasjonale operaverden fikk Skram i 1969 p\u00e5 den \u00e6rverdige Glyndenbourne Festival Opera i England, i \u201dCosi fan tutte\u201d. Bekreftelsen kom i 1973, denne gang i \u201dFigaro\u201d i samspill med Dame Kiri te Kanawa, og med ett var han en av verdens mest ettertraktede Mozart-tolkere! <\/p>\n<p>Arieutvalget p\u00e5 denne platen gjenspeiler Knut Skrams suksessrike karriere som operasanger b\u00e5de i Norge og utlandet gjennom 30 \u00e5r. Vi f\u00e5r h\u00f8re utdrag av Mozart, Verdi og Wagner, komponister som alle lar dramaet utvikle seg gjennom rollefigurenes musikalske, psykologiske og dramatiske tyngde. Nettopp dette har v\u00e6rt Knut Skrams utgangspunkt n\u00e5r han har innstudert over 50 b\u00e6rende roller p\u00e5 Den Norske Opera og ved utenlandske scener. Resultatet har da ogs\u00e5 blitt intense og fabelaktige tolkninger av de store rollene han har fremstilt.<\/p>\n<p><!--more--><\/p>\n<h4><\/h4>\n<\/p>\n<h4><\/h4>\n<p><h4><\/h4>\n<\/p>\n<p><\/p>","protected":false},"excerpt":{"rendered":"<p>Knut Skrams suksessrike karriere som operasanger gjennom 30 \u00e5r oppsummert p\u00e5 ett album, med arier av Mozart, Verdi og Wagner.<\/p>\n","protected":false},"featured_media":30832,"comment_status":"closed","ping_status":"open","template":"","meta":[],"product_brand":[],"product_cat":[180],"product_tag":[],"class_list":{"0":"post-30826","1":"product","2":"type-product","3":"status-publish","4":"has-post-thumbnail","6":"product_cat-simax-classics","7":"product_shipping_class-cddvd-shipping","8":"uni_artist_tag-giuseppe-verdi","9":"uni_artist_tag-knut-skram","10":"uni_artist_tag-richard-wagner","11":"uni_artist_tag-royal-philharmonic-orchestra","12":"uni_artist_tag-simone-young","13":"uni_artist_tag-wolfgang-amadeus-mozart","14":"uni_main_artist_tag-knut-skram","15":"uni_artist_genre-collection","16":"uni_artist_genre-opera","18":"first","19":"instock","20":"taxable","21":"shipping-taxable","22":"purchasable","23":"product-type-simple"},"_links":{"self":[{"href":"https:\/\/grappa.no\/no\/wp-json\/wp\/v2\/product\/30826","targetHints":{"allow":["GET"]}}],"collection":[{"href":"https:\/\/grappa.no\/no\/wp-json\/wp\/v2\/product"}],"about":[{"href":"https:\/\/grappa.no\/no\/wp-json\/wp\/v2\/types\/product"}],"replies":[{"embeddable":true,"href":"https:\/\/grappa.no\/no\/wp-json\/wp\/v2\/comments?post=30826"}],"wp:featuredmedia":[{"embeddable":true,"href":"https:\/\/grappa.no\/no\/wp-json\/wp\/v2\/media\/30832"}],"wp:attachment":[{"href":"https:\/\/grappa.no\/no\/wp-json\/wp\/v2\/media?parent=30826"}],"wp:term":[{"taxonomy":"product_brand","embeddable":true,"href":"https:\/\/grappa.no\/no\/wp-json\/wp\/v2\/product_brand?post=30826"},{"taxonomy":"product_cat","embeddable":true,"href":"https:\/\/grappa.no\/no\/wp-json\/wp\/v2\/product_cat?post=30826"},{"taxonomy":"product_tag","embeddable":true,"href":"https:\/\/grappa.no\/no\/wp-json\/wp\/v2\/product_tag?post=30826"}],"curies":[{"name":"wp","href":"https:\/\/api.w.org\/{rel}","templated":true}]}}