{"id":30825,"date":"2000-03-30T00:00:00","date_gmt":"2000-03-29T23:00:00","guid":{"rendered":"http:\/\/www.grappa.no\/no\/albums\/ukategorisert\/camilla-wicks-2\/"},"modified":"2019-02-22T15:47:14","modified_gmt":"2019-02-22T14:47:14","slug":"camilla-wicks-2","status":"publish","type":"product","link":"https:\/\/grappa.no\/no\/albums\/simax-classics\/camilla-wicks-2\/","title":{"rendered":"Camilla Wicks"},"content":{"rendered":"<p><\/p>\n<p>En lidenskapelig fiolinst med integritet<\/p>\n<p>Camilla Wicks har v\u00e6rt kjent som en fiolinist med integritet og lidenskapelig musikalitet blant musikere og publikum for n\u00e6rmere tre generasjoner, med en spillestil som har truffet hjertene til lyttere over hele verden. F\u00f8dt i 1928 og utdannet ved Julliard som en student av Louis Persinger, gjorde hun sin debut i New Yorks Town Hall i en alder av tretten \u00e5r. Kort etterp\u00e5 stod hun p\u00e5 scenen som solist med store amerikanske orkestre som Los Angeles Philharmonic, The Chicago Symphony og New York Philharmonic. Senere skulle hun turnere verden over, spille inn plater for en rekke plateselskaper og arbeide tett med, og urfremf\u00f8re verker av, en rekke anerkjente komponister b\u00e5de i Norge og internasjonalt. <\/p>\n<p>Under forberedelsen av Bjarne Brustads fjerde fiolinkonsert, som er innspilt p\u00e5 dette albumet, st\u00f8ttet Wicks seg p\u00e5 vennskapet med komponisten og deres mange diskusjoner p\u00e5 en rekke temaer. Som en av de ledende norske komponistene fra 1900-tallet, b\u00e6rer Brustads musikk preg av p\u00e5virkning fra fransk musikk samtidig som han bringer inn \u201dnasjonale\u201d elementer i skapelsen av en helt unik og personlig musikalsk stil. Wicks fremf\u00f8rer ogs\u00e5 William Waltons \u201dConcerto for Violin and Orchestra\u201d p\u00e5 dette albumet, et verk sterkt inspirert av musikken fra landene rundt Middelhavet, med en delikat rapsodisk fiolin som vekker lidenskapelige stemningsbilder fra s\u00f8r-Europa.<\/p>\n<p><!--more--><\/p>\n<h4><\/h4>\n<\/p>\n<h4><\/h4>\n<p><h4><\/h4>\n<\/p>\n<p><\/p>","protected":false},"excerpt":{"rendered":"<p>Camilla Wicks, kjent som en fiolinist med integritet og lidenskapelig musikalitet blant musikere og publikum for n\u00e6rmere tre generasjoner, fremf\u00f8rer fiolinkonserter av Bjarne Brustad og William Walton.<\/p>\n","protected":false},"featured_media":30831,"comment_status":"closed","ping_status":"open","template":"","meta":[],"product_brand":[],"product_cat":[180],"product_tag":[],"class_list":{"0":"post-30825","1":"product","2":"type-product","3":"status-publish","4":"has-post-thumbnail","6":"product_cat-simax-classics","7":"product_shipping_class-cddvd-shipping","8":"uni_artist_tag-bjarne-brustad","9":"uni_artist_tag-camilla-wicks","10":"uni_artist_tag-herbert-blomstedt","11":"uni_artist_tag-juri-simonov","12":"uni_artist_tag-oslo-philharmonic-orchestra","13":"uni_artist_tag-william-walton","14":"uni_main_artist_tag-camilla-wicks","15":"uni_artist_genre-concerto","16":"uni_artist_genre-strings","18":"first","19":"instock","20":"taxable","21":"shipping-taxable","22":"purchasable","23":"product-type-simple"},"_links":{"self":[{"href":"https:\/\/grappa.no\/no\/wp-json\/wp\/v2\/product\/30825","targetHints":{"allow":["GET"]}}],"collection":[{"href":"https:\/\/grappa.no\/no\/wp-json\/wp\/v2\/product"}],"about":[{"href":"https:\/\/grappa.no\/no\/wp-json\/wp\/v2\/types\/product"}],"replies":[{"embeddable":true,"href":"https:\/\/grappa.no\/no\/wp-json\/wp\/v2\/comments?post=30825"}],"wp:featuredmedia":[{"embeddable":true,"href":"https:\/\/grappa.no\/no\/wp-json\/wp\/v2\/media\/30831"}],"wp:attachment":[{"href":"https:\/\/grappa.no\/no\/wp-json\/wp\/v2\/media?parent=30825"}],"wp:term":[{"taxonomy":"product_brand","embeddable":true,"href":"https:\/\/grappa.no\/no\/wp-json\/wp\/v2\/product_brand?post=30825"},{"taxonomy":"product_cat","embeddable":true,"href":"https:\/\/grappa.no\/no\/wp-json\/wp\/v2\/product_cat?post=30825"},{"taxonomy":"product_tag","embeddable":true,"href":"https:\/\/grappa.no\/no\/wp-json\/wp\/v2\/product_tag?post=30825"}],"curies":[{"name":"wp","href":"https:\/\/api.w.org\/{rel}","templated":true}]}}