{"id":30824,"date":"2000-03-27T00:00:00","date_gmt":"2000-03-26T23:00:00","guid":{"rendered":"http:\/\/www.grappa.no\/no\/albums\/ukategorisert\/sonata-mongoliana\/"},"modified":"2019-02-22T15:46:33","modified_gmt":"2019-02-22T14:46:33","slug":"sonata-mongoliana","status":"publish","type":"product","link":"https:\/\/grappa.no\/no\/albums\/simax-classics\/sonata-mongoliana\/","title":{"rendered":"Sonata mongoliana"},"content":{"rendered":"<p><\/p>\n<p>Virtuos gitarmusikk<\/p>\n<p>Denne gangen utforsker Stein-Erik Olsen spennet i utrykk mellom Rak og Bellinati, beveger seg i tid fra Scarlatti til Koshkin, i rom mellom Russland og Brasil. Orginalkomposisjoner for gitar alt sammen, s\u00e5 n\u00e6r som 3 \u00abadopsjoner\u00bb av Domenico Scarlattis ensatsige sonater, viser noe av det tilfang som finnes for gitar utover det tradisjonelle \u00abspanske\u00bb repertoaret.<br \/>\n\u00a0<br \/>\nFelles for de n\u00e5levende komponistene som er representert p\u00e5 denne platen er at de alle sammen selv er store virtuoser p\u00e5 gitar. S\u00e6rlig Koshkin og Rak har til en viss grad revolusjonert gitarteknikken. Som man h\u00f8rer i denne musikken har det ogs\u00e5 lykkes dem \u00e5 nyttegj\u00f8re seg teknikkene for \u00e5 synliggj\u00f8re en bakenforliggende musikalsk id\u00e9.<br \/>\nStein-Erik Olsens karriere har ekspandert til \u00e5 favne hele Europa, Storbritannia og Korea, med invitasjoner til festivaler som ut\u00f8ver og l\u00e6rer, engasjementer for radio og TV produksjoner. Innspillingene hans, b\u00e5de som solist og med Gro Sandvik (fl\u00f8yte) og Roar Engelberg (panfl\u00f8yte), har blitt mottatt med stor entusiasme av publikum og kritikere hjemme s\u00e5vel som ute. Gramophone Magazine skriver om hans forrige soloutgivelse:<br \/>\n\u00a0<br \/>\n\u00abThe record is distinguished by absolutely splendid guitar-playing and eminent composers.\u00bb<\/p>\n<p><!--more--><\/p>\n<p>Med jevne mellomrom gir gitaristen Stein-Erik Olsen til beste musikk fra sitt rike repertoar for Simax Classics\u00b4 publikum. Denne gangen utforsker han \u00a0spennet i utrykk mellom Rak og Bellinati, beveger seg i tid fra Scarlatti til Koshkin, i rom mellom Russland og Brasil. Orginalkomposisjoner for gitar alt sammen, s\u00e5 n\u00e6r som 3 \u00abadopsjoner\u00bb av Domenico Scarlattis ensatsige sonater, viser noe av det tilfang som finnes for gitar utover det tradisjonelle \u00abspanske\u00bb repertoaret.<\/p>\n<h4>\u00abThe record is distinguished by absolutely splendid guitar-playing and eminent composers.\u00bb [Gramophone Magazine]<\/h4>\n<p>Stein-Erik Olsens etablerte internasjonale format idag, 14 \u00e5r etter sin str\u00e5lende London-debut i 1986, manifesteres n\u00e5r han f\u00e5r gj\u00f8re f\u00f8rsteinnspillinger av for eksempel Stephan Raks musikk, som har dedisert verket Three Russian Waltzes \u00a0til Olsen. Koshkin er ogs\u00e5 i ferd med \u00e5 skrive en gitarkonsert for Stein-Erik Olsen, som vil bli urfremf\u00f8rt i Bergen i september 2000. Stein-Erik Olsens karriere har ekspandert til \u00e5 favne hele Europa, Storbritannia og Korea, med invitasjoner til festivaler som ut\u00f8ver og l\u00e6rer, engasjementer for radio og TV produksjoner. Innspillingene hans, b\u00e5de som solist og med Gro Sandvik (fl\u00f8yte) og Roar Engelberg (panfl\u00f8yte), har blitt mottatt med stor entusiasme av publikum og kritikere hjemme s\u00e5vel som ute.<\/p>\n<h4><\/h4>\n<p><h4><\/h4>\n<\/p>\n<p><\/p>","protected":false},"excerpt":{"rendered":"<p>Felles for de n\u00e5levende komponistene som er representert p\u00e5 denne platen er at de alle sammen selv er store virtuoser p\u00e5 gitar.<\/p>\n","protected":false},"featured_media":30830,"comment_status":"closed","ping_status":"open","template":"","meta":[],"product_brand":[],"product_cat":[180],"product_tag":[],"class_list":{"0":"post-30824","1":"product","2":"type-product","3":"status-publish","4":"has-post-thumbnail","6":"product_cat-simax-classics","7":"product_shipping_class-cddvd-shipping","8":"uni_artist_tag-arne-akselberg","9":"uni_artist_tag-carlo-domeniconi","10":"uni_artist_tag-domenico-scarlatti","11":"uni_artist_tag-nikita-koshkin","12":"uni_artist_tag-paulo-bellinati","13":"uni_artist_tag-stein-erik-olsen","14":"uni_artist_tag-stephan-rak","15":"uni_main_artist_tag-stein-erik-olsen","16":"uni_artist_genre-contemporary-music","17":"uni_artist_genre-solo","19":"first","20":"instock","21":"taxable","22":"shipping-taxable","23":"purchasable","24":"product-type-simple"},"_links":{"self":[{"href":"https:\/\/grappa.no\/no\/wp-json\/wp\/v2\/product\/30824","targetHints":{"allow":["GET"]}}],"collection":[{"href":"https:\/\/grappa.no\/no\/wp-json\/wp\/v2\/product"}],"about":[{"href":"https:\/\/grappa.no\/no\/wp-json\/wp\/v2\/types\/product"}],"replies":[{"embeddable":true,"href":"https:\/\/grappa.no\/no\/wp-json\/wp\/v2\/comments?post=30824"}],"wp:featuredmedia":[{"embeddable":true,"href":"https:\/\/grappa.no\/no\/wp-json\/wp\/v2\/media\/30830"}],"wp:attachment":[{"href":"https:\/\/grappa.no\/no\/wp-json\/wp\/v2\/media?parent=30824"}],"wp:term":[{"taxonomy":"product_brand","embeddable":true,"href":"https:\/\/grappa.no\/no\/wp-json\/wp\/v2\/product_brand?post=30824"},{"taxonomy":"product_cat","embeddable":true,"href":"https:\/\/grappa.no\/no\/wp-json\/wp\/v2\/product_cat?post=30824"},{"taxonomy":"product_tag","embeddable":true,"href":"https:\/\/grappa.no\/no\/wp-json\/wp\/v2\/product_tag?post=30824"}],"curies":[{"name":"wp","href":"https:\/\/api.w.org\/{rel}","templated":true}]}}