{"id":30819,"date":"2002-09-19T00:00:00","date_gmt":"2002-09-18T23:00:00","guid":{"rendered":"http:\/\/www.grappa.no\/no\/albums\/ukategorisert\/beethoven-kaipainen-beethoven-vol-1\/"},"modified":"2019-02-22T15:43:47","modified_gmt":"2019-02-22T14:43:47","slug":"beethoven-kaipainen-beethoven-vol-1","status":"publish","type":"product","link":"https:\/\/grappa.no\/no\/albums\/simax-classics\/beethoven-kaipainen-beethoven-vol-1\/","title":{"rendered":"Beethoven + Kaipainen (Beethoven+, vol.1)"},"content":{"rendered":"<p><\/p>\n<p>Beethoven+<\/p>\n<p>Beethoven var en komponist som kontinuerlig utforsket nytt musikalsk territorium. Grieg Trios Beethoven+ prosjekt er en serie med konserter og innspillinger som vil vise kontraster og sammenhenger mellom Beethovens uendelige uttrykksfulle verden og de individuelle stemmene til noen av de betydelige komponistene fra v\u00e5r egen tid. \u00c5 kombinere samtidsmusikk med Beethovens mesterverker for klavertrio p\u00e5 CD m\u00e5 kunne kalles utfordrende, og lytteren vil i h\u00f8yeste grad f\u00e5 sine grunnholdninger og perspektiver utfordret. Beethoven+ vil gi lytteren ekstraordin\u00e6re og givende programmer b\u00e5de p\u00e5 konsert og p\u00e5 CD. Kritikerroste Grieg Trio, som n\u00e5 har spilt sammen i 15 \u00e5r, starter sitt store Beethoven+ prosjekt med utgivelsen av denne CD-en, og vi v\u00e5ger p\u00e5standen at verden aldri har h\u00f8rt dette fantastiske ensemblet spille bedre enn de gj\u00f8r p\u00e5 denne utgivelsen.<\/p>\n<p><!--more--><\/p>\n<h4><\/h4>\n<\/p>\n<h4><\/h4>\n<p><h4><\/h4>\n<\/p>\n<p><\/p>","protected":false},"excerpt":{"rendered":"<p>\u2013 Grieg Trio befester posisjonen som et av de aller fineste norske kammermusikkensemblene. [Astrid Kvalbein \/ VG]<\/p>\n","protected":false},"featured_media":30823,"comment_status":"closed","ping_status":"open","template":"","meta":[],"product_brand":[],"product_cat":[180],"product_tag":[],"class_list":{"0":"post-30819","1":"product","2":"type-product","3":"status-publish","4":"has-post-thumbnail","6":"product_cat-simax-classics","7":"product_shipping_class-cddvd-shipping","8":"uni_artist_tag-grieg-trio","9":"uni_artist_tag-juoni-kaipainen","10":"uni_artist_tag-krzysztof-drab","11":"uni_artist_tag-ludwig-van-beethoven","12":"uni_main_artist_tag-grieg-trio","13":"uni_artist_genre-chamber","14":"uni_artist_genre-contemporary-music","15":"uni_artist_genre-strings","17":"first","18":"instock","19":"taxable","20":"shipping-taxable","21":"purchasable","22":"product-type-simple"},"_links":{"self":[{"href":"https:\/\/grappa.no\/no\/wp-json\/wp\/v2\/product\/30819","targetHints":{"allow":["GET"]}}],"collection":[{"href":"https:\/\/grappa.no\/no\/wp-json\/wp\/v2\/product"}],"about":[{"href":"https:\/\/grappa.no\/no\/wp-json\/wp\/v2\/types\/product"}],"replies":[{"embeddable":true,"href":"https:\/\/grappa.no\/no\/wp-json\/wp\/v2\/comments?post=30819"}],"wp:featuredmedia":[{"embeddable":true,"href":"https:\/\/grappa.no\/no\/wp-json\/wp\/v2\/media\/30823"}],"wp:attachment":[{"href":"https:\/\/grappa.no\/no\/wp-json\/wp\/v2\/media?parent=30819"}],"wp:term":[{"taxonomy":"product_brand","embeddable":true,"href":"https:\/\/grappa.no\/no\/wp-json\/wp\/v2\/product_brand?post=30819"},{"taxonomy":"product_cat","embeddable":true,"href":"https:\/\/grappa.no\/no\/wp-json\/wp\/v2\/product_cat?post=30819"},{"taxonomy":"product_tag","embeddable":true,"href":"https:\/\/grappa.no\/no\/wp-json\/wp\/v2\/product_tag?post=30819"}],"curies":[{"name":"wp","href":"https:\/\/api.w.org\/{rel}","templated":true}]}}