{"id":30818,"date":"1998-08-27T00:00:00","date_gmt":"1998-08-26T23:00:00","guid":{"rendered":"http:\/\/www.grappa.no\/no\/albums\/ukategorisert\/j-s-bach-art-of-fugue\/"},"modified":"2019-02-22T15:42:44","modified_gmt":"2019-02-22T14:42:44","slug":"j-s-bach-art-of-fugue","status":"publish","type":"product","link":"https:\/\/grappa.no\/no\/albums\/simax-classics\/j-s-bach-art-of-fugue\/","title":{"rendered":"J.S.Bach: Art of Fugue"},"content":{"rendered":"<p><\/p>\n<p>Phantasm og Die Kunst der Fuge<\/p>\n<p>Phantasm, dannet i 1994, er en prisvinnende gruppe dedikert til musikk for Gambe. De ga i 1996 ut deres debutalbum p\u00e5 Simax Classics (PSC1124) med Henry Purcells \u201dFantasias\u201d og \u201dIn Nomines\u201d, som ble tildelt en Gramophone-pris for den beste barokke instrumentalinnspillingen i 1997. Et andre album \u2013 \u201dStill Music of the Spheres: Consorts by Byrd and Mico\u201d (PSC1134) \u2013 ble k\u00e5ret til m\u00e5nedens album (jan 1998) i Rondo Magazine. P\u00e5 dette albumet tar Phantasm for seg Bachs \u201dDie Kunst der Fuge\u201d og Mozarts \u201dFuger arrangert for kvartett\u201d og \u201dFuge in g-moll\u201d, men isteden for \u00e5 returnere til fortiden, befinner den fantasifulle kvartetten seg i n\u00e5tiden og vekker en verden av lyd rik p\u00e5 uttrykk og lyrikk. <\/p>\n<p>I \u201dArt of Fugue\u201d, et encyklopedisk arbeid dedikert til den falmende verdenen av skolert kontrapunkt, tok Bach et beskjedent tema og, i en progressive series med distinkte fuger og kanoner, utforsket hvordan de gamle innretningene kunne utnyttes for \u00e5 fremvise alle kontrapunktuelle muligheter. Selv om Bach skrev \u201dArt of Fugue\u201d slik at den for det meste var spillbar av en person ved tangentene, er ikke verket n\u00f8dvendigvis et verk for tangenter. Phantasms innspilling realiserer tolv Contrapunti fra \u201dArt of Fugue\u201d som omfavner de tre typer fuger som finnes i samlingen til oppsiktsvekkende resultat. Kun noen f\u00e5 ti\u00e5r senere, i et ganske annet kulturelt milj\u00f8, oppdaget Mozart Bachs verker og utviklet raskt en dyp forst\u00e5else av fugeanalyse og -komposisjon, noe hans strykekvartettarrangementer av Bachs fuger fra \u201dDas Wohltemperierte Klavier\u201d er et tydelig eksempel p\u00e5. Mozarts sl\u00e5ende \u201dFuge i g-moll\u201d er et mer obskurt verk, lenge oversett blant de overlevende dokumentene fra komponistens levetid. Likevel utviser fugen en s\u00e6rlig sterk kompositorisk h\u00e5nd med overlegen forst\u00e5else av fugeteknikker og harmoniske dispsosisjoner.<\/p>\n<p><!--more--><\/p>\n<h4><\/h4>\n<\/p>\n<h4><\/h4>\n<p><h4><\/h4>\n<\/p>\n<p><\/p>","protected":false},"excerpt":{"rendered":"<p>Isteden for \u00e5 returnere til fortiden, befinner den fantasifulle kvartetten Phantasm seg i n\u00e5tiden og vekker en verden av lyd rik p\u00e5 uttrykk og lyrikk i verker av Bach og Mozart.<\/p>\n","protected":false},"featured_media":30822,"comment_status":"closed","ping_status":"open","template":"","meta":[],"product_brand":[],"product_cat":[180],"product_tag":[],"class_list":{"0":"post-30818","1":"product","2":"type-product","3":"status-publish","4":"has-post-thumbnail","6":"product_cat-simax-classics","7":"product_shipping_class-cddvd-shipping","8":"uni_artist_tag-johann-sebastian-bach","9":"uni_artist_tag-jonathan-freeman-attwod","10":"uni_artist_tag-laurence-dreyfus","11":"uni_artist_tag-phantasm","12":"uni_artist_tag-wolfgang-amadeus-mozart","13":"uni_main_artist_tag-phantasm","14":"uni_artist_genre-early-music","15":"uni_artist_genre-hi-fi","17":"first","18":"instock","19":"taxable","20":"shipping-taxable","21":"purchasable","22":"product-type-simple"},"_links":{"self":[{"href":"https:\/\/grappa.no\/no\/wp-json\/wp\/v2\/product\/30818","targetHints":{"allow":["GET"]}}],"collection":[{"href":"https:\/\/grappa.no\/no\/wp-json\/wp\/v2\/product"}],"about":[{"href":"https:\/\/grappa.no\/no\/wp-json\/wp\/v2\/types\/product"}],"replies":[{"embeddable":true,"href":"https:\/\/grappa.no\/no\/wp-json\/wp\/v2\/comments?post=30818"}],"wp:featuredmedia":[{"embeddable":true,"href":"https:\/\/grappa.no\/no\/wp-json\/wp\/v2\/media\/30822"}],"wp:attachment":[{"href":"https:\/\/grappa.no\/no\/wp-json\/wp\/v2\/media?parent=30818"}],"wp:term":[{"taxonomy":"product_brand","embeddable":true,"href":"https:\/\/grappa.no\/no\/wp-json\/wp\/v2\/product_brand?post=30818"},{"taxonomy":"product_cat","embeddable":true,"href":"https:\/\/grappa.no\/no\/wp-json\/wp\/v2\/product_cat?post=30818"},{"taxonomy":"product_tag","embeddable":true,"href":"https:\/\/grappa.no\/no\/wp-json\/wp\/v2\/product_tag?post=30818"}],"curies":[{"name":"wp","href":"https:\/\/api.w.org\/{rel}","templated":true}]}}