{"id":30817,"date":"1997-01-08T00:00:00","date_gmt":"1997-01-07T23:00:00","guid":{"rendered":"http:\/\/www.grappa.no\/no\/albums\/ukategorisert\/geirr-tveitt-50-folk-tunes-from-hardanger\/"},"modified":"2019-02-22T15:42:35","modified_gmt":"2019-02-22T14:42:35","slug":"geirr-tveitt-50-folk-tunes-from-hardanger","status":"publish","type":"product","link":"https:\/\/grappa.no\/no\/albums\/simax-classics\/geirr-tveitt-50-folk-tunes-from-hardanger\/","title":{"rendered":"Geirr Tveitt: 50 Folk Tunes from Hardanger"},"content":{"rendered":"<p><\/p>\n<p>Originale og bearbeidede folketoner<\/p>\n<p>I den omfattende og allsidige produksjonen til Geirr Tveitt, st\u00e5r hans behandling av folketoner fra Hardanger i en s\u00e6rstilling. Han var opptatt av disse hele livet, og med disse arrangementene vant han et nytt stort publikum som aldri var fortrolige med hans stort anlagte balletter og korverk inspirert av norr\u00f8n mytologi. Hans \u201dFemti folketonar frao Hardanger\u201d er satt sammen med stor sans for variasjon i emne og karakterisering. Scenen skifter i samsvar med livets gang fra vugge til grav i et vell av natur- og folkelivsbilder. H\u00f8r for eksempel den lette rytmen i \u201dFriarf\u00f8ter\u201d, med sitt knivskarpe bilde av den forventningsfulle unge gutten som ivrig hopper av g\u00e5rde til m\u00f8te med sin utk\u00e5rede jente, \u201dLangeleikl\u00e5t\u201d sin imitasjon av den spede klangen i folkemusikkinstrumentet, de tunge klokkeslagene fra et gammel gudshus i \u201dStavkyrkjestev\u201d, eller den effektfulle avslutningen p\u00e5 \u201dHaring\u00f8l\u201d, der pianisten ramler ned p\u00e5 klaviaturet til slutt. Samlet st\u00e5r \u201dFemti folketonar frao Hardanger\u201d som et makel\u00f8st rikt verk. <\/p>\n<p>Fremf\u00f8rt av den erfarne folkesangeren Reidun Horvei, en fornyer og brobygger innenfor formidlingen av norsk folkemusikk, og Geir Botnen, som tidligere har gjort en rekke suksessfulle innspillinger av b\u00e5de Grieg og Tveitts verker, gir denne innspillingen et helt unikt innblikk i Tveitts fantastiske verk. Reidun Horvei har nemlig sporet opp 40 komplette folketoner av de 50 som Geirr Tveitt bearbeidet for klaver, og fremf\u00f8rer de her side om side med Botnens tolkninger av Tveitts mesterlige behandling av folketonene.<\/p>\n<p><!--more--><\/p>\n<h4><\/h4>\n<\/p>\n<h4><\/h4>\n<p><h4><\/h4>\n<\/p>\n<p><\/p>","protected":false},"excerpt":{"rendered":"<p>Geirr Tveits behandling av Hardangers folketoner fremf\u00f8res sammen med originalene av Reidun Horvei og Geir Botnen.<\/p>\n","protected":false},"featured_media":30821,"comment_status":"closed","ping_status":"open","template":"","meta":[],"product_brand":[],"product_cat":[180],"product_tag":[],"class_list":{"0":"post-30817","1":"product","2":"type-product","3":"status-publish","4":"has-post-thumbnail","6":"product_cat-simax-classics","7":"product_shipping_class-cddvd-shipping","8":"uni_artist_tag-arne-akselberg","9":"uni_artist_tag-erik-gard-amundsen","10":"uni_artist_tag-geir-botnen","11":"uni_artist_tag-geirr-tveitt","12":"uni_artist_tag-reidun-horvei","13":"uni_artist_tag-trad","14":"uni_main_artist_tag-geir-botnen","15":"uni_artist_genre-a-cappella","16":"uni_artist_genre-folk-music","17":"uni_artist_genre-piano","18":"uni_artist_genre-solo","20":"first","21":"instock","22":"taxable","23":"shipping-taxable","24":"purchasable","25":"product-type-simple"},"_links":{"self":[{"href":"https:\/\/grappa.no\/no\/wp-json\/wp\/v2\/product\/30817","targetHints":{"allow":["GET"]}}],"collection":[{"href":"https:\/\/grappa.no\/no\/wp-json\/wp\/v2\/product"}],"about":[{"href":"https:\/\/grappa.no\/no\/wp-json\/wp\/v2\/types\/product"}],"replies":[{"embeddable":true,"href":"https:\/\/grappa.no\/no\/wp-json\/wp\/v2\/comments?post=30817"}],"wp:featuredmedia":[{"embeddable":true,"href":"https:\/\/grappa.no\/no\/wp-json\/wp\/v2\/media\/30821"}],"wp:attachment":[{"href":"https:\/\/grappa.no\/no\/wp-json\/wp\/v2\/media?parent=30817"}],"wp:term":[{"taxonomy":"product_brand","embeddable":true,"href":"https:\/\/grappa.no\/no\/wp-json\/wp\/v2\/product_brand?post=30817"},{"taxonomy":"product_cat","embeddable":true,"href":"https:\/\/grappa.no\/no\/wp-json\/wp\/v2\/product_cat?post=30817"},{"taxonomy":"product_tag","embeddable":true,"href":"https:\/\/grappa.no\/no\/wp-json\/wp\/v2\/product_tag?post=30817"}],"curies":[{"name":"wp","href":"https:\/\/api.w.org\/{rel}","templated":true}]}}