{"id":30816,"date":"1998-05-14T00:00:00","date_gmt":"1998-05-13T23:00:00","guid":{"rendered":"http:\/\/www.grappa.no\/no\/albums\/ukategorisert\/thoresen-from-the-sweet-scented-streams-of-eternity\/"},"modified":"2020-03-04T16:34:06","modified_gmt":"2020-03-04T15:34:06","slug":"from-the-sweet-scented-streams-of-eternity","status":"publish","type":"product","link":"https:\/\/grappa.no\/no\/albums\/simax-classics\/from-the-sweet-scented-streams-of-eternity\/","title":{"rendered":"From the Sweet-Scented Streams of Eternity"},"content":{"rendered":"<p><\/p>\n<p>Et m\u00f8te mellom vestlig musikk og \u00f8stlig mystikk.<\/p>\n<p>Denne innspillingen er en realisering av en dr\u00f8m komponist Lasse Thoresen har hatt i over 20 \u00e5r, et album med vokalmusikk og tekster basert p\u00e5 Bah\u00e1\u00b4i-religionens hellige skrifter. Bah\u00e1\u00b4i-religionen oppstod i forrige \u00e5rhundre i Midt\u00f8sten, og er en uavhengig verdensreligion med vekt p\u00e5 enhet p\u00e5 tvers av alle raser og religioner. Lasse Thoresen har her plukket ut musikalske elementer fra den europeiske og norske tradisjon av sakral vokalmusikk som egner seg til \u00e5 uttrykke \u00e5nden og innholdet i tekstene som er valgt. Som i alle andre religioner, er det i Bah\u00e1\u00b4i-religionen en kjerne av mystikk: Menneske\u00e5nden skal foredles og forvandles inntil den gjenspeiler guddommelige egenskaper. B\u00f8nn og meditasjon er viktige hjelpemidler i denne prosessen, og musikk er i stand til \u00e5 forsterke den. H\u00e5pet for Lasse Thoresen er at denne kombinasjonen av hellig tekst og musikk skal gi lytteren et glimt inn i det evige og usynlige rike som er gjemt i menneskehjertet. Det er Det Norske Solistkor, under dirigent Grete Pedersen Helger\u00f8d, og sopran Anne-Lise Berntsen som her fremf\u00f8rer Thoresens dypt mystiske, \u00e5ndelige og religi\u00f8se verker.<\/p>\n<p><!--more--><\/p>\n<h4><\/h4>\n<\/p>\n<h4><\/h4>\n<p><h4><\/h4>\n<\/p>\n<p><\/p>","protected":false},"excerpt":{"rendered":"<p>Denne innspillingen er en realisering av en dr\u00f8m komponist Lasse Thoresen har hatt i over 20 \u00e5r, et album med vokalmusikk og tekster basert p\u00e5 Bah\u00e1\u00b4i-religionens hellige skrifter.<\/p>\n","protected":false},"featured_media":30820,"comment_status":"closed","ping_status":"open","template":"","meta":[],"product_brand":[],"product_cat":[180],"product_tag":[],"class_list":{"0":"post-30816","1":"product","2":"type-product","3":"status-publish","4":"has-post-thumbnail","6":"product_cat-simax-classics","7":"product_shipping_class-cddvd-shipping","8":"uni_artist_tag-anne-lise-berntsen","9":"uni_artist_tag-grete-pedersen","10":"uni_artist_tag-jorn-pedersen","11":"uni_artist_tag-lasse-thoresen","12":"uni_artist_tag-norwegian-soloists-choir","13":"uni_main_artist_tag-norwegian-soloists-choir","14":"uni_artist_genre-a-cappella","15":"uni_artist_genre-choir","16":"uni_artist_genre-new-age","17":"uni_artist_genre-religious","18":"uni_artist_genre-world-music","20":"first","21":"outofstock","22":"taxable","23":"shipping-taxable","24":"product-type-simple"},"_links":{"self":[{"href":"https:\/\/grappa.no\/no\/wp-json\/wp\/v2\/product\/30816","targetHints":{"allow":["GET"]}}],"collection":[{"href":"https:\/\/grappa.no\/no\/wp-json\/wp\/v2\/product"}],"about":[{"href":"https:\/\/grappa.no\/no\/wp-json\/wp\/v2\/types\/product"}],"replies":[{"embeddable":true,"href":"https:\/\/grappa.no\/no\/wp-json\/wp\/v2\/comments?post=30816"}],"wp:featuredmedia":[{"embeddable":true,"href":"https:\/\/grappa.no\/no\/wp-json\/wp\/v2\/media\/30820"}],"wp:attachment":[{"href":"https:\/\/grappa.no\/no\/wp-json\/wp\/v2\/media?parent=30816"}],"wp:term":[{"taxonomy":"product_brand","embeddable":true,"href":"https:\/\/grappa.no\/no\/wp-json\/wp\/v2\/product_brand?post=30816"},{"taxonomy":"product_cat","embeddable":true,"href":"https:\/\/grappa.no\/no\/wp-json\/wp\/v2\/product_cat?post=30816"},{"taxonomy":"product_tag","embeddable":true,"href":"https:\/\/grappa.no\/no\/wp-json\/wp\/v2\/product_tag?post=30816"}],"curies":[{"name":"wp","href":"https:\/\/api.w.org\/{rel}","templated":true}]}}