{"id":30807,"date":"2006-05-29T00:00:00","date_gmt":"2006-05-28T23:00:00","guid":{"rendered":"http:\/\/www.grappa.no\/no\/albums\/ukategorisert\/bergen-international-festival-2006\/"},"modified":"2016-11-18T16:34:43","modified_gmt":"2016-11-18T15:34:43","slug":"bergen-international-festival-2006","status":"publish","type":"product","link":"https:\/\/grappa.no\/no\/albums\/simax-classics\/bergen-international-festival-2006\/","title":{"rendered":"Bergen International Festival 2006"},"content":{"rendered":"<p><\/p>\n<p>Klingende minner<\/p>\n<p>For aller f\u00f8rste gang er Festspillene i Bergen p\u00e5 banen med en eksklusiv CD laget spesielt for \u00e5ret 2006. Blant h\u00f8ydepunktene kan vi nevne at Gidon Kremer og Leif Ove Andsnes spiller Mozart, og at Grieg f\u00e5r seg en strekk av Per Arne Glorvigen og Tango for tre. Festspillkomponist Magnus Lindbergs Feria fra \u00e5pningskonserten er med, og festspillmusiker Per Arne Glorvigen viser at Grieg ogs\u00e5 klinger praktfullt p\u00e5 bandoneon. <\/p>\n<p>I Mozart-\u00e5ret ble Wolfgang selvf\u00f8lgelig representert, ogs\u00e5 med en kapasitet som mesterfiolinist Gidon Kremer, som fremf\u00f8rte alle jubilantens fiolinkonserter under festivalen. V\u00e5r egen Leif Ove Andsnes er ogs\u00e5 p\u00e5 pletten med Mozart, og Arve Tellefsen inviterer inn i Ole Bulls eventyrverden. Nils \u00d8kland, Julian Rachlin, Tango for tre og Jukka-Pekka Saraste bidrar ogs\u00e5 p\u00e5 utgivelsen som er en spennende aperitiff til \u2013 og et klingende minne fra \u2013 Festspillene i Bergen 2006.<\/p>\n<p><!--more--><\/p>\n<h4><\/h4>\n<\/p>\n<h4><\/h4>\n<p><h4><\/h4>\n<\/p>\n<p><\/p>","protected":false},"excerpt":{"rendered":"<p>Et klingende minne fra Festspillene i Bergen 2006.<\/p>\n","protected":false},"featured_media":30814,"comment_status":"closed","ping_status":"open","template":"","meta":[],"product_brand":[],"product_cat":[180],"product_tag":[],"class_list":{"0":"post-30807","1":"product","2":"type-product","3":"status-publish","4":"has-post-thumbnail","6":"product_cat-simax-classics","7":"product_shipping_class-cddvd-shipping","8":"uni_artist_tag-arve-tellefsen","9":"uni_artist_tag-edvard-grieg","10":"uni_artist_tag-eivind-aadland","11":"uni_artist_tag-gidon-kremer","12":"uni_artist_tag-jean-sibelius","13":"uni_artist_tag-jukka-pekka-saraste","14":"uni_artist_tag-leif-ove-andsnes","15":"uni_artist_tag-magnus-lindberg","16":"uni_artist_tag-nils-okland","17":"uni_artist_tag-norwegian-chamber-orchestra","18":"uni_artist_tag-ole-bull","19":"uni_artist_tag-per-arne-glorvigen","20":"uni_artist_tag-sigbjorn-apeland","21":"uni_artist_tag-trad","22":"uni_artist_tag-trondheim-symphony-orchestra","23":"uni_artist_tag-wolfgang-amadeus-mozart","25":"first","26":"instock","27":"taxable","28":"shipping-taxable","29":"purchasable","30":"product-type-simple"},"_links":{"self":[{"href":"https:\/\/grappa.no\/no\/wp-json\/wp\/v2\/product\/30807","targetHints":{"allow":["GET"]}}],"collection":[{"href":"https:\/\/grappa.no\/no\/wp-json\/wp\/v2\/product"}],"about":[{"href":"https:\/\/grappa.no\/no\/wp-json\/wp\/v2\/types\/product"}],"replies":[{"embeddable":true,"href":"https:\/\/grappa.no\/no\/wp-json\/wp\/v2\/comments?post=30807"}],"wp:featuredmedia":[{"embeddable":true,"href":"https:\/\/grappa.no\/no\/wp-json\/wp\/v2\/media\/30814"}],"wp:attachment":[{"href":"https:\/\/grappa.no\/no\/wp-json\/wp\/v2\/media?parent=30807"}],"wp:term":[{"taxonomy":"product_brand","embeddable":true,"href":"https:\/\/grappa.no\/no\/wp-json\/wp\/v2\/product_brand?post=30807"},{"taxonomy":"product_cat","embeddable":true,"href":"https:\/\/grappa.no\/no\/wp-json\/wp\/v2\/product_cat?post=30807"},{"taxonomy":"product_tag","embeddable":true,"href":"https:\/\/grappa.no\/no\/wp-json\/wp\/v2\/product_tag?post=30807"}],"curies":[{"name":"wp","href":"https:\/\/api.w.org\/{rel}","templated":true}]}}