{"id":30806,"date":"1997-02-20T00:00:00","date_gmt":"1997-02-19T23:00:00","guid":{"rendered":"http:\/\/www.grappa.no\/no\/albums\/ukategorisert\/nystedt-organ-music\/"},"modified":"2019-02-22T15:42:18","modified_gmt":"2019-02-22T14:42:18","slug":"nystedt-organ-music","status":"publish","type":"product","link":"https:\/\/grappa.no\/no\/albums\/simax-classics\/nystedt-organ-music\/","title":{"rendered":"Nystedt Organ Music"},"content":{"rendered":"<p><\/p>\n<p>Knut Nystedts orgelverker<\/p>\n<p>Knut Nystedt kan se tilbake p\u00e5 et langt liv som ut\u00f8vende og skapende musiker. I mer enn 60 \u00e5r har hans navn figurert p\u00e5 norske konsertplakater. Kordirigenten Nystedt skapte i 1950-\u00e5rene en revolusjon innen norsk korsang. Hans n\u00e6rmere 150 opus inkluderer de fleste musikalske genrer: alt fra enkle sanger og salmer til klaververker, musikk for forskjellige kammermusikkbesetninger, symfoniske verker, korverker og oratorier, samt orgelverker, som vi f\u00e5r h\u00f8re p\u00e5 dette albumet.<\/p>\n<p>Innspilt p\u00e5 orgelet i V\u00e5lerenga kirke, Oslo, har organist Gunnar Petersen-\u00d8verleir tatt for seg en rekke av Nystedts orgelverker, fra den romantiske \u201dIntroduzione e Passacaglia per Organo\u201d og den barokke og neoklassiske \u201dToccata\u201d til kaskadene av clusterklanger i \u201dFantasia Trionfale\u201d, de fargesprakende akkordene i \u201dResurrexit\u201d, de monumentale klangblokkene i \u201dLa Verbe \u00c9ternel\u201d og selve perlen i Nystedts orgelproduksjon: \u201dPiet\u00e0\u201d. Petersen-\u00d8verleir gir oss med disse, og en rekke andre, et dypt inntrykk av spennvidden i Nystedts kompositoriske utvikling samtidig som den betoner hans helt unike musikalske uttrykk.<\/p>\n<p><!--more--><\/p>\n<h4><\/h4>\n<\/p>\n<h4><\/h4>\n<p><h4><\/h4>\n<\/p>\n<p><\/p>","protected":false},"excerpt":{"rendered":"<p>Gunnar Petersen-\u00d8verleir gir oss et innblikk i den musikalske gullgruven som er Knut Nystedts orgelverker.<\/p>\n","protected":false},"featured_media":30813,"comment_status":"closed","ping_status":"open","template":"","meta":[],"product_brand":[],"product_cat":[180],"product_tag":[],"class_list":{"0":"post-30806","1":"product","2":"type-product","3":"status-publish","4":"has-post-thumbnail","6":"product_cat-simax-classics","7":"product_shipping_class-cddvd-shipping","8":"uni_artist_tag-arne-akselberg","9":"uni_artist_tag-gunnar-petersen-overleir","10":"uni_artist_tag-knut-nystedt","11":"uni_artist_tag-mona-julsrud","12":"uni_main_artist_tag-gunnar-petersen-overleir","13":"uni_artist_genre-organ","14":"uni_artist_genre-religious","16":"first","17":"instock","18":"taxable","19":"shipping-taxable","20":"purchasable","21":"product-type-simple"},"_links":{"self":[{"href":"https:\/\/grappa.no\/no\/wp-json\/wp\/v2\/product\/30806","targetHints":{"allow":["GET"]}}],"collection":[{"href":"https:\/\/grappa.no\/no\/wp-json\/wp\/v2\/product"}],"about":[{"href":"https:\/\/grappa.no\/no\/wp-json\/wp\/v2\/types\/product"}],"replies":[{"embeddable":true,"href":"https:\/\/grappa.no\/no\/wp-json\/wp\/v2\/comments?post=30806"}],"wp:featuredmedia":[{"embeddable":true,"href":"https:\/\/grappa.no\/no\/wp-json\/wp\/v2\/media\/30813"}],"wp:attachment":[{"href":"https:\/\/grappa.no\/no\/wp-json\/wp\/v2\/media?parent=30806"}],"wp:term":[{"taxonomy":"product_brand","embeddable":true,"href":"https:\/\/grappa.no\/no\/wp-json\/wp\/v2\/product_brand?post=30806"},{"taxonomy":"product_cat","embeddable":true,"href":"https:\/\/grappa.no\/no\/wp-json\/wp\/v2\/product_cat?post=30806"},{"taxonomy":"product_tag","embeddable":true,"href":"https:\/\/grappa.no\/no\/wp-json\/wp\/v2\/product_tag?post=30806"}],"curies":[{"name":"wp","href":"https:\/\/api.w.org\/{rel}","templated":true}]}}