{"id":30805,"date":"1997-05-01T00:00:00","date_gmt":"1997-04-30T23:00:00","guid":{"rendered":"http:\/\/www.grappa.no\/no\/albums\/ukategorisert\/french-music-for-viola\/"},"modified":"2019-02-22T15:42:15","modified_gmt":"2019-02-22T14:42:15","slug":"french-music-for-viola","status":"publish","type":"product","link":"https:\/\/grappa.no\/no\/albums\/simax-classics\/french-music-for-viola\/","title":{"rendered":"French Music for Viola"},"content":{"rendered":"<p><\/p>\n<p>Tomter og Gimse i fransk repertoar<\/p>\n<p>Lars Anders Tomter og H\u00e5vard Gimse utgj\u00f8r en fin duo p\u00e5 dette albumet som best\u00e5r av verk av de to n\u00e6r samtidige komponistene C\u00e9sar Franck og Henry Vieuxtemps. Lars Anders Tomter er en av v\u00e5r tids mest eksepsjonelle bratsjister og H\u00e5vard Gimse har etablert seg som en av Norges ledende musikere med et ekspansivt repertoar. Sammen fremf\u00f8rer de sonater \u2013 og i Vieuxtemps tilfelle ogs\u00e5 en capriccio og en elegi \u2013 av to komponister som satte Belgia p\u00e5 det musikalske kartet for godt. <\/p>\n<p>Duoens versjoner av Francks \u201dSonate for fiolin og piano i A-dur\u201d, i Tomters egne arrangement, er intet mindre enn ekstraordin\u00e6rt vakkert, mens de sofistikerte figurasjonene i Vieuxtemps \u201dSonate i B-dur\u201d er s\u00e6rlig godt behandlet av de to eksepsjonelle instrumentalistene. Ikke mindre fantastiske er Tomters solistiske ferdigheter i sistnevnte komponists \u201dCapriccio i C-dur\u201d og \u201dEl\u00e8gie\u201d.<\/p>\n<p><!--more--><\/p>\n<h4><\/h4>\n<\/p>\n<h4><\/h4>\n<p><h4><\/h4>\n<\/p>\n<p><\/p>","protected":false},"excerpt":{"rendered":"<p>\u2013&amp;quot;Recommended with entusiasm.&amp;quot; [Harriet Smith \/ Gramophone]<\/p>\n","protected":false},"featured_media":30812,"comment_status":"closed","ping_status":"open","template":"","meta":[],"product_brand":[],"product_cat":[180],"product_tag":[],"class_list":{"0":"post-30805","1":"product","2":"type-product","3":"status-publish","4":"has-post-thumbnail","6":"product_cat-simax-classics","7":"product_shipping_class-cddvd-shipping","8":"uni_artist_tag-cesar-franck","9":"uni_artist_tag-havard-gimse","10":"uni_artist_tag-henry-vieuxtemps","11":"uni_artist_tag-lars-anders-tomter","12":"uni_artist_tag-tony-harrison","13":"uni_main_artist_tag-lars-anders-tomter","14":"uni_artist_genre-chamber-music","15":"uni_artist_genre-strings","17":"first","18":"instock","19":"taxable","20":"shipping-taxable","21":"purchasable","22":"product-type-simple"},"_links":{"self":[{"href":"https:\/\/grappa.no\/no\/wp-json\/wp\/v2\/product\/30805","targetHints":{"allow":["GET"]}}],"collection":[{"href":"https:\/\/grappa.no\/no\/wp-json\/wp\/v2\/product"}],"about":[{"href":"https:\/\/grappa.no\/no\/wp-json\/wp\/v2\/types\/product"}],"replies":[{"embeddable":true,"href":"https:\/\/grappa.no\/no\/wp-json\/wp\/v2\/comments?post=30805"}],"wp:featuredmedia":[{"embeddable":true,"href":"https:\/\/grappa.no\/no\/wp-json\/wp\/v2\/media\/30812"}],"wp:attachment":[{"href":"https:\/\/grappa.no\/no\/wp-json\/wp\/v2\/media?parent=30805"}],"wp:term":[{"taxonomy":"product_brand","embeddable":true,"href":"https:\/\/grappa.no\/no\/wp-json\/wp\/v2\/product_brand?post=30805"},{"taxonomy":"product_cat","embeddable":true,"href":"https:\/\/grappa.no\/no\/wp-json\/wp\/v2\/product_cat?post=30805"},{"taxonomy":"product_tag","embeddable":true,"href":"https:\/\/grappa.no\/no\/wp-json\/wp\/v2\/product_tag?post=30805"}],"curies":[{"name":"wp","href":"https:\/\/api.w.org\/{rel}","templated":true}]}}