{"id":30804,"date":"1995-12-01T00:00:00","date_gmt":"1995-11-30T23:00:00","guid":{"rendered":"http:\/\/www.grappa.no\/no\/albums\/ukategorisert\/mozart-piano-sonatas-vol-3\/"},"modified":"2024-09-09T13:21:21","modified_gmt":"2024-09-09T12:21:21","slug":"mozart-piano-sonatas-vol-3","status":"publish","type":"product","link":"https:\/\/grappa.no\/no\/albums\/simax-classics\/mozart-piano-sonatas-vol-3\/","title":{"rendered":"Mozart: Piano Sonatas vol. 3"},"content":{"rendered":"<p><\/p>\n<p>Mozarts reisesonater<\/p>\n<p>I 1777 til 1778 reiser Mozart, i f\u00f8lge med sin mor, fra Mannheim til Paris, i h\u00e5p om \u00e5 sikre seg engasjement ved et hoff. Det skal vise seg \u00e5 bli en skjebnesvanger reise som starter lykkelig i h\u00e5pets og forelskelsens sf\u00e6re, men ender tragisk i sorgens og fortvilelsens verden med morens d\u00f8d. Mozarts reise kan f\u00f8lges gjennom de verk han skrev underveis: fra andresatsen i den syvende sonaten (K 309), et portrett av konsertmester Cannabichs datter Rosa som var hans elev under Mannheim-oppholdet, eller speilbildet av hans sinnstilstand ved morens uventede d\u00f8d i den voldsomt dramatiske og m\u00f8rke \u00e5ttende sonatens (K 310) f\u00f8rstesats.<\/p>\n<p>Liv Glaser fortsetter p\u00e5 dette albumet sitt dypdykk ned i Mozarts musikalske verden, etter en rekke suksessfulle innspillinger av komponistens musikk. Mozarts klaverstil er sterkt knyttet til hans eget instrument, hammerklaveret, og mye av selve karakteren i hans musikk reduseres eller forandres under prosessen med \u00e5 \u201doversette\u201d til moderne klaver. Derfor kaster Liv Glaser seg ut i det og offentliggj\u00f8r p\u00e5 dette albumet hennes kj\u00e6rlighet for hammerklaveret i nevnte verker, samt Mozarts niende og tiende sonater (K 311, K 330).<\/p>\n<p><!--more--><\/p>\n<h4><\/h4>\n<h4><\/h4>\n<h4><\/h4>\n<p><\/p>","protected":false},"excerpt":{"rendered":"<p>Liv Glaser offentliggj\u00f8r sin kj\u00e6rlighet for hammerklaveret i sine fantastiske innspillinger av Mozarts &#8220;reisesonater&#8221;.<\/p>\n","protected":false},"featured_media":30811,"comment_status":"closed","ping_status":"closed","template":"","meta":[],"product_brand":[],"product_cat":[180],"product_tag":[],"class_list":{"0":"post-30804","1":"product","2":"type-product","3":"status-publish","4":"has-post-thumbnail","6":"product_cat-simax-classics","7":"product_shipping_class-cddvd-shipping","8":"uni_artist_tag-arne-akselberg","9":"uni_artist_tag-liv-glaser","10":"uni_artist_tag-wolfgang-amadeus-mozart","11":"uni_main_artist_tag-liv-glaser","12":"uni_artist_genre-early-music","14":"first","15":"outofstock","16":"taxable","17":"shipping-taxable","18":"purchasable","19":"product-type-simple"},"_links":{"self":[{"href":"https:\/\/grappa.no\/no\/wp-json\/wp\/v2\/product\/30804","targetHints":{"allow":["GET"]}}],"collection":[{"href":"https:\/\/grappa.no\/no\/wp-json\/wp\/v2\/product"}],"about":[{"href":"https:\/\/grappa.no\/no\/wp-json\/wp\/v2\/types\/product"}],"replies":[{"embeddable":true,"href":"https:\/\/grappa.no\/no\/wp-json\/wp\/v2\/comments?post=30804"}],"wp:featuredmedia":[{"embeddable":true,"href":"https:\/\/grappa.no\/no\/wp-json\/wp\/v2\/media\/30811"}],"wp:attachment":[{"href":"https:\/\/grappa.no\/no\/wp-json\/wp\/v2\/media?parent=30804"}],"wp:term":[{"taxonomy":"product_brand","embeddable":true,"href":"https:\/\/grappa.no\/no\/wp-json\/wp\/v2\/product_brand?post=30804"},{"taxonomy":"product_cat","embeddable":true,"href":"https:\/\/grappa.no\/no\/wp-json\/wp\/v2\/product_cat?post=30804"},{"taxonomy":"product_tag","embeddable":true,"href":"https:\/\/grappa.no\/no\/wp-json\/wp\/v2\/product_tag?post=30804"}],"curies":[{"name":"wp","href":"https:\/\/api.w.org\/{rel}","templated":true}]}}