{"id":30803,"date":"1996-05-01T00:00:00","date_gmt":"1996-04-30T23:00:00","guid":{"rendered":"http:\/\/www.grappa.no\/no\/albums\/ukategorisert\/henry-purcell-complete-fantasies-for-viols\/"},"modified":"2019-02-22T15:42:09","modified_gmt":"2019-02-22T14:42:09","slug":"henry-purcell-complete-fantasies-for-viols","status":"publish","type":"product","link":"https:\/\/grappa.no\/no\/albums\/simax-classics\/henry-purcell-complete-fantasies-for-viols\/","title":{"rendered":"Henry Purcell: Complete Fantasies for Viols"},"content":{"rendered":"<p><\/p>\n<p>Purcells ungdommelige fantasier<\/p>\n<p>I Henry Purcells ungdommelige \u201dFantasier\u201d, som for det meste ble komponert i 1680, skriver komponisten det som skulle bli det siste og mest brilliante kapittelet i den britiske gambe-historien. Med sin uforutsigbare harmonikk \u2013 som evner b\u00e5de \u00e5 sjokkere og samtidig virke helt uunng\u00e5elig \u2013 viser disse fantastiske verkene den 21 \u00e5r gamle Purcell skrivende i et kontemplativt idiom som mange vil tenke er mer passende for en eldre mann som vender seg mot de mest ekstreme former for imitativ og invertibel kontrapunkt som en h\u00f8yst spekulativ og eksperimentell form for musikalsk utforskning. <\/p>\n<p>Kvartetten Phantasm, en kvartett dedikert til musikk for gambe fra 1500- til 1700-tallet, fremf\u00f8rer de komplette fantasiene for gambe av Purcell p\u00e5 dette albumet. Gruppen har tidligere gjort innspillinger av musikk av Byrd, Gibbons, Mico, Marais og Couperin for BBC Radio 3 og har opptr\u00e5dt p\u00e5 festivaler i London, Stour, Amsterdam, Oslo og Sk\u00e1lholt, Island. Kvaliteten p\u00e5 deres innspillinger av Purcells fantasier er up\u00e5klagelig, og det gjenst\u00e5r for oss \u00e5 forestille oss hvordan relativt beskjedne kontrapunktverker for gambe komponert av en ung mann fra London tidlig p\u00e5 1680-tallet evner \u00e5 skalere til slike h\u00f8yder, et sp\u00f8rsm\u00e5l som utvilsomt kommer til \u00e5 bli st\u00e5ende i verdsetting av disse praktfulle verkene.<\/p>\n<p><!--more--><\/p>\n<h4><\/h4>\n<\/p>\n<h4><\/h4>\n<p><h4><\/h4>\n<\/p>\n<p><\/p>","protected":false},"excerpt":{"rendered":"<p>Henry Purcells &quot;Fantasier&quot; er det mest brilliante kapittelet i den britiske gambe-historien.<\/p>\n","protected":false},"featured_media":30810,"comment_status":"closed","ping_status":"open","template":"","meta":[],"product_brand":[],"product_cat":[180],"product_tag":[],"class_list":{"0":"post-30803","1":"product","2":"type-product","3":"status-publish","4":"has-post-thumbnail","6":"product_cat-simax-classics","7":"product_shipping_class-cddvd-shipping","8":"uni_artist_tag-catherine-finnis","9":"uni_artist_tag-henry-purcell","10":"uni_artist_tag-joanna-levine","11":"uni_artist_tag-jonathan-freeman-attwod","12":"uni_artist_tag-phantasm","13":"uni_artist_tag-susanna-pell","14":"uni_main_artist_tag-phantasm","15":"uni_artist_genre-chamber-music","16":"uni_artist_genre-early-music","18":"first","19":"instock","20":"taxable","21":"shipping-taxable","22":"purchasable","23":"product-type-simple"},"_links":{"self":[{"href":"https:\/\/grappa.no\/no\/wp-json\/wp\/v2\/product\/30803","targetHints":{"allow":["GET"]}}],"collection":[{"href":"https:\/\/grappa.no\/no\/wp-json\/wp\/v2\/product"}],"about":[{"href":"https:\/\/grappa.no\/no\/wp-json\/wp\/v2\/types\/product"}],"replies":[{"embeddable":true,"href":"https:\/\/grappa.no\/no\/wp-json\/wp\/v2\/comments?post=30803"}],"wp:featuredmedia":[{"embeddable":true,"href":"https:\/\/grappa.no\/no\/wp-json\/wp\/v2\/media\/30810"}],"wp:attachment":[{"href":"https:\/\/grappa.no\/no\/wp-json\/wp\/v2\/media?parent=30803"}],"wp:term":[{"taxonomy":"product_brand","embeddable":true,"href":"https:\/\/grappa.no\/no\/wp-json\/wp\/v2\/product_brand?post=30803"},{"taxonomy":"product_cat","embeddable":true,"href":"https:\/\/grappa.no\/no\/wp-json\/wp\/v2\/product_cat?post=30803"},{"taxonomy":"product_tag","embeddable":true,"href":"https:\/\/grappa.no\/no\/wp-json\/wp\/v2\/product_tag?post=30803"}],"curies":[{"name":"wp","href":"https:\/\/api.w.org\/{rel}","templated":true}]}}