{"id":30802,"date":"1997-02-27T00:00:00","date_gmt":"1997-02-26T23:00:00","guid":{"rendered":"http:\/\/www.grappa.no\/no\/albums\/ukategorisert\/saxophone-quartets\/"},"modified":"2019-02-22T15:42:05","modified_gmt":"2019-02-22T14:42:05","slug":"saxophone-quartets","status":"publish","type":"product","link":"https:\/\/grappa.no\/no\/albums\/simax-classics\/saxophone-quartets\/","title":{"rendered":"Saxophone Quartets"},"content":{"rendered":"<p><\/p>\n<p>Samklang, enighet og harmoni<\/p>\n<p>Kvartetten Saxofon Concentus har h\u00f8stet rosende omtaler fra kritikere og musikere, nasjonalt og internasjonalt, og har f\u00e5tt ry som et meget samspilt ensemble med en uovertruffen homogenitet og musikalsk nerve. Eller som en kritiker skrev: \u201d&#8230;man skulle tro de hadde felles nervesystem.\u201d Kvartetten har hentet sitt navn fra latin, hvor concentus betyr samklang, enighet og harmoni. Disse begrepene har st\u00e5tt som felles m\u00e5l for kvartetten helt siden starten i 1990. Sammen har kvartettens medlemmer Kristin Bj\u00f8rnhei, Lars Lien, Gisle Haus og Espen Aslaksen hatt konserter i flere land og har ved flere anledninger v\u00e6rt engasjert av Rikskonsertene og NRK TV. <\/p>\n<p>P\u00e5 dette albumet fremf\u00f8rer Saxofon Concentus tre kvartetter fra saksofonhistoriens repertoar: fra den tidlige kvartetten av Jean Baptiste Singel\u00e9e, skrevet allerede noen f\u00e5 \u00e5r etter Adolphe Sax tok ut patent p\u00e5 den f\u00f8rste saksofonen i 1846, og kombinasjonen av det enkle og det komplekse i Florent Schmitts kvartett \u2013 to verker som h\u00f8rer til de mest etablerte i saksofontradisjonen, til Ida Gotkovskys rolige og lyriske kvartett.<\/p>\n<p><!--more--><\/p>\n<h4><\/h4>\n<\/p>\n<h4><\/h4>\n<p><h4><\/h4>\n<\/p>\n<p><\/p>","protected":false},"excerpt":{"rendered":"<p>Kvartetten Saxofon Concentus har h\u00f8stet rosende omtaler fra kritikere og musikere, nasjonalt og internasjonalt, og har f\u00e5tt ry som et meget samspilt ensemble med en uovertruffen homogenitet og musikalsk nerve.<\/p>\n","protected":false},"featured_media":30809,"comment_status":"closed","ping_status":"open","template":"","meta":[],"product_brand":[],"product_cat":[180],"product_tag":[],"class_list":{"0":"post-30802","1":"product","2":"type-product","3":"status-publish","4":"has-post-thumbnail","6":"product_cat-simax-classics","7":"product_shipping_class-cddvd-shipping","8":"uni_artist_tag-florent-schmitt","9":"uni_artist_tag-ida-gotkovsky","10":"uni_artist_tag-jean-baptiste-singelee","11":"uni_artist_tag-jorn-pedersen","12":"uni_artist_tag-saxofon-concentus","13":"uni_main_artist_tag-saxofon-concentus","14":"uni_artist_genre-winds","16":"first","17":"instock","18":"taxable","19":"shipping-taxable","20":"purchasable","21":"product-type-simple"},"_links":{"self":[{"href":"https:\/\/grappa.no\/no\/wp-json\/wp\/v2\/product\/30802","targetHints":{"allow":["GET"]}}],"collection":[{"href":"https:\/\/grappa.no\/no\/wp-json\/wp\/v2\/product"}],"about":[{"href":"https:\/\/grappa.no\/no\/wp-json\/wp\/v2\/types\/product"}],"replies":[{"embeddable":true,"href":"https:\/\/grappa.no\/no\/wp-json\/wp\/v2\/comments?post=30802"}],"wp:featuredmedia":[{"embeddable":true,"href":"https:\/\/grappa.no\/no\/wp-json\/wp\/v2\/media\/30809"}],"wp:attachment":[{"href":"https:\/\/grappa.no\/no\/wp-json\/wp\/v2\/media?parent=30802"}],"wp:term":[{"taxonomy":"product_brand","embeddable":true,"href":"https:\/\/grappa.no\/no\/wp-json\/wp\/v2\/product_brand?post=30802"},{"taxonomy":"product_cat","embeddable":true,"href":"https:\/\/grappa.no\/no\/wp-json\/wp\/v2\/product_cat?post=30802"},{"taxonomy":"product_tag","embeddable":true,"href":"https:\/\/grappa.no\/no\/wp-json\/wp\/v2\/product_tag?post=30802"}],"curies":[{"name":"wp","href":"https:\/\/api.w.org\/{rel}","templated":true}]}}