{"id":30801,"date":"1997-05-01T00:00:00","date_gmt":"1997-04-30T23:00:00","guid":{"rendered":"http:\/\/www.grappa.no\/no\/albums\/ukategorisert\/recorder-sonatas-by-veracini-and-barsanti\/"},"modified":"2019-02-22T15:42:02","modified_gmt":"2019-02-22T14:42:02","slug":"recorder-sonatas-by-veracini-and-barsanti","status":"publish","type":"product","link":"https:\/\/grappa.no\/no\/albums\/simax-classics\/recorder-sonatas-by-veracini-and-barsanti\/","title":{"rendered":"Recorder Sonatas\u00a0by Veracini and Barsanti"},"content":{"rendered":"<p><\/p>\n<p>Corelli-tradisjonen<\/p>\n<p>Arcangelo Corelli utgav sitt ber\u00f8mte opus V for fiolin og basso continuo i \u00e5r 1700 (Roma), best\u00e5ende av seks store kirkesonater, fem mindre kammersonater og variasjoner over \u201dLa Follia\u201d. I likhet med Corellis \u00f8vrige verk var hver enkelt sonate en finslipt juvel, velbalansert og attraktiv. Sonatene av Veracini og Barsanti m\u00e5 forst\u00e5s i konteksten av dette foreg\u00e5ende verket. <\/p>\n<p>I Francesco Maria Veracinis sonater finner man en komponist som ser ut til \u00e5 ha en viss glede av \u00e5 bryte med det klassiske Corelli-m\u00f8nster. Typisk for mange av sonatesatsene er den energi som skapes ved at et strengt begrenset materiale driver fremover i lange dynamiske strekk. I likhet med Veracini skisserer han som oftest bare et enkelt melodisk forl\u00f8p i de langsomme satsene som krever en omfattende ornamentering av ut\u00f8veren. Sammenlignet med mange andre samtidige sonatesamlinger, beregnet p\u00e5 det stadig \u00f8kende antall amat\u00f8rer i det h\u00f8yere borgerskap, komponert av musikere med middelm\u00e5dig smak og d\u00e5rlig teoretisk skolering, er Barsantis sonater av oppsiktsvekkende h\u00f8y kvalitet. <\/p>\n<p>Bergen Barokk best\u00e5r p\u00e5 denne utgivelsen av Frode Thorsen (blokkfl\u00f8yte), Hans Knut Sveen (cembalo og orgel), Markku Luolajan-Mikkola (cello) og Eero Palviainen (lutt).<\/p>\n<p><!--more--><\/p>\n<h4><\/h4>\n<\/p>\n<h4><\/h4>\n<p><h4><\/h4>\n<\/p>\n<p><\/p>","protected":false},"excerpt":{"rendered":"<p>Fantastisk barokkmusikk fra Bergen Barokk og deres tolkninger av Francesco Maria Veracini og Francesco Barsanti.<\/p>\n","protected":false},"featured_media":30808,"comment_status":"closed","ping_status":"open","template":"","meta":[],"product_brand":[],"product_cat":[180],"product_tag":[],"class_list":{"0":"post-30801","1":"product","2":"type-product","3":"status-publish","4":"has-post-thumbnail","6":"product_cat-simax-classics","7":"product_shipping_class-cddvd-shipping","8":"uni_artist_tag-bergen-barokk","9":"uni_artist_tag-francesco-barsanti","10":"uni_artist_tag-francesco-maria-veracini","11":"uni_artist_tag-jorn-pedersen","12":"uni_main_artist_tag-bergen-barokk","13":"uni_artist_genre-chamber-music","14":"uni_artist_genre-early-music","16":"first","17":"instock","18":"taxable","19":"shipping-taxable","20":"purchasable","21":"product-type-simple"},"_links":{"self":[{"href":"https:\/\/grappa.no\/no\/wp-json\/wp\/v2\/product\/30801","targetHints":{"allow":["GET"]}}],"collection":[{"href":"https:\/\/grappa.no\/no\/wp-json\/wp\/v2\/product"}],"about":[{"href":"https:\/\/grappa.no\/no\/wp-json\/wp\/v2\/types\/product"}],"replies":[{"embeddable":true,"href":"https:\/\/grappa.no\/no\/wp-json\/wp\/v2\/comments?post=30801"}],"wp:featuredmedia":[{"embeddable":true,"href":"https:\/\/grappa.no\/no\/wp-json\/wp\/v2\/media\/30808"}],"wp:attachment":[{"href":"https:\/\/grappa.no\/no\/wp-json\/wp\/v2\/media?parent=30801"}],"wp:term":[{"taxonomy":"product_brand","embeddable":true,"href":"https:\/\/grappa.no\/no\/wp-json\/wp\/v2\/product_brand?post=30801"},{"taxonomy":"product_cat","embeddable":true,"href":"https:\/\/grappa.no\/no\/wp-json\/wp\/v2\/product_cat?post=30801"},{"taxonomy":"product_tag","embeddable":true,"href":"https:\/\/grappa.no\/no\/wp-json\/wp\/v2\/product_tag?post=30801"}],"curies":[{"name":"wp","href":"https:\/\/api.w.org\/{rel}","templated":true}]}}