{"id":30798,"date":"1995-12-01T00:00:00","date_gmt":"1995-11-30T23:00:00","guid":{"rendered":"http:\/\/www.grappa.no\/no\/albums\/ukategorisert\/tveitt-piano-music\/"},"modified":"2019-02-22T15:40:03","modified_gmt":"2019-02-22T14:40:03","slug":"tveitt-piano-music","status":"publish","type":"product","link":"https:\/\/grappa.no\/no\/albums\/simax-classics\/tveitt-piano-music\/","title":{"rendered":"Tveitt Piano Music"},"content":{"rendered":"<p><\/p>\n<p>Geir Botnen og Geirr Tveitt<\/p>\n<p>Geir Botnen fremf\u00f8rer tre fantastiske verker av Geirr Tveitt p\u00e5 dette albumet. Med folkemusikken i blodet og oppvokst i Norheimsund \u2013 Geirr Tveitts hjemby \u2013 v\u00e5knet interessen tidlig for Tveitts musikk. I ung alder spilte pianisten inn alle Tveitts \u201dFemti folketoner frao Hardanger\u201d p\u00e5 en dobbel-LP, og Tveitts musikk har han flittig oppf\u00f8rt i Norden og p\u00e5 en rekke turneer i USA og det fjerne \u00f8st. For Simax har han spilt inn Griegs \u201dFolkeviser, op. 66\u201d og \u201dSl\u00e5tter, op. 72\u201d i utvalg, sammen med Reidun Horvei og Knut Hamre, og en CD med moderne fl\u00f8ytemusikk i samarbeid med Ingela \u00d8ien. <\/p>\n<p>Tveitts \u201dFyristudiar\u201d, to-, tre- og firstemmige invensjoner der Thomas-kantorens strenge stil ligger i bunnen, men sammenvevd med norsk tonef\u00f8lelse p\u00e5 en egenartet og befriende m\u00e5te, er et nordisk motstykke til Bach. De har et norsk tonefall med utgangspunkt i de gamle skalatypene Tveitt fant i hjemlig sl\u00e5ttemusikk. Tveitts sonater st\u00e5r i en s\u00e6rstiling i komponistens samlede produksjon. Likevel ble f\u00e5 av sonatene hans noen gang fremf\u00f8rt offentlig og bare en er bevart, \u201dSonata etere nr. 29, op. 129\u201d, som Botnen fremf\u00f8rer her. Sonaten er veldig in sin dimensjon, dypt original, innholdsrik og intens \u2013 av beste Tveitt-merke. Som avslutning p\u00e5 albumet har vi verket \u201dDanse du Dieu Soleil, op. 91 nr. 15\u201d, et verk fra balletten \u201dBaldurs draumar\u201d. Balletten handler om solguden i det norr\u00f8ne universet, med en handling inspirert av Edda og Snorres \u201dGylfaginning\u201d. Solgudens dans er alts\u00e5 sluttnummeret og den eneste bevarte, fullt utviklede satsen i Tveitts stort anlagte ungdomsverk.<\/p>\n<p><!--more--><\/p>\n<h4><\/h4>\n<\/p>\n<h4><\/h4>\n<p><h4><\/h4>\n<\/p>\n<p><\/p>","protected":false},"excerpt":{"rendered":"<p>Med folkemusikken i blodet og oppvokst i Norheimsund \u2013 Geirr Tveitts hjemby \u2013 fremf\u00f8rer pianisten Geir Botnen tre av den unge Tveitts verker p\u00e5 dette albumet.<\/p>\n","protected":false},"featured_media":30800,"comment_status":"closed","ping_status":"open","template":"","meta":[],"product_brand":[],"product_cat":[180],"product_tag":[],"class_list":{"0":"post-30798","1":"product","2":"type-product","3":"status-publish","4":"has-post-thumbnail","6":"product_cat-simax-classics","7":"product_shipping_class-cddvd-shipping","8":"uni_artist_tag-arne-akselberg","9":"uni_artist_tag-geir-botnen","10":"uni_artist_tag-geirr-tveitt","11":"uni_main_artist_tag-geir-botnen","12":"uni_artist_genre-piano","14":"first","15":"instock","16":"taxable","17":"shipping-taxable","18":"purchasable","19":"product-type-simple"},"_links":{"self":[{"href":"https:\/\/grappa.no\/no\/wp-json\/wp\/v2\/product\/30798","targetHints":{"allow":["GET"]}}],"collection":[{"href":"https:\/\/grappa.no\/no\/wp-json\/wp\/v2\/product"}],"about":[{"href":"https:\/\/grappa.no\/no\/wp-json\/wp\/v2\/types\/product"}],"replies":[{"embeddable":true,"href":"https:\/\/grappa.no\/no\/wp-json\/wp\/v2\/comments?post=30798"}],"wp:featuredmedia":[{"embeddable":true,"href":"https:\/\/grappa.no\/no\/wp-json\/wp\/v2\/media\/30800"}],"wp:attachment":[{"href":"https:\/\/grappa.no\/no\/wp-json\/wp\/v2\/media?parent=30798"}],"wp:term":[{"taxonomy":"product_brand","embeddable":true,"href":"https:\/\/grappa.no\/no\/wp-json\/wp\/v2\/product_brand?post=30798"},{"taxonomy":"product_cat","embeddable":true,"href":"https:\/\/grappa.no\/no\/wp-json\/wp\/v2\/product_cat?post=30798"},{"taxonomy":"product_tag","embeddable":true,"href":"https:\/\/grappa.no\/no\/wp-json\/wp\/v2\/product_tag?post=30798"}],"curies":[{"name":"wp","href":"https:\/\/api.w.org\/{rel}","templated":true}]}}