{"id":30797,"date":"1995-05-01T00:00:00","date_gmt":"1995-04-30T23:00:00","guid":{"rendered":"http:\/\/www.grappa.no\/no\/albums\/ukategorisert\/delius-grainger-grieg-songs\/"},"modified":"2019-02-22T15:40:00","modified_gmt":"2019-02-22T14:40:00","slug":"delius-grainger-grieg-songs","status":"publish","type":"product","link":"https:\/\/grappa.no\/no\/albums\/simax-classics\/delius-grainger-grieg-songs\/","title":{"rendered":"Delius, Grainger &amp; Grieg Songs"},"content":{"rendered":"<p><\/p>\n<p>En utrettelig s\u00f8ken etter kulturelle r\u00f8tter<\/p>\n<p>Alle tre komponistene p\u00e5 dette albumet var urolige sjeler p\u00e5 vandring og s\u00f8ken etter en lykke de kanskje ikke kunne definere. Edvard Grieg \u2013 mer norsk enn noen annen og samtidig en vandrer, p\u00e5 stadig reisefot rundt om i Europa \u2013 han lengtet alltid et annet sted. Frederick Delius \u2013 engelsk med tyske forfedre, bosatt i Frankrike og tiltrukket av Amerika og Skandinavia \u2013 hvor h\u00f8rte han hjemme? Percy Grainger \u2013 var han australsk, engelsk, skandinavisk eller amerikansk \u2013 eller kanskje alt p\u00e5 en gang? Men det som fremfor alt binder de tre sammen er deres tiltrekning til og inspirasjon fra folkemusikken. For Grieg var folkemusikken et symbol p\u00e5 selve livet. Delius og Grainger var Griegs \u00e5ndelige arvinger \u2013 deres liv var en utrettelig s\u00f8ken etter kulturelle r\u00f8tter. <\/p>\n<p>Fremf\u00f8rt av mezzosopran Marit Osnes Amb\u00f8, en erfaren solist med en rekke st\u00f8rre norske orkestre, og den prisvinnende pianisten Graham Johnson, som har akkompagnert storheter som Elly Amelig, Victoria de los Angeles, Birgitte Fassbaender, Jessie Norman og Peter Schreier, inneholder dette albumet over \u00e9n time med fantastiske sanger av Grieg, Delius og Grainger: Fra Griegs \u201d4 Lieder, Op. 2\u201d og \u201d6 Lieder, Op. 4\u201d, med sine svermerier for den tyske romantikken, via Delius\u00b4 14 sanger til norsk tekst, til fem sanger av Grainger med sin bruk av utradisjonelle harmonier, clusterklanger og glissandi.<\/p>\n<p><!--more--><\/p>\n<h4><\/h4>\n<\/p>\n<h4><\/h4>\n<p><h4><\/h4>\n<\/p>\n<p><\/p>","protected":false},"excerpt":{"rendered":"<p>En utrettelig s\u00f8ken etter kulturelle r\u00f8tter i Griegs, Delius\u00b4 og Graingers verker, fremf\u00f8rt av Marit Osnes Aamb\u00f8 og Graham Johnson.<\/p>\n","protected":false},"featured_media":30799,"comment_status":"closed","ping_status":"open","template":"","meta":[],"product_brand":[],"product_cat":[180],"product_tag":[],"class_list":{"0":"post-30797","1":"product","2":"type-product","3":"status-publish","4":"has-post-thumbnail","6":"product_cat-simax-classics","7":"product_shipping_class-cddvd-shipping","8":"uni_artist_tag-edvard-grieg","9":"uni_artist_tag-frederick-delius","10":"uni_artist_tag-graham-johnson","11":"uni_artist_tag-marit-osnes-aambo","12":"uni_artist_tag-martin-compton","13":"uni_artist_tag-percy-grainger","14":"uni_main_artist_tag-marit-osnes-aambo","15":"uni_artist_genre-lieder","17":"first","18":"instock","19":"taxable","20":"shipping-taxable","21":"purchasable","22":"product-type-simple"},"_links":{"self":[{"href":"https:\/\/grappa.no\/no\/wp-json\/wp\/v2\/product\/30797","targetHints":{"allow":["GET"]}}],"collection":[{"href":"https:\/\/grappa.no\/no\/wp-json\/wp\/v2\/product"}],"about":[{"href":"https:\/\/grappa.no\/no\/wp-json\/wp\/v2\/types\/product"}],"replies":[{"embeddable":true,"href":"https:\/\/grappa.no\/no\/wp-json\/wp\/v2\/comments?post=30797"}],"wp:featuredmedia":[{"embeddable":true,"href":"https:\/\/grappa.no\/no\/wp-json\/wp\/v2\/media\/30799"}],"wp:attachment":[{"href":"https:\/\/grappa.no\/no\/wp-json\/wp\/v2\/media?parent=30797"}],"wp:term":[{"taxonomy":"product_brand","embeddable":true,"href":"https:\/\/grappa.no\/no\/wp-json\/wp\/v2\/product_brand?post=30797"},{"taxonomy":"product_cat","embeddable":true,"href":"https:\/\/grappa.no\/no\/wp-json\/wp\/v2\/product_cat?post=30797"},{"taxonomy":"product_tag","embeddable":true,"href":"https:\/\/grappa.no\/no\/wp-json\/wp\/v2\/product_tag?post=30797"}],"curies":[{"name":"wp","href":"https:\/\/api.w.org\/{rel}","templated":true}]}}