{"id":30794,"date":"1994-09-30T00:00:00","date_gmt":"1994-09-29T23:00:00","guid":{"rendered":"http:\/\/www.grappa.no\/no\/albums\/ukategorisert\/guitar-music-of-antoine-de-lhoyer-vol-1\/"},"modified":"2019-02-22T15:39:56","modified_gmt":"2019-02-22T14:39:56","slug":"guitar-music-of-antoine-de-lhoyer-vol-1","status":"publish","type":"product","link":"https:\/\/grappa.no\/no\/albums\/simax-classics\/guitar-music-of-antoine-de-lhoyer-vol-1\/","title":{"rendered":"Guitar music of Antoine de L&#8217;Hoyer, vol 1"},"content":{"rendered":"<p><\/p>\n<p>Frem fra glemselen<\/p>\n<p>Antoine de Lhoyer og hans musikk er et av de beste eksemplene p\u00e5 hvordan musikalsk viktige personer har forsvunnet inn i glemselen; s\u00e6rlig merkelig er det med tanke p\u00e5 at han fortjener \u00e5 anses som en av de viktigste komponistene for gitar fra 1800-tallet. Hans musikk har knapt blitt spilt i v\u00e5r tid og oppslagsverkene inneholder p\u00e5 det meste kun noen f\u00e5 linjer om han \u2013 kanskje p\u00e5 grunn av de tidvis ekstreme tekniske kravene hans komposisjoner forlanger av ut\u00f8verne. <\/p>\n<p>P\u00e5 dette albumet fremf\u00f8rer duoen Erik Stenstadvold og Martin Haug de Lhoyers musikk for to gitarer, verk som ikke bare krever h\u00f8ye tekniske ferdigheter av ut\u00f8verne, men som ogs\u00e5 viser komponistens fulle artistiske omfang. De beste blant dem burde v\u00e6rt bed\u00f8mt som genuin kammermusikk av h\u00f8yeste kvalitet: de er klare i sin formelle struktur, melodisk og rytmisk innovative, og inneholder en rik harmonisk variasjon. Stenstavold og Haug dannet sin duo i 1989 med m\u00e5l om \u00e5 presentere originalt 1800-talls repertoar for to gitarer. Dette er deres f\u00f8rste innspilling som duo.<\/p>\n<p><!--more--><\/p>\n<h4><\/h4>\n<\/p>\n<h4><\/h4>\n<p><h4><\/h4>\n<\/p>\n<p><\/p>","protected":false},"excerpt":{"rendered":"<p>De beste av Antoine de Lhoyers gitarduetter er genuin kammermusikk av h\u00f8yeste kvalitet.<\/p>\n","protected":false},"featured_media":30796,"comment_status":"closed","ping_status":"open","template":"","meta":[],"product_brand":[],"product_cat":[180],"product_tag":[],"class_list":{"0":"post-30794","1":"product","2":"type-product","3":"status-publish","4":"has-post-thumbnail","6":"product_cat-simax-classics","7":"product_shipping_class-cddvd-shipping","8":"uni_artist_tag-antoine-de-lhoyer","9":"uni_artist_tag-brenda-blewett","10":"uni_artist_tag-erik-stenstadvold","11":"uni_artist_tag-martin-haug","12":"uni_main_artist_tag-erik-stenstadvold","13":"uni_artist_genre-chamber-music","14":"uni_artist_genre-early-music","16":"first","17":"instock","18":"taxable","19":"shipping-taxable","20":"purchasable","21":"product-type-simple"},"_links":{"self":[{"href":"https:\/\/grappa.no\/no\/wp-json\/wp\/v2\/product\/30794","targetHints":{"allow":["GET"]}}],"collection":[{"href":"https:\/\/grappa.no\/no\/wp-json\/wp\/v2\/product"}],"about":[{"href":"https:\/\/grappa.no\/no\/wp-json\/wp\/v2\/types\/product"}],"replies":[{"embeddable":true,"href":"https:\/\/grappa.no\/no\/wp-json\/wp\/v2\/comments?post=30794"}],"wp:featuredmedia":[{"embeddable":true,"href":"https:\/\/grappa.no\/no\/wp-json\/wp\/v2\/media\/30796"}],"wp:attachment":[{"href":"https:\/\/grappa.no\/no\/wp-json\/wp\/v2\/media?parent=30794"}],"wp:term":[{"taxonomy":"product_brand","embeddable":true,"href":"https:\/\/grappa.no\/no\/wp-json\/wp\/v2\/product_brand?post=30794"},{"taxonomy":"product_cat","embeddable":true,"href":"https:\/\/grappa.no\/no\/wp-json\/wp\/v2\/product_cat?post=30794"},{"taxonomy":"product_tag","embeddable":true,"href":"https:\/\/grappa.no\/no\/wp-json\/wp\/v2\/product_tag?post=30794"}],"curies":[{"name":"wp","href":"https:\/\/api.w.org\/{rel}","templated":true}]}}