{"id":30793,"date":"1994-11-17T00:00:00","date_gmt":"1994-11-16T23:00:00","guid":{"rendered":"http:\/\/www.grappa.no\/no\/albums\/ukategorisert\/great-20th-century-flute-music\/"},"modified":"2019-02-22T15:39:52","modified_gmt":"2019-02-22T14:39:52","slug":"great-20th-century-flute-music","status":"publish","type":"product","link":"https:\/\/grappa.no\/no\/albums\/simax-classics\/great-20th-century-flute-music\/","title":{"rendered":"Great 20th Century Flute Music"},"content":{"rendered":"<p><\/p>\n<p>Ingela \u00d8iens reise i samtidsmusikk for fl\u00f8yte<\/p>\n<p>Andr\u00e9 Jolivet var sterkt opptatt av uttrykkskvalitetene i musikken. I hans \u201dCinq Incantations\u201d er satsene, med sine lange og billedskapende titler, p\u00e5 samme tid b\u00e5de originale og tidl\u00f8se, preget av en uttrykkssterk virtuositet og rytmisk vitalitet som virkelig maner frem musikalske opplevelser hos lytteren. Oliver Messiaen var sin generasjons mest betydningsfulle komponist. Naturopplevelser betydde sv\u00e6rt mye for Messiaen, og nettopp gjennom transkripsjoner av fuglesangen fikk han fanget denne inn i musikken. I hans \u201dLe Merle Noir\u201d forvandles \u201dfuglemusikken\u201d til virkelige impresjoner av stemninger og landskap, der Messiaens gjenkomponering av fuglesangen blir en personlig fortolkning som gjengir inntrykket av hele det landskapet fuglene holder til i \u2013 av kratt, skog, fjell eller vidder, lys og vann. Henri Dutilleux er en av de komponister som har klart \u00e5 plassere seg utenfor mer spesifikke stilretninger. Hans fl\u00f8ytesonatine trekker likevel p\u00e5 impulser fra Ravel, satt opp mot nyere tendenser til et oppgj\u00f8r mot den sterke p\u00e5virkningen fra Ravels glitrende og flimrende klangmusikk. Bohislav Martinus fl\u00f8ytesonate, skrevet under et USA-opphold, er et eksempel p\u00e5 musikk som en gledens fortolker der han gir rom for b\u00e5de det alvorlige og det lyse og lette. Finn Mortensens musikk har b\u00e5de uttrykkskraft og soliditet til \u00e5 plassere ham blant de fremste i sin generasjon, ogs\u00e5 i et internasjonalt perspektiv, noe ikke minst fl\u00f8ytesonaten dokumenterer p\u00e5 en fremragende m\u00e5te. Verket er h\u00f8ydepunktet i hans neoklassiske periode, f\u00f8r han gjorde oppbrudd inn i nye stilistiske farvann. Verket er en av de store milep\u00e6lene i norsk verkhistorie, en pr\u00f8vesten og et mesterstykke for stadig nye generasjoner av fl\u00f8ytister.<\/p>\n<p><!--more--><\/p>\n<h4><\/h4>\n<\/p>\n<h4><\/h4>\n<p><h4><\/h4>\n<\/p>\n<p><\/p>","protected":false},"excerpt":{"rendered":"<p>Ingela \u00d8iens og Geir Botnens reise i 1900-tallets musikk for fl\u00f8yte og piano.<\/p>\n","protected":false},"featured_media":30795,"comment_status":"closed","ping_status":"open","template":"","meta":[],"product_brand":[],"product_cat":[180],"product_tag":[],"class_list":{"0":"post-30793","1":"product","2":"type-product","3":"status-publish","4":"has-post-thumbnail","6":"product_cat-simax-classics","7":"product_shipping_class-cddvd-shipping","8":"uni_artist_tag-andre-jolivet","9":"uni_artist_tag-bohuslav-martinu","10":"uni_artist_tag-finn-mortensen","11":"uni_artist_tag-geir-botnen","12":"uni_artist_tag-henri-dutilleux","13":"uni_artist_tag-ingela-oien","14":"uni_artist_tag-jorn-pedersen","15":"uni_artist_tag-olivier-messiaen","16":"uni_main_artist_tag-ingela-oien","17":"uni_artist_genre-chamber-music","18":"uni_artist_genre-contemporary-music","19":"uni_artist_genre-winds","21":"first","22":"instock","23":"taxable","24":"shipping-taxable","25":"purchasable","26":"product-type-simple"},"_links":{"self":[{"href":"https:\/\/grappa.no\/no\/wp-json\/wp\/v2\/product\/30793","targetHints":{"allow":["GET"]}}],"collection":[{"href":"https:\/\/grappa.no\/no\/wp-json\/wp\/v2\/product"}],"about":[{"href":"https:\/\/grappa.no\/no\/wp-json\/wp\/v2\/types\/product"}],"replies":[{"embeddable":true,"href":"https:\/\/grappa.no\/no\/wp-json\/wp\/v2\/comments?post=30793"}],"wp:featuredmedia":[{"embeddable":true,"href":"https:\/\/grappa.no\/no\/wp-json\/wp\/v2\/media\/30795"}],"wp:attachment":[{"href":"https:\/\/grappa.no\/no\/wp-json\/wp\/v2\/media?parent=30793"}],"wp:term":[{"taxonomy":"product_brand","embeddable":true,"href":"https:\/\/grappa.no\/no\/wp-json\/wp\/v2\/product_brand?post=30793"},{"taxonomy":"product_cat","embeddable":true,"href":"https:\/\/grappa.no\/no\/wp-json\/wp\/v2\/product_cat?post=30793"},{"taxonomy":"product_tag","embeddable":true,"href":"https:\/\/grappa.no\/no\/wp-json\/wp\/v2\/product_tag?post=30793"}],"curies":[{"name":"wp","href":"https:\/\/api.w.org\/{rel}","templated":true}]}}