{"id":30775,"date":"2008-11-10T00:00:00","date_gmt":"2008-11-09T23:00:00","guid":{"rendered":"http:\/\/www.grappa.no\/no\/albums\/ukategorisert\/bjarte-hjelmeland\/"},"modified":"2016-11-18T16:25:36","modified_gmt":"2016-11-18T15:25:36","slug":"bjarte-hjelmeland","status":"publish","type":"product","link":"https:\/\/grappa.no\/no\/albums\/grappa\/bjarte-hjelmeland\/","title":{"rendered":"Bjarte Hjelmeland"},"content":{"rendered":"<p><\/p>\n<p>P\u00e5 norsk fra Nashville<\/p>\n<p>Bjarte Hjelmeland har et imponerende register som skuespiller, teatersjef og sanger. N\u00e5 starter et nytt kapittel som countryartist. \u201dI mange \u00e5r har jeg samlet l\u00e5ter som har hatt spesiell betydning for meg. Her er sanger av s\u00e5 ulike l\u00e5tskrivere som Bob Dylan, Dolly Parton og Joan Armatraing,\u201d forteller Bjarte. Sangene gj\u00f8r han til sine egne med norske tekster. De fleste sangene har han selv skrevet tekst til, men ogs\u00e5 Edvard Hoem og Kari Iveland har bidratt. <\/p>\n<p>\u201dFor \u00e5 f\u00e5 den riktige klangen i musikken, valgte jeg \u00e5 dra til Nashville. Nashvilles musikkmilj\u00f8 sies \u00e5 v\u00e6re det mest pulserende i USA, og jeg har v\u00e6rt s\u00e5 heldig \u00e5 f\u00e5 med noen av verdens dyktigste studiomusikere,\u201d sier Bjarte. Studiomusikerne har jobbet med storheter som Shania Twain, Sheryl Crow, The Rolling Stones, Dolly Parton og Eagles. Produsent er norsk-amerikaneren Leif Johansen, som bl.a. har produsert Jan Eggum, Silje Nergaard og \u201dHjerteslag\u201d med Rita Eriksen.<\/p>\n<p><!--more--><\/p>\n<h4><\/h4>\n<\/p>\n<h4><\/h4>\n<p><h4><\/h4>\n<\/p>\n<p><\/p>","protected":false},"excerpt":{"rendered":"<p>Bjarte Hjelmeland har reist til Nashville for \u00e5 spille inn sitt countryalbum, med hjelp av noen av verdens beste studiomusikere.<\/p>\n","protected":false},"featured_media":30776,"comment_status":"closed","ping_status":"open","template":"","meta":[],"product_brand":[],"product_cat":[6],"product_tag":[],"class_list":{"0":"post-30775","1":"product","2":"type-product","3":"status-publish","4":"has-post-thumbnail","6":"product_cat-grappa","7":"product_shipping_class-cddvd-shipping","8":"uni_artist_tag-bjarte-hjelmeland","9":"uni_artist_tag-bob-dylan","10":"uni_artist_tag-clint-black","11":"uni_artist_tag-dolly-parton","12":"uni_artist_tag-elisabeth-moberg","13":"uni_artist_tag-frode-ostang-mangen","14":"uni_artist_tag-kari-iveland","15":"uni_artist_tag-leif-johansen","16":"uni_artist_tag-ola-kvernberg","17":"uni_artist_tag-pete-abbott","18":"uni_artist_tag-skip-ewing","19":"uni_artist_tag-vince-gill","20":"uni_main_artist_tag-bjarte-hjelmeland","21":"uni_artist_genre-country","22":"uni_artist_genre-norwegian-lyrics","24":"first","25":"instock","26":"taxable","27":"shipping-taxable","28":"purchasable","29":"product-type-simple"},"_links":{"self":[{"href":"https:\/\/grappa.no\/no\/wp-json\/wp\/v2\/product\/30775","targetHints":{"allow":["GET"]}}],"collection":[{"href":"https:\/\/grappa.no\/no\/wp-json\/wp\/v2\/product"}],"about":[{"href":"https:\/\/grappa.no\/no\/wp-json\/wp\/v2\/types\/product"}],"replies":[{"embeddable":true,"href":"https:\/\/grappa.no\/no\/wp-json\/wp\/v2\/comments?post=30775"}],"wp:featuredmedia":[{"embeddable":true,"href":"https:\/\/grappa.no\/no\/wp-json\/wp\/v2\/media\/30776"}],"wp:attachment":[{"href":"https:\/\/grappa.no\/no\/wp-json\/wp\/v2\/media?parent=30775"}],"wp:term":[{"taxonomy":"product_brand","embeddable":true,"href":"https:\/\/grappa.no\/no\/wp-json\/wp\/v2\/product_brand?post=30775"},{"taxonomy":"product_cat","embeddable":true,"href":"https:\/\/grappa.no\/no\/wp-json\/wp\/v2\/product_cat?post=30775"},{"taxonomy":"product_tag","embeddable":true,"href":"https:\/\/grappa.no\/no\/wp-json\/wp\/v2\/product_tag?post=30775"}],"curies":[{"name":"wp","href":"https:\/\/api.w.org\/{rel}","templated":true}]}}