{"id":30768,"date":"1997-01-20T00:00:00","date_gmt":"1997-01-19T23:00:00","guid":{"rendered":"http:\/\/www.grappa.no\/no\/albums\/ukategorisert\/vi-vil-helst-ikkje-vite-det\/"},"modified":"2016-11-18T16:21:34","modified_gmt":"2016-11-18T15:21:34","slug":"vi-vil-helst-ikkje-vite-det","status":"publish","type":"product","link":"https:\/\/grappa.no\/no\/albums\/grappa\/vi-vil-helst-ikkje-vite-det\/","title":{"rendered":"VI VIL HELST IKKJE VITE DET"},"content":{"rendered":"<p><\/p>\n<p>Snodig og sjarmerende fra Bergen<\/p>\n<p>\u00abVi vil helst ikkje vite det\u00bb er en humoristisk utgivelse av kruttsterk Bergens-kvalitet. Ikke s\u00e5 overraskende med tanke p\u00e5 at tre av Vestlandets mest begavede musikere og l\u00e5tskrivere st\u00e5r bak: Arne Bendiksen, Jan Eggum og Per Arne \u201dPiddi\u201d Fjeldstad (kjent fra Pompel and The Pilts), alle med lang fartstid i norsk musikkliv og flere vellykkede prosjekter bak seg. Samarbeidet mellom tre av Bergens store s\u00f8nner ble en suksess, b\u00e5de p\u00e5 scenen og p\u00e5 plate. Anmeldere og publikum er blitt sjarmert i senk av Bollemusikkens gutteaktige lekenhet og udiskutable dyktighet, f\u00f8rst p\u00e5 scenen i 1997 da de tre herrene skrev og fremf\u00f8rte forestillingen R ved Rick\u00b4s Teater i Bergen og n\u00e5 med albumet \u00abVi vil helst ikkje vite det!\u00bb<\/p>\n<p><!--more--><\/p>\n<p>&quot;S\u00e6rdeles snodig&quot; var karakteristikken VG brukte da de f\u00f8rste gang omtalte samarbeidet Jan Eggum, Arne Bendiksen og Piddi Fjeldstad. Dette var h\u00f8sten 1997, og anledningen var at de tre nevnte herrer da s\u00f8kte sammen for \u00e5 samarbeide om kabareten R i Bergen.<\/p>\n<h4>Forrykende musikk<\/h4>\n<p>L\u00e5ten &quot;V\u00e5rherres radio&quot; \u00e5pner platen. &quot;En ustyrtelig morsom sang om livet i enkelte kristne n\u00e6rradioer&quot;, var VGs Kurt Bakkemoens karakteristikk av l\u00e5ten i sin anmeldelse av R. Her m\u00f8ter vi Piddi Fjeldstad som ufrivillig radiolytter, Jan Eggum som svovelpredikant og Arne Bendiksen som en hel liten menighet, humpende avg\u00e5rde i et uptempo gospelarrangement. Derfra g\u00e5r ferden videre via Bendiks\u00c2ens &quot;Takdrypp&quot; til Eggums &quot;La dem bare holde p\u00e5&quot; \u2013 en l\u00e5t som vel m\u00e5 v\u00e6re Eggums mest humoristiske til dags dato? Her er han for\u00f8vrig backet av et Brass Bros i fri dressur. Deretter f\u00f8lger tittell\u00e5ten, f\u00f8r platen avsluttes med Fjeldstads &quot;Gutten i r\u00f8yken&quot; og Eggums og Bendiksens &quot;Finne veien hjem&quot;. Tilsammen alts\u00e5 seks l\u00e5ter; med andre ord en EP.<\/p>\n<h4>Sjarmerende bergensere<\/h4>\n<p>Eggum og Bendiksen kjenner vel etterhvert de fleste? Piddi Fjeldstad er kanskje ikke like kjent, men han var for noen \u00e5r tilbake l\u00e5tskriver, vokalist og gitarist i det glimrende og halvt legendariske rockebandet Pompel &amp; the Pilts. Sammen er alts\u00e5 disse tre artistene, som har den bergenske skarre-R-en felles, Bollemusikken; av Bergensavisens anmelder (etter premieren p\u00e5 R) beskrevet som &quot;&#8230;en liten gjeng kjuaguttsjarm\u00f8rer av edelt merke, rasende morsomme, deilig melankolske, men mest av alt s\u00e5 sjarmerende som bare bergensere kan v\u00e6re&#8230;&quot;<\/p>\n<h4><\/h4>\n<\/p>\n<p><\/p>","protected":false},"excerpt":{"rendered":"<p>Humoristisk og fengende fra Bergens store s\u00f8nner.<\/p>\n","protected":false},"featured_media":30772,"comment_status":"closed","ping_status":"open","template":"","meta":[],"product_brand":[],"product_cat":[6],"product_tag":[],"class_list":{"0":"post-30768","1":"product","2":"type-product","3":"status-publish","4":"has-post-thumbnail","6":"product_cat-grappa","7":"product_shipping_class-cddvd-shipping","8":"uni_artist_tag-arne-bendiksen","9":"uni_artist_tag-bendik-hofseth","10":"uni_artist_tag-bollemusikken","11":"uni_artist_tag-geir-luedy","12":"uni_artist_tag-gunnar-bjelland","13":"uni_artist_tag-jan-eggum","14":"uni_artist_tag-knut-aafloy","15":"uni_artist_tag-per-magnus-odgard","16":"uni_artist_tag-piddi-per-arne-fjeldstad","17":"uni_artist_tag-rolf-presto","18":"uni_artist_tag-rolf-sandvik","19":"uni_artist_tag-the-brazz-brothers","20":"uni_artist_tag-tom-rasmussen","21":"uni_artist_genre-norwegian","22":"uni_artist_genre-pop","23":"uni_artist_genre-rock","25":"first","26":"instock","27":"taxable","28":"shipping-taxable","29":"purchasable","30":"product-type-simple"},"_links":{"self":[{"href":"https:\/\/grappa.no\/no\/wp-json\/wp\/v2\/product\/30768","targetHints":{"allow":["GET"]}}],"collection":[{"href":"https:\/\/grappa.no\/no\/wp-json\/wp\/v2\/product"}],"about":[{"href":"https:\/\/grappa.no\/no\/wp-json\/wp\/v2\/types\/product"}],"replies":[{"embeddable":true,"href":"https:\/\/grappa.no\/no\/wp-json\/wp\/v2\/comments?post=30768"}],"wp:featuredmedia":[{"embeddable":true,"href":"https:\/\/grappa.no\/no\/wp-json\/wp\/v2\/media\/30772"}],"wp:attachment":[{"href":"https:\/\/grappa.no\/no\/wp-json\/wp\/v2\/media?parent=30768"}],"wp:term":[{"taxonomy":"product_brand","embeddable":true,"href":"https:\/\/grappa.no\/no\/wp-json\/wp\/v2\/product_brand?post=30768"},{"taxonomy":"product_cat","embeddable":true,"href":"https:\/\/grappa.no\/no\/wp-json\/wp\/v2\/product_cat?post=30768"},{"taxonomy":"product_tag","embeddable":true,"href":"https:\/\/grappa.no\/no\/wp-json\/wp\/v2\/product_tag?post=30768"}],"curies":[{"name":"wp","href":"https:\/\/api.w.org\/{rel}","templated":true}]}}