{"id":30767,"date":"1997-09-15T00:00:00","date_gmt":"1997-09-14T23:00:00","guid":{"rendered":"http:\/\/www.grappa.no\/no\/albums\/ukategorisert\/en-sang-fra-vest\/"},"modified":"2016-11-18T16:21:27","modified_gmt":"2016-11-18T15:21:27","slug":"en-sang-fra-vest","status":"publish","type":"product","link":"https:\/\/grappa.no\/no\/albums\/grappa\/en-sang-fra-vest\/","title":{"rendered":"EN SANG FRA VEST"},"content":{"rendered":"<p><\/p>\n<p>Tidlig Eggum<\/p>\n<p>En sang fra vest er en av de tidlige Eggum-klassikerne og ga Jan Eggum hans andre Spellemann, denne gang i klassen for visesang. Albumet inneholder flere l\u00e5ter som har blitt sentrale i norsk musikktradisjon popul\u00e6re l\u00e5ter som \u201dLillebror Per\u201d og \u201dDe skulle begrave en konge stor\u201d. En sang fra vest presenterer Eggum alene med gitaren og dette enkle og rene lydbildet gir ekstra oppmerksomhet til artistens nydelige og imponerende innsiktsfulle tekster. Visesangeren fremst\u00e5r som ung og engasjert. Han er i besittelse av en s\u00e6regen betraktningsm\u00e5te som skaper troverdige personportretter og fine hverdagsskildringer. CD-utgivelsen av En sang fra vest kom ut p\u00e5 Grappa Musikkforlag i 1997 og gjorde Eggum-katalogen p\u00e5 CD forel\u00f8pig komplett.<\/p>\n<p><!--more--><\/p>\n<p>Spellemann-vinnende Eggum-klassiker fra 1979 tilgjengelig p\u00e5 CD.<\/p>\n<h4>1979<\/h4>\n<p>1979 var et produktivt \u00e5r for unge Eggum. V\u00e5ren 79 gjorde han En natt forbi og h\u00f8sten samme \u00e5r kom En sang fra vest, produsert av Trygve Thue. Opptakene ble gjort live i fire forskjellige konsertsaler i l\u00f8pet av \u00e5ret, fra en liten klubb i T\u00f8nsberg til fullsatt Grieghall. Den sangen fra platen som ble mest kjent var \u201cLillebror Per\u201d. Her er live-versjoner av tidligere kjente sanger som \u201cDe skulle begrave en konge stor\u201d, \u201cEt fint bur\u201d, en sang han i sin tid skrev for Wenche Myhre, samt en del live-favoritter som \u201cBl\u00e5 bananer\u201d og \u201cHare Hopp\u201d. Dessuten finner vi ogs\u00e5 noen helt nye sanger, som sangen om hypokonderen \u201cJohnny\u201d.<\/p>\n<h4><\/h4>\n<p><h4><\/h4>\n<\/p>\n<p><\/p>","protected":false},"excerpt":{"rendered":"<p>En sang fra vest presenterer Eggum alene med gitaren og dette enkle og rene lydbildet gir ekstra oppmerksomhet til artistens nydelige og imponerende innsiktsfulle tekster.<\/p>\n","protected":false},"featured_media":30771,"comment_status":"closed","ping_status":"open","template":"","meta":[],"product_brand":[],"product_cat":[6],"product_tag":[],"class_list":{"0":"post-30767","1":"product","2":"type-product","3":"status-publish","4":"has-post-thumbnail","6":"product_cat-grappa","7":"product_shipping_class-cddvd-shipping","8":"uni_artist_tag-jan-eggum","9":"uni_artist_tag-trygve-thue","10":"uni_main_artist_tag-jan-eggum","11":"uni_artist_genre-norwegian","12":"uni_artist_genre-pop","13":"uni_artist_genre-rock","14":"uni_artist_genre-singersongwriter","16":"first","17":"instock","18":"taxable","19":"shipping-taxable","20":"purchasable","21":"product-type-simple"},"_links":{"self":[{"href":"https:\/\/grappa.no\/no\/wp-json\/wp\/v2\/product\/30767","targetHints":{"allow":["GET"]}}],"collection":[{"href":"https:\/\/grappa.no\/no\/wp-json\/wp\/v2\/product"}],"about":[{"href":"https:\/\/grappa.no\/no\/wp-json\/wp\/v2\/types\/product"}],"replies":[{"embeddable":true,"href":"https:\/\/grappa.no\/no\/wp-json\/wp\/v2\/comments?post=30767"}],"wp:featuredmedia":[{"embeddable":true,"href":"https:\/\/grappa.no\/no\/wp-json\/wp\/v2\/media\/30771"}],"wp:attachment":[{"href":"https:\/\/grappa.no\/no\/wp-json\/wp\/v2\/media?parent=30767"}],"wp:term":[{"taxonomy":"product_brand","embeddable":true,"href":"https:\/\/grappa.no\/no\/wp-json\/wp\/v2\/product_brand?post=30767"},{"taxonomy":"product_cat","embeddable":true,"href":"https:\/\/grappa.no\/no\/wp-json\/wp\/v2\/product_cat?post=30767"},{"taxonomy":"product_tag","embeddable":true,"href":"https:\/\/grappa.no\/no\/wp-json\/wp\/v2\/product_tag?post=30767"}],"curies":[{"name":"wp","href":"https:\/\/api.w.org\/{rel}","templated":true}]}}