{"id":30757,"date":"1999-09-03T00:00:00","date_gmt":"1999-09-02T23:00:00","guid":{"rendered":"http:\/\/www.grappa.no\/no\/albums\/ukategorisert\/runarstreng\/"},"modified":"2018-10-12T06:21:35","modified_gmt":"2018-10-12T05:21:35","slug":"runarstreng","status":"publish","type":"product","link":"https:\/\/grappa.no\/no\/albums\/grappa\/runarstreng\/","title":{"rendered":"RUNARSTRENG"},"content":{"rendered":"<p><\/p>\n<p>Musikkarven fra Setesdal<\/p>\n<p>Kirsten Br\u00e5ten Berg og Hallvard T. Bj\u00f8rgum har v\u00e6rt samarbeidspartnere gjennom mange \u00e5r og samarbeidet har resultert i en rekke innspillinger og opptredener. Den etterlengtede utgivelsen av Runarstreng markerer disse 25 \u00e5rene med samarbeid og hedrer den norske folkemusikken som er sentral i de to musikernes liv og virke.<\/p>\n<p>Br\u00e5ten Berg og Bj\u00f8rgum har ofte samarbeidet med musikere fra forskjellige musikksjangere og har arbeidet innenfor ulike musikalske stiler og uttrykk. Med Runarstreng vender de tilbake til den norske folkemusikken og de formidler dette tradisjonelle materialet med en beundringsverdig dyktighet og kj\u00e6rlighet.<\/p>\n<p>Repertoaret er hovedsaklig hentet fra Setesdal og g\u00e5r rett i kjernen av folkemusikkens tradisjoner. Her finner vi drivende sl\u00e5tter, ballader, stev og salmer, alle presentert med utfyllende informasjon om opphav og overlevering. Lokale forskjeller i sangm\u00e5ter og spillestiler f\u00e5r plass i fremf\u00f8relsen og i bruken av ulike typer feler og munnharper. Ogs\u00e5 kvedingen tar opp i seg disse variasjonene. P\u00e5 Runarstreng f\u00e5r vi dessuten for f\u00f8rste gang p\u00e5 plate h\u00f8re Bj\u00f8rgum kvede, b\u00e5de alene og i duett med Br\u00e5ten Berg.<\/p>\n<p>Platen er spilt inn p\u00e5 Sylvartun i Setesdal. Bj\u00f8rgums familie har siden begynnelsen av 1960-tallet bygget opp dette kultur- og h\u00e5ndverkssenteret og stedet er blitt sentralt for videref\u00f8ringen og utviklingen av den norske folkemusikkarven.<\/p>\n<p><!--more--><\/p>\n<p>Kirsten Br\u00e5ten Berg og Hallvard T. Bj\u00f8rgum &#8211; lukkelege etter 25 \u00e5r\u2026<\/p>\n<h4>To tradisjonsberarar<\/h4>\n<p>B\u00e5de Kirsten og Hallvard har i mange \u00e5r samarbeidd med musikarar fr\u00e5 andre sjangrar enn folkemusikken. Denne gongen vender dei &quot;heim&quot; igjen og framst\u00e5r som tradisjonsberarar med inderleg kj\u00e6rleik til folkemusikken i Setesdal. Ulike feler, bratsj, munnhorper og kveding. For fyrste gong st\u00e5r Hallvard ogs\u00e5 fram som stevkvedar, ei side han tidlegare berre har synt i sosiale samv\u00e6r. Ei plate med desse to har vore etterspurt i mange \u00e5r. Plata er innspela p\u00e5 Sylvartun i Setesdal.<\/p>\n<h4>Lillebj\u00f8rn Nilsen om Runarstreng: Tonenes uovervinnelige krefter<\/h4>\n<p>&quot;Orfevs, sangeren fra Thrakia, kunne bevege selveste d\u00f8dsguden Hades med sin musikk. Han ville bringe sin elskede Evrydike tilbake blant de levende. Dette motivet finner vi igjen over hele verden. I sagn og i folkeviser. Villemann spiller s\u00e5 vakkert p\u00e5 sin harpe at han vender str\u00f8mmen, og Magnhild er fri. Ved tonenes uovervinnelige krefter.<\/p>\n<p>\u00abValdemann spana sin runarstreng<br \/>\nhan manar dei m\u00f8yar or dvaleseng\u00bb<\/p>\n<h4><\/h4>\n<p>\u201cOveralt hvor jeg har oppholdt meg i verden, har jeg hatt med meg noe norsk folkemusikk \u00e5 h\u00f8re p\u00e5. Og sv\u00e6rt ofte har b\u00e5de Hallvard T. Bj\u00f8rgum og Kirsten Br\u00e5ten Berg v\u00e6rt representert i denne lille reisenisten. For meg er folkemusikken kildevannet jeg alltid m\u00e5 s\u00f8ke tilbake til. Men jeg vet at det vannet som er i bevegelse er det friskeste og det mest velsmakende. Jeg vil helst unng\u00e5 det stillest\u00e5ende. Det livl\u00f8se. Musikken som Hallvard og Kirsten byr p\u00e5 her er rennende klukkende vann. Men det er og et samspill av ulike kast, flere str\u00f8mmer som l\u00f8per sammen og blir noe mektigere. Her er b\u00e5de det fossende ville og de mere stillfarende, m\u00f8rke og g\u00e5tefulle vannspeil. Alt i bevegelse. Fra evige, rene og tidl\u00f8se kilder.&quot;<\/p>\n<p>Lillebj\u00f8rn Nilsen<\/p>\n<p><\/p>","protected":false},"excerpt":{"rendered":"<p>&#8211; To store setesd\u00f8ler. [\u00d8stlendingen]<\/p>\n","protected":false},"featured_media":30762,"comment_status":"closed","ping_status":"open","template":"","meta":[],"product_brand":[],"product_cat":[6],"product_tag":[],"class_list":{"0":"post-30757","1":"product","2":"type-product","3":"status-publish","4":"has-post-thumbnail","6":"product_cat-grappa","7":"product_shipping_class-cddvd-shipping","8":"uni_artist_tag-hallvard-t-bjorgum","9":"uni_artist_tag-kirsten-braten-berg","10":"uni_artist_tag-peder-j-myklebust","11":"uni_artist_tag-trad","12":"uni_main_artist_tag-kirsten-braten-berg","13":"uni_artist_genre-folk-music","14":"uni_artist_genre-traditional","16":"first","17":"instock","18":"sale","19":"taxable","20":"shipping-taxable","21":"purchasable","22":"product-type-simple"},"_links":{"self":[{"href":"https:\/\/grappa.no\/no\/wp-json\/wp\/v2\/product\/30757","targetHints":{"allow":["GET"]}}],"collection":[{"href":"https:\/\/grappa.no\/no\/wp-json\/wp\/v2\/product"}],"about":[{"href":"https:\/\/grappa.no\/no\/wp-json\/wp\/v2\/types\/product"}],"replies":[{"embeddable":true,"href":"https:\/\/grappa.no\/no\/wp-json\/wp\/v2\/comments?post=30757"}],"wp:featuredmedia":[{"embeddable":true,"href":"https:\/\/grappa.no\/no\/wp-json\/wp\/v2\/media\/30762"}],"wp:attachment":[{"href":"https:\/\/grappa.no\/no\/wp-json\/wp\/v2\/media?parent=30757"}],"wp:term":[{"taxonomy":"product_brand","embeddable":true,"href":"https:\/\/grappa.no\/no\/wp-json\/wp\/v2\/product_brand?post=30757"},{"taxonomy":"product_cat","embeddable":true,"href":"https:\/\/grappa.no\/no\/wp-json\/wp\/v2\/product_cat?post=30757"},{"taxonomy":"product_tag","embeddable":true,"href":"https:\/\/grappa.no\/no\/wp-json\/wp\/v2\/product_tag?post=30757"}],"curies":[{"name":"wp","href":"https:\/\/api.w.org\/{rel}","templated":true}]}}