{"id":30756,"date":"1995-10-30T00:00:00","date_gmt":"1995-10-29T23:00:00","guid":{"rendered":"http:\/\/www.grappa.no\/no\/albums\/ukategorisert\/grieg-in-hardanger\/"},"modified":"2019-02-22T15:42:38","modified_gmt":"2019-02-22T14:42:38","slug":"grieg-in-hardanger","status":"publish","type":"product","link":"https:\/\/grappa.no\/no\/albums\/simax-classics\/grieg-in-hardanger\/","title":{"rendered":"Grieg in Hardanger"},"content":{"rendered":"<p><\/p>\n<p>Grieg i Hardanger<\/p>\n<p>Hardanger utgj\u00f8r et stort og viktig kapittel i Edvard Griegs biografi. Her mellom fjell og fjord ble skaperkreftene utl\u00f8st etter en lang kunstnerlig t\u00f8rketid. Ved flere anledninger har Grieg gitt uttrykk for hvor betydningsfullt Hardanger var for han b\u00e5de som menneske og som kunstner. Han ble overveldet av den mektige naturen og mellom fjord og fjell fant han den roen som skulle til for \u00e5 l\u00f8se ut de musikalske ideene han lenge hadde kjent innestengt i sitt sinn. Men det var ogs\u00e5 mer enn naturen som stimulerte Grieg i Hardanger. Her m\u00f8tte han spelemenn som kunne formidle sl\u00e5ttemusikken p\u00e5 fullgodt vis. Opplevelsen av folkemusikken slik den ble dyrket i et sentralt omr\u00e5de for hardingfela, m\u00e5 ha styrket Grieg i troen p\u00e5 den verdien sl\u00e5ttene kunne ha som kilde til fornyelse av norsk tonekunst. <\/p>\n<p>Under sin tid i Hardanger skulle Grieg skrive og fullf\u00f8re en rekker verker, ikke minst \u201dAndantino serioso\u201d av \u201dFire albumblad\u201d, en av hans mest vellykkede klaverkomposisjonene med stilisert norsk tonefall, \u201dImprovisata over to norske folkeviser\u201d og den fengende \u201dNorske danser\u201d for firhendig klaver, som alle er fremf\u00f8rt av Geir Botnen p\u00e5 denne utgivelsen \u2013 med hjelpende hender fra Jens Harald Bratlie p\u00e5 sistnevnte. I tillegg fremf\u00f8rer den erfarne pianisten Botnen, som har folkemusikken i ryggmargen, den sjeldent friske og atmosf\u00e6refylte Holbergsuiten og ikke minst Griegs \u201dunderskj\u00f8nne\u201d opus 66, \u201d19 Norske folkeviser\u201d med den vakre \u201dGjendines b\u00e5dnl\u00e5t\u201d.<\/p>\n<p><!--more--><\/p>\n<h4><\/h4>\n<\/p>\n<h4><\/h4>\n<p><h4><\/h4>\n<\/p>\n<p><\/p>","protected":false},"excerpt":{"rendered":"<p>Geir Botnen maner frem stemningene fra Hardangers mektige natur som m\u00e5 ha v\u00e6rt en stor inspirasjonskilde for verkenes komponist Edvard Grieg.<\/p>\n","protected":false},"featured_media":30761,"comment_status":"closed","ping_status":"open","template":"","meta":[],"product_brand":[],"product_cat":[180],"product_tag":[],"class_list":{"0":"post-30756","1":"product","2":"type-product","3":"status-publish","4":"has-post-thumbnail","6":"product_cat-simax-classics","7":"product_shipping_class-cddvd-shipping","8":"uni_artist_tag-arne-akselberg","9":"uni_artist_tag-edvard-grieg","10":"uni_artist_tag-geir-botnen","11":"uni_artist_tag-jens-harald-bratlie","12":"uni_main_artist_tag-geir-botnen","13":"uni_artist_genre-piano","15":"first","16":"outofstock","17":"taxable","18":"shipping-taxable","19":"product-type-simple"},"_links":{"self":[{"href":"https:\/\/grappa.no\/no\/wp-json\/wp\/v2\/product\/30756","targetHints":{"allow":["GET"]}}],"collection":[{"href":"https:\/\/grappa.no\/no\/wp-json\/wp\/v2\/product"}],"about":[{"href":"https:\/\/grappa.no\/no\/wp-json\/wp\/v2\/types\/product"}],"replies":[{"embeddable":true,"href":"https:\/\/grappa.no\/no\/wp-json\/wp\/v2\/comments?post=30756"}],"wp:featuredmedia":[{"embeddable":true,"href":"https:\/\/grappa.no\/no\/wp-json\/wp\/v2\/media\/30761"}],"wp:attachment":[{"href":"https:\/\/grappa.no\/no\/wp-json\/wp\/v2\/media?parent=30756"}],"wp:term":[{"taxonomy":"product_brand","embeddable":true,"href":"https:\/\/grappa.no\/no\/wp-json\/wp\/v2\/product_brand?post=30756"},{"taxonomy":"product_cat","embeddable":true,"href":"https:\/\/grappa.no\/no\/wp-json\/wp\/v2\/product_cat?post=30756"},{"taxonomy":"product_tag","embeddable":true,"href":"https:\/\/grappa.no\/no\/wp-json\/wp\/v2\/product_tag?post=30756"}],"curies":[{"name":"wp","href":"https:\/\/api.w.org\/{rel}","templated":true}]}}