{"id":30755,"date":"1995-11-01T00:00:00","date_gmt":"1995-10-31T23:00:00","guid":{"rendered":"http:\/\/www.grappa.no\/no\/albums\/ukategorisert\/quasi-una-sonata\/"},"modified":"2019-02-22T15:39:42","modified_gmt":"2019-02-22T14:39:42","slug":"quasi-una-sonata","status":"publish","type":"product","link":"https:\/\/grappa.no\/no\/albums\/simax-classics\/quasi-una-sonata\/","title":{"rendered":"quasi una Sonata"},"content":{"rendered":"<p><\/p>\n<p>Fiolinens muligheter<\/p>\n<p>Musikken p\u00e5 dette albumet er et sv\u00e6rt personlig valg av fiolinist Lars-Erik ter Jung. Fire ulike komponister \u2013 Karol Szymanowski, Krzysztof Penderecki, Ketil Hvoslef og Alfred Schnittke \u2013 med forskjellig stil og uttrykk, men samtidig med det sl\u00e5ende fellestrekket at de alle komponerer godt for fiolinen. De fortaper seg ikke i effekter eller avantgardisme, de eksperimenterer seg aldri vekk fra det som l\u00e5ter bra og som er i musikkens tjeneste. Likevel har de fire verkene p\u00e5 denne innspillingen en virtuos forankring.<\/p>\n<p>Karol Szymanowskis musikk karakteriseres ved en ny koloristisk tiln\u00e6rming til klang, med elementer fra impresjonistisk, ekspresjonistisk og sen romantisk musikk. \u201dMytene\u201d, som fremf\u00f8res p\u00e5 dette albumet, bygger over scener fra gresk mytologi \u2013 og \u00e5penbarer, historisk sett, en helt ny slags musikalsk fantasi. Som redskap for \u00e5 realisere sine musikalske visjoner, utforsker Szymanowski fiolinens muligheter, og bruker disse ofte virtuose teknikker p\u00e5 en ny og s\u00e6regen m\u00e5te, forfinet p\u00e5 et h\u00f8yt plan. Ogs\u00e5 Krzysztof Penderecki drar nytte av den polske fiolintradisjonen, og har utviklet en personlig m\u00e5te \u00e5 skrive for instrumentet p\u00e5. I \u201dCadenza\u201d blir fiolinens virtuose spr\u00e5k underordnet et samlet musikalsk uttrykk, i en konsentrert form. Sammenlignet med \u201dCadenza\u201d fremst\u00e5r Ketil Hvoslefs \u201dViolin solo\u201d som et mer rapsodisk verk. Likefullt er det musikalske stoffet meget konsentrert, og Hvoslef skaper p\u00e5 mesterlig vis en spenning gjennom komposisjonens deler, og gir verket en helhetlig form. Alfred Schnittke er, i likhet med Szymanowski, n\u00e6rmest en trollmann som klarer \u00e5 omfavne virtuositet til et medium for genuin musikalsk utvikling og opplevelse. Hans \u201dquasi una Sonata\u201d er kanskje et av de mest vellykkede fiolin- og klaverstykker i musikkhistorien overhodet.<\/p>\n<p><!--more--><\/p>\n<h4><\/h4>\n<\/p>\n<h4><\/h4>\n<p><h4><\/h4>\n<\/p>\n<p><\/p>","protected":false},"excerpt":{"rendered":"<p>Lars-Erik ter Jung fremf\u00f8rer verk av mestere i fiolinkomposisjonens verden: Karol Szymanowski, Krzysztof Penderecki, Ketil Hvoslef og Alfred Schnittke.<\/p>\n","protected":false},"featured_media":30760,"comment_status":"closed","ping_status":"open","template":"","meta":[],"product_brand":[],"product_cat":[180],"product_tag":[],"class_list":{"0":"post-30755","1":"product","2":"type-product","3":"status-publish","4":"has-post-thumbnail","6":"product_cat-simax-classics","7":"product_shipping_class-cddvd-shipping","8":"uni_artist_tag-alfred-schnittke","9":"uni_artist_tag-einar-henning-smebye","10":"uni_artist_tag-jorn-pedersen","11":"uni_artist_tag-karol-szymanowsky","12":"uni_artist_tag-ketil-hvoslef","13":"uni_artist_tag-krzysztof-penderecki","14":"uni_artist_tag-lars-erik-ter-jung","15":"uni_main_artist_tag-lars-erik-ter-jung","16":"uni_artist_genre-chamber-music","17":"uni_artist_genre-contemporary-music","19":"first","20":"instock","21":"taxable","22":"shipping-taxable","23":"purchasable","24":"product-type-simple"},"_links":{"self":[{"href":"https:\/\/grappa.no\/no\/wp-json\/wp\/v2\/product\/30755","targetHints":{"allow":["GET"]}}],"collection":[{"href":"https:\/\/grappa.no\/no\/wp-json\/wp\/v2\/product"}],"about":[{"href":"https:\/\/grappa.no\/no\/wp-json\/wp\/v2\/types\/product"}],"replies":[{"embeddable":true,"href":"https:\/\/grappa.no\/no\/wp-json\/wp\/v2\/comments?post=30755"}],"wp:featuredmedia":[{"embeddable":true,"href":"https:\/\/grappa.no\/no\/wp-json\/wp\/v2\/media\/30760"}],"wp:attachment":[{"href":"https:\/\/grappa.no\/no\/wp-json\/wp\/v2\/media?parent=30755"}],"wp:term":[{"taxonomy":"product_brand","embeddable":true,"href":"https:\/\/grappa.no\/no\/wp-json\/wp\/v2\/product_brand?post=30755"},{"taxonomy":"product_cat","embeddable":true,"href":"https:\/\/grappa.no\/no\/wp-json\/wp\/v2\/product_cat?post=30755"},{"taxonomy":"product_tag","embeddable":true,"href":"https:\/\/grappa.no\/no\/wp-json\/wp\/v2\/product_tag?post=30755"}],"curies":[{"name":"wp","href":"https:\/\/api.w.org\/{rel}","templated":true}]}}