{"id":30739,"date":"1998-03-19T00:00:00","date_gmt":"1998-03-18T23:00:00","guid":{"rendered":"http:\/\/www.grappa.no\/no\/albums\/ukategorisert\/halvor-haug-orchestral-music\/"},"modified":"2020-10-15T06:26:10","modified_gmt":"2020-10-15T05:26:10","slug":"halvor-haug-orchestral-music","status":"publish","type":"product","link":"https:\/\/grappa.no\/no\/albums\/simax-classics\/halvor-haug-orchestral-music\/","title":{"rendered":"Halvor Haug Orchestral Music"},"content":{"rendered":"<p><\/p>\n<p>English Chamber Orchestra spiller Halvor Haug<\/p>\n<p>Halvor Haug er en av de mest interessante og egenartede symfonikerne i v\u00e5r tid. P\u00e5 dette albumet fremf\u00f8rer English Chamber Orchestra og Norrk\u00f6ping Symfoniorkester, med dirigent Ole Kristian Ruud, fire av Haugs dyptf\u00f8lte og tidvis dystre orkesterverker.<\/p>\n<p>Haugs musikk har sin naturlige patos. Alt er emosjonelt gjennomtrengt, sanset, oppfylt. I hans tredje symfoni er vi vitne til en uutgrunnelig mangfoldighet som gjemmer seg i det lille firetonede hovedmotivet. En mangfoldighet som ikke lar seg utt\u00f8mme i ett verk alene. Mot slutten av verket, i annen del, blir ogs\u00e5 nattergalsang fra et lydb\u00e5nd brukt som en likeverdig akt\u00f8r til den nedskrevne musikken. Haugs verk \u201dStillhet\u201d er sv\u00e6rt konsentrert om klangmessig og strukturell forfinelse. Her fors\u00f8kte Haug, med sv\u00e6rt enkle midler, \u00e5 uttrykke sine tanker om stillhet. Som en motsetning er Haugs \u201dInsignia\u201d hardere og mer dissonant enn i hans \u00f8vrige verker, noe som antakeligvis er det klanglige sidestykket til Lofotens bratte, steinete natur. Albumets avslutning, \u201dFuruens Sang\u201d, ble skrevet som et uttrykk for den fortvilelsen han f\u00f8lte da furuskogen utenfor hans studio m\u00e5tte d\u00f8 \u2013 en klagesang for menneskets tidvise mangel p\u00e5 respekt for og bevissthet om skogens eksistensielle betydning for livet p\u00e5 jorden.<\/p>\n<p><!--more--><\/p>\n<h4><\/h4>\n<h4><\/h4>\n<h4><\/h4>\n<p><\/p>","protected":false},"excerpt":{"rendered":"<p>English Chamber Orchestra og Norrk\u00f6ping Symfoniorkester fremf\u00f8rer Halvor Haugs emosjonelt gjennomtrengte symfoniske verker.<\/p>\n","protected":false},"featured_media":30742,"comment_status":"closed","ping_status":"closed","template":"","meta":[],"product_brand":[],"product_cat":[180],"product_tag":[],"class_list":{"0":"post-30739","1":"product","2":"type-product","3":"status-publish","4":"has-post-thumbnail","6":"product_cat-simax-classics","7":"product_shipping_class-cddvd-shipping","8":"uni_artist_tag-english-chamber-orchestra","9":"uni_artist_tag-halvor-haug","10":"uni_artist_tag-norrkoping-symph-orchestra","11":"uni_artist_tag-ole-kristian-ruud","12":"uni_artist_tag-robert-suff","13":"uni_artist_tag-tony-harrison","14":"uni_main_artist_tag-english-chamber-orchestra","15":"uni_artist_genre-contemporary-music","16":"uni_artist_genre-orchestral","18":"first","19":"instock","20":"taxable","21":"shipping-taxable","22":"purchasable","23":"product-type-simple"},"_links":{"self":[{"href":"https:\/\/grappa.no\/no\/wp-json\/wp\/v2\/product\/30739","targetHints":{"allow":["GET"]}}],"collection":[{"href":"https:\/\/grappa.no\/no\/wp-json\/wp\/v2\/product"}],"about":[{"href":"https:\/\/grappa.no\/no\/wp-json\/wp\/v2\/types\/product"}],"replies":[{"embeddable":true,"href":"https:\/\/grappa.no\/no\/wp-json\/wp\/v2\/comments?post=30739"}],"wp:featuredmedia":[{"embeddable":true,"href":"https:\/\/grappa.no\/no\/wp-json\/wp\/v2\/media\/30742"}],"wp:attachment":[{"href":"https:\/\/grappa.no\/no\/wp-json\/wp\/v2\/media?parent=30739"}],"wp:term":[{"taxonomy":"product_brand","embeddable":true,"href":"https:\/\/grappa.no\/no\/wp-json\/wp\/v2\/product_brand?post=30739"},{"taxonomy":"product_cat","embeddable":true,"href":"https:\/\/grappa.no\/no\/wp-json\/wp\/v2\/product_cat?post=30739"},{"taxonomy":"product_tag","embeddable":true,"href":"https:\/\/grappa.no\/no\/wp-json\/wp\/v2\/product_tag?post=30739"}],"curies":[{"name":"wp","href":"https:\/\/api.w.org\/{rel}","templated":true}]}}