{"id":30738,"date":"1995-05-01T00:00:00","date_gmt":"1995-04-30T23:00:00","guid":{"rendered":"http:\/\/www.grappa.no\/no\/albums\/ukategorisert\/britten-music-for-strings\/"},"modified":"2019-02-22T15:39:29","modified_gmt":"2019-02-22T14:39:29","slug":"britten-music-for-strings","status":"publish","type":"product","link":"https:\/\/grappa.no\/no\/albums\/simax-classics\/britten-music-for-strings\/","title":{"rendered":"Britten Music for Strings"},"content":{"rendered":"<p><\/p>\n<p>Britten som ung og gammel<\/p>\n<p>En rekke av Benjamin Brittens verker blir gitt en fremragende behandling av Det Norske Kammerorkester p\u00e5 dette albumet. Fra den tragiske veltalenheten i Brittens \u201dPrelude and Fugue\u201d til den ungdommelige entusiasmen i hyllesten til hans komposisjonsl\u00e6rer i \u201dVariations on a Theme of Frank Bridge\u201d eller behandlingen av musikalske temaer han skrev i sin barndom i \u201dSimple Symphony\u201d, gir Det Norske Kammerorkester en uforglemmelig fremf\u00f8ring p\u00e5 denne innspillingen. <\/p>\n<p>Ogs\u00e5 inkludert p\u00e5 dette albumet er bratsjist Lars Anders Tomters innspillinger av Brittens siste fullf\u00f8rte komposisjon, \u201dLachrymae\u201d, som viser komponistens mesterlige variasjonsferdigheter i et velkomponert verk som utvilsomt er blant Brittens beste, og hans \u201dElegy\u201d, en av flere klagesanger over tapt barndom eller uerstattelig uskyld. Dette verket har likevel mer til seg enn en gutteaktig overdreven melankoli. P\u00e5 brilliant vis utvikler den et hjems\u00f8kende tema i en elegant utnyttelse av instrumentets kapasitet for velklingende uttrykksfullhet.<\/p>\n<p><!--more--><\/p>\n<h4><\/h4>\n<\/p>\n<h4><\/h4>\n<p><h4><\/h4>\n<\/p>\n<p><\/p>","protected":false},"excerpt":{"rendered":"<p>Benjamin Brittens verker blir gitt en fremragende behandling av Det Norske Kammerorkester og Lars Anders Tomter p\u00e5 denne utgivelsen.<\/p>\n","protected":false},"featured_media":30741,"comment_status":"closed","ping_status":"open","template":"","meta":[],"product_brand":[],"product_cat":[180],"product_tag":[],"class_list":{"0":"post-30738","1":"product","2":"type-product","3":"status-publish","4":"has-post-thumbnail","6":"product_cat-simax-classics","7":"product_shipping_class-cddvd-shipping","8":"uni_artist_tag-benjamin-britten","9":"uni_artist_tag-iona-brown","10":"uni_artist_tag-lars-anders-tomter","11":"uni_artist_tag-norwegian-chamber-orchestra","12":"uni_artist_tag-tony-harrison","13":"uni_main_artist_tag-norwegian-chamber-orchestra","14":"uni_artist_genre-chamber-music","15":"uni_artist_genre-strings","17":"first","18":"instock","19":"taxable","20":"shipping-taxable","21":"purchasable","22":"product-type-simple"},"_links":{"self":[{"href":"https:\/\/grappa.no\/no\/wp-json\/wp\/v2\/product\/30738","targetHints":{"allow":["GET"]}}],"collection":[{"href":"https:\/\/grappa.no\/no\/wp-json\/wp\/v2\/product"}],"about":[{"href":"https:\/\/grappa.no\/no\/wp-json\/wp\/v2\/types\/product"}],"replies":[{"embeddable":true,"href":"https:\/\/grappa.no\/no\/wp-json\/wp\/v2\/comments?post=30738"}],"wp:featuredmedia":[{"embeddable":true,"href":"https:\/\/grappa.no\/no\/wp-json\/wp\/v2\/media\/30741"}],"wp:attachment":[{"href":"https:\/\/grappa.no\/no\/wp-json\/wp\/v2\/media?parent=30738"}],"wp:term":[{"taxonomy":"product_brand","embeddable":true,"href":"https:\/\/grappa.no\/no\/wp-json\/wp\/v2\/product_brand?post=30738"},{"taxonomy":"product_cat","embeddable":true,"href":"https:\/\/grappa.no\/no\/wp-json\/wp\/v2\/product_cat?post=30738"},{"taxonomy":"product_tag","embeddable":true,"href":"https:\/\/grappa.no\/no\/wp-json\/wp\/v2\/product_tag?post=30738"}],"curies":[{"name":"wp","href":"https:\/\/api.w.org\/{rel}","templated":true}]}}