{"id":30737,"date":"1994-01-01T00:00:00","date_gmt":"1993-12-31T23:00:00","guid":{"rendered":"http:\/\/www.grappa.no\/no\/albums\/ukategorisert\/tchaikovsky-symphony-5\/"},"modified":"2019-02-22T15:39:26","modified_gmt":"2019-02-22T14:39:26","slug":"tchaikovsky-symphony-5","status":"publish","type":"product","link":"https:\/\/grappa.no\/no\/albums\/simax-classics\/tchaikovsky-symphony-5\/","title":{"rendered":"Tchaikovsky Symphony 5"},"content":{"rendered":"<p><\/p>\n<p>Tsjaikovskij under ledelse av Terje Mikkelsen<\/p>\n<p>Tsjajkovskijs \u201dSymfoni nr. 5\u201d, skrevet like etter en av hans venners d\u00f8dsfall, er preget av en emosjonelle kontekst som reflekterer sjelen til en mann i dyp krise. \u00c5pningstemaet sies gjerne \u00e5 relatere til \u201dProvidence\u201d \u2013 beskyttelse under Guds omsorg. Temaet gjennomsyrer hele verket og gjenoppst\u00e5r i hver av symfoniens andre tre satser. Den forstyrrer den rolige og vakre langsomme satsen, gj\u00f8r en kort entr\u00e9 i tredjesatsens vals, og returnerer triumferende i finalen. Tsjajkovskij selv hadde sin tvil om denne finalen og verket for \u00f8vrig, men den musikalske verden har for lengst avgjort at hans femte symfoni ikke bare er en storsl\u00e5tt symfoni, men en av de mest elskede innen repertoaret. <\/p>\n<p>Det er Ukrainsk Stats Symfoniorkester og dirigent Terje Mikkelsen som har gjort den praktfulle tolkningen av Tsjajkovskijs femte symfoni p\u00e5 denne innspillingen. Mikkelsen har arbeidet tett med orkesteret siden slutten av 1980-tallet og har v\u00e6rt dets artistiske leder og dirigent. Terje Mikkelsen har tidligere gitt ut tre album p\u00e5 Simax Classics, i samarbeid med Det Litauiske Nasjonale Symfoniorkester, med musikk av Edvard Grieg.<\/p>\n<p><!--more--><\/p>\n<h4><\/h4>\n<\/p>\n<h4><\/h4>\n<p><h4><\/h4>\n<\/p>\n<p><\/p>","protected":false},"excerpt":{"rendered":"<p>Tsjajkovskijs \u201dSymfoni nr. 5\u201d reflekterer sjelen til en mann i dyp krise, mesterlig fremf\u00f8rt av Ukrainsk Stats Symfoniorkester og dirigent Terje Mikkelsen.<\/p>\n","protected":false},"featured_media":30740,"comment_status":"closed","ping_status":"open","template":"","meta":[],"product_brand":[],"product_cat":[180],"product_tag":[],"class_list":{"0":"post-30737","1":"product","2":"type-product","3":"status-publish","4":"has-post-thumbnail","6":"product_cat-simax-classics","7":"product_shipping_class-cddvd-shipping","8":"uni_artist_tag-krzysztof-drab","9":"uni_artist_tag-peter-tchaikovsky","10":"uni_artist_tag-terje-mikkelsen","11":"uni_artist_tag-ukranian-state-symphony-orchestra","12":"uni_main_artist_tag-terje-mikkelsen","13":"uni_artist_genre-orchestral","15":"first","16":"instock","17":"taxable","18":"shipping-taxable","19":"purchasable","20":"product-type-simple"},"_links":{"self":[{"href":"https:\/\/grappa.no\/no\/wp-json\/wp\/v2\/product\/30737","targetHints":{"allow":["GET"]}}],"collection":[{"href":"https:\/\/grappa.no\/no\/wp-json\/wp\/v2\/product"}],"about":[{"href":"https:\/\/grappa.no\/no\/wp-json\/wp\/v2\/types\/product"}],"replies":[{"embeddable":true,"href":"https:\/\/grappa.no\/no\/wp-json\/wp\/v2\/comments?post=30737"}],"wp:featuredmedia":[{"embeddable":true,"href":"https:\/\/grappa.no\/no\/wp-json\/wp\/v2\/media\/30740"}],"wp:attachment":[{"href":"https:\/\/grappa.no\/no\/wp-json\/wp\/v2\/media?parent=30737"}],"wp:term":[{"taxonomy":"product_brand","embeddable":true,"href":"https:\/\/grappa.no\/no\/wp-json\/wp\/v2\/product_brand?post=30737"},{"taxonomy":"product_cat","embeddable":true,"href":"https:\/\/grappa.no\/no\/wp-json\/wp\/v2\/product_cat?post=30737"},{"taxonomy":"product_tag","embeddable":true,"href":"https:\/\/grappa.no\/no\/wp-json\/wp\/v2\/product_tag?post=30737"}],"curies":[{"name":"wp","href":"https:\/\/api.w.org\/{rel}","templated":true}]}}