{"id":30731,"date":"1994-12-29T00:00:00","date_gmt":"1994-12-28T23:00:00","guid":{"rendered":"http:\/\/www.grappa.no\/no\/albums\/ukategorisert\/music-for-cello-piano-by-shostakovichprokofievschnittke\/"},"modified":"2019-02-22T15:39:22","modified_gmt":"2019-02-22T14:39:22","slug":"music-for-cello-piano-by-shostakovich-prokofiev-schnittke","status":"publish","type":"product","link":"https:\/\/grappa.no\/no\/albums\/simax-classics\/music-for-cello-piano-by-shostakovich-prokofiev-schnittke\/","title":{"rendered":"Music for Cello &amp; Piano by Shostakovich\/Prokofiev\/Schnittke"},"content":{"rendered":"<p><\/p>\n<p>Tre russiske cellosonater<\/p>\n<p>Tre russere skrev i den midterste tredjedelen av forrige \u00e5rhundre tre sonater for cello og klaver, \u00e9n hver og ikke fler: Prokofiev, Sjostakovitsj og Schnittke; forskjellig musikk fra forskjellige temperamenter skrevet p\u00e5 forskjellige premisser, enskj\u00f8nt den grunnleggende sosiale kontekst som omga dem var kanskje ikke s\u00e5 vesensforskjellig likevel? Alle tre sier oss noe om kunsten og musikkens vilk\u00e5r under overtrykk fra et totalit\u00e6rt system. <\/p>\n<p>Duoen \u00d8ystein Birkeland (cello) og Ian Brown (piano) beveger seg p\u00e5 dette albumet inn i det russiske cellolandskapet i form av tre eksepsjonelle verker. Sjostakovitsj\u00b4 sonate t\u00f8r utropes til det tjuende \u00e5rhundrets mest fremtredende verk for den klassiske sonatekombinasjonen cello og klaver. I Prokofievs langt utpenslede satser i sin C-dur sonate finnes det partier som er s\u00e5 umiskjennelig prokofievske og som b\u00e6rer sterke reminisenser fra mellomkrigstidens klangpalett hvor kontrasterende elementer st\u00e5r i k\u00f8 og utgj\u00f8r selve stykkets karakteristiske essens. Schnittkes cellosonate lar seg p\u00e5 sin side kanskje best karakteriseres gjennom en bevisst antikarakteriserende holdning der han befinner seg utenfor alle skoler og retninger. Likevel er vi lite i tvil om hvem som er opphavsmannen n\u00e5r vi h\u00f8rer hans musikk. Med cellosonaten oppn\u00e5r Schnittke det samme som kollega Sjostakovitsj gjorde med sin sonate for samme besetning nesten et halvt \u00e5rhundre tidligere: \u00e5 gripe fatt i tilh\u00f8reren med hele assosiasjons- og sanseapparatet.<\/p>\n<p><!--more--><\/p>\n<h4><\/h4>\n<\/p>\n<h4><\/h4>\n<p><h4><\/h4>\n<\/p>\n<p><\/p>","protected":false},"excerpt":{"rendered":"<p>Tre sonater for cello og klaver av Prokofiev, Sjostakovitsj og Schnittke; forskjellig musikk fra forskjellige temperamenter skrevet p\u00e5 forskjellige premisser.<\/p>\n","protected":false},"featured_media":30736,"comment_status":"closed","ping_status":"open","template":"","meta":[],"product_brand":[],"product_cat":[180],"product_tag":[],"class_list":{"0":"post-30731","1":"product","2":"type-product","3":"status-publish","4":"has-post-thumbnail","6":"product_cat-simax-classics","7":"product_shipping_class-cddvd-shipping","8":"uni_artist_tag-alfred-schnittke","9":"uni_artist_tag-dimitri-shostakovich","10":"uni_artist_tag-ian-brown","11":"uni_artist_tag-oystein-birkeland","12":"uni_artist_tag-sergei-prokofiev","13":"uni_artist_tag-tony-harrison","14":"uni_main_artist_tag-oystein-birkeland","15":"uni_artist_genre-chamber-music","16":"uni_artist_genre-strings","18":"first","19":"instock","20":"taxable","21":"shipping-taxable","22":"purchasable","23":"product-type-simple"},"_links":{"self":[{"href":"https:\/\/grappa.no\/no\/wp-json\/wp\/v2\/product\/30731","targetHints":{"allow":["GET"]}}],"collection":[{"href":"https:\/\/grappa.no\/no\/wp-json\/wp\/v2\/product"}],"about":[{"href":"https:\/\/grappa.no\/no\/wp-json\/wp\/v2\/types\/product"}],"replies":[{"embeddable":true,"href":"https:\/\/grappa.no\/no\/wp-json\/wp\/v2\/comments?post=30731"}],"wp:featuredmedia":[{"embeddable":true,"href":"https:\/\/grappa.no\/no\/wp-json\/wp\/v2\/media\/30736"}],"wp:attachment":[{"href":"https:\/\/grappa.no\/no\/wp-json\/wp\/v2\/media?parent=30731"}],"wp:term":[{"taxonomy":"product_brand","embeddable":true,"href":"https:\/\/grappa.no\/no\/wp-json\/wp\/v2\/product_brand?post=30731"},{"taxonomy":"product_cat","embeddable":true,"href":"https:\/\/grappa.no\/no\/wp-json\/wp\/v2\/product_cat?post=30731"},{"taxonomy":"product_tag","embeddable":true,"href":"https:\/\/grappa.no\/no\/wp-json\/wp\/v2\/product_tag?post=30731"}],"curies":[{"name":"wp","href":"https:\/\/api.w.org\/{rel}","templated":true}]}}