{"id":30730,"date":"1995-01-01T00:00:00","date_gmt":"1994-12-31T23:00:00","guid":{"rendered":"http:\/\/www.grappa.no\/no\/albums\/ukategorisert\/grieg-piano-concerto-and-lyric-pieces\/"},"modified":"2019-02-22T15:39:19","modified_gmt":"2019-02-22T14:39:19","slug":"grieg-piano-concerto-and-lyric-pieces","status":"publish","type":"product","link":"https:\/\/grappa.no\/no\/albums\/simax-classics\/grieg-piano-concerto-and-lyric-pieces\/","title":{"rendered":"Grieg Piano Concerto and Lyric Pieces"},"content":{"rendered":"<p><\/p>\n<p>Eva Knardahl i Griegs mesterverk<\/p>\n<p>\u201dGriegs klaverkonsert er den beste klaverkonserten som er skrevet,\u201d skal Rakhmaninov, i f\u00f8lge Arthur Rubinstein, ha sagt. Grieg selv er ikke fullt s\u00e5 bombastisk i sine uttalelser fra komposisjons\u00e5ret 1868, der han p\u00e5 sin beskjedne m\u00e5te forteller at han har \u201dskrevet en konsert for klaver og orkester som jeg tror inneholder gode ting.\u201d Lite visste han at han var i ferd med \u00e5 lage en konsert som etterhvert skulle fremst\u00e5 som selve hovedverket i norsk musikkhistorie. Like frem til i dag er klaverkonserten blitt st\u00e5ende som nettopp en klanglig realisering av det nasjonalromantiske Norge. <\/p>\n<p>P\u00e5 denne platen finner vi Eva Knardahls og Det Litauiske Nasjonale Symfoniorkesters versjon av den gedigne suksessen som er Griegs a-moll konsert. Eva Knardahl har gjort seg bemerket som en av Norges aller fremste pianister, med en lang og innholdsrik karriere som inkluderer alt i fra en rekke innspillinger og konsertturneer til radio- og TV-opptredener. P\u00e5 dette albumet finner vi ogs\u00e5 stykker fra syv av de ti heftene med Griegs \u201dLyriske stykker\u201d \u2013 et vesentlig bidrag til romantikkens diminutive kunst. Istedenfor \u00e5 samle alle de mest kjente som \u201dTroldtog\u201d, \u201dKlokkeklang\u201d eller \u201dBryllupsdag p\u00e5 Troldhaugen\u201d, har Eva Knardahl her valgt ut en del stykker som ikke er fullt s\u00e5 mye spilt, men som \u00e5penbart burde bli det.<\/p>\n<p><!--more--><\/p>\n<h4><\/h4>\n<\/p>\n<h4><\/h4>\n<p><h4><\/h4>\n<\/p>\n<p><\/p>","protected":false},"excerpt":{"rendered":"<p>Eva Knardahl fremf\u00f8rer Griegs sv\u00e6rt suksessfulle a-moll konsert og flere av hans mindre kjente pianostykker fra &quot;Lyriske stykker&quot;.<\/p>\n","protected":false},"featured_media":30735,"comment_status":"closed","ping_status":"open","template":"","meta":[],"product_brand":[],"product_cat":[180],"product_tag":[],"class_list":{"0":"post-30730","1":"product","2":"type-product","3":"status-publish","4":"has-post-thumbnail","6":"product_cat-simax-classics","7":"product_shipping_class-cddvd-shipping","8":"uni_artist_tag-andrew-keener","9":"uni_artist_tag-edvard-grieg","10":"uni_artist_tag-eva-knardahl","11":"uni_artist_tag-lithuanian-national-symph-orchestra","12":"uni_artist_tag-terje-mikkelsen","13":"uni_main_artist_tag-eva-knardahl","14":"uni_artist_genre-orchestral","15":"uni_artist_genre-piano","17":"first","18":"instock","19":"taxable","20":"shipping-taxable","21":"purchasable","22":"product-type-simple"},"_links":{"self":[{"href":"https:\/\/grappa.no\/no\/wp-json\/wp\/v2\/product\/30730","targetHints":{"allow":["GET"]}}],"collection":[{"href":"https:\/\/grappa.no\/no\/wp-json\/wp\/v2\/product"}],"about":[{"href":"https:\/\/grappa.no\/no\/wp-json\/wp\/v2\/types\/product"}],"replies":[{"embeddable":true,"href":"https:\/\/grappa.no\/no\/wp-json\/wp\/v2\/comments?post=30730"}],"wp:featuredmedia":[{"embeddable":true,"href":"https:\/\/grappa.no\/no\/wp-json\/wp\/v2\/media\/30735"}],"wp:attachment":[{"href":"https:\/\/grappa.no\/no\/wp-json\/wp\/v2\/media?parent=30730"}],"wp:term":[{"taxonomy":"product_brand","embeddable":true,"href":"https:\/\/grappa.no\/no\/wp-json\/wp\/v2\/product_brand?post=30730"},{"taxonomy":"product_cat","embeddable":true,"href":"https:\/\/grappa.no\/no\/wp-json\/wp\/v2\/product_cat?post=30730"},{"taxonomy":"product_tag","embeddable":true,"href":"https:\/\/grappa.no\/no\/wp-json\/wp\/v2\/product_tag?post=30730"}],"curies":[{"name":"wp","href":"https:\/\/api.w.org\/{rel}","templated":true}]}}