{"id":30729,"date":"1995-05-01T00:00:00","date_gmt":"1995-04-30T23:00:00","guid":{"rendered":"http:\/\/www.grappa.no\/no\/albums\/ukategorisert\/britten-rutter-music-for-choir\/"},"modified":"2019-02-22T15:39:16","modified_gmt":"2019-02-22T14:39:16","slug":"britten-rutter-music-for-choir","status":"publish","type":"product","link":"https:\/\/grappa.no\/no\/albums\/simax-classics\/britten-rutter-music-for-choir\/","title":{"rendered":"Britten &amp; Rutter Music for Choir"},"content":{"rendered":"<p><\/p>\n<p>Engelske carols av Britten og Rutter<\/p>\n<p>Benjamin Britten var Storbritannias ledende komponist i det forrige \u00e5rhundret. Med \u201dPeter Grimes\u201d la han grunnen for ny utvikling av britisk opera, og gjennom et stort antall verk skapte han en ny tradisjon for engelsk sang. I verket \u201dA Ceremony of Carols\u201d viser Britten til fulle sin evne til \u00e5 skape sterke musikalske effekter ved hjelp av enkle midler, i sine dristige og friske settinger for en rekke engelske middelaldertekster med harpeakkompagnement. Brittens \u201dA Ceremony of Carols\u201d m\u00e5 ha hatt en p\u00e5virkning p\u00e5 John Rutter og hans verk \u201dDancing Day\u201d. Ogs\u00e5 dette verket tar utgangspunkt i engelske \u201dcarols\u201d med akkompagnement av harpe, men der Britten s\u00f8kte \u00e5 skape en original og samtidsmusikalsk setting for de gamle tekstene, har Rutter heller lagt mer vekt p\u00e5 autentisitet og l\u00f8ftet de originale melodiene og harmoniene direkte inn i en ny musikalsk kontekst. Resultatet er i begge tilfeller sl\u00e5ende vakkert \u2013 ikke minst p\u00e5 grunn av kvinnekoret Voci Nibili og harpist Willy Postmas tolkninger av begge verker p\u00e5 denne innspillingen.<\/p>\n<p><!--more--><\/p>\n<h4><\/h4>\n<\/p>\n<h4><\/h4>\n<p><h4><\/h4>\n<\/p>\n<p><\/p>","protected":false},"excerpt":{"rendered":"<p>Resultatet av Voci Nibilis og Willy Postmas tolkninger av Britten og Rutter er sl\u00e5ende vakkert!<\/p>\n","protected":false},"featured_media":30734,"comment_status":"closed","ping_status":"open","template":"","meta":[],"product_brand":[],"product_cat":[180],"product_tag":[],"class_list":{"0":"post-30729","1":"product","2":"type-product","3":"status-publish","4":"has-post-thumbnail","6":"product_cat-simax-classics","7":"product_shipping_class-cddvd-shipping","8":"uni_artist_tag-benjamin-britten","9":"uni_artist_tag-britta-backlund-rodland","10":"uni_artist_tag-john-rutter","11":"uni_artist_tag-linda-helene-solberg","12":"uni_artist_tag-lisbeth-opdahl-sandvik","13":"uni_artist_tag-maria-gamborg-helbekkmo","14":"uni_artist_tag-tore-simonsen","15":"uni_artist_tag-voci-nobili","16":"uni_artist_tag-willy-postma","17":"uni_main_artist_tag-voci-nobili","18":"uni_artist_genre-choir","19":"uni_artist_genre-religious","21":"first","22":"instock","23":"taxable","24":"shipping-taxable","25":"purchasable","26":"product-type-simple"},"_links":{"self":[{"href":"https:\/\/grappa.no\/no\/wp-json\/wp\/v2\/product\/30729","targetHints":{"allow":["GET"]}}],"collection":[{"href":"https:\/\/grappa.no\/no\/wp-json\/wp\/v2\/product"}],"about":[{"href":"https:\/\/grappa.no\/no\/wp-json\/wp\/v2\/types\/product"}],"replies":[{"embeddable":true,"href":"https:\/\/grappa.no\/no\/wp-json\/wp\/v2\/comments?post=30729"}],"wp:featuredmedia":[{"embeddable":true,"href":"https:\/\/grappa.no\/no\/wp-json\/wp\/v2\/media\/30734"}],"wp:attachment":[{"href":"https:\/\/grappa.no\/no\/wp-json\/wp\/v2\/media?parent=30729"}],"wp:term":[{"taxonomy":"product_brand","embeddable":true,"href":"https:\/\/grappa.no\/no\/wp-json\/wp\/v2\/product_brand?post=30729"},{"taxonomy":"product_cat","embeddable":true,"href":"https:\/\/grappa.no\/no\/wp-json\/wp\/v2\/product_cat?post=30729"},{"taxonomy":"product_tag","embeddable":true,"href":"https:\/\/grappa.no\/no\/wp-json\/wp\/v2\/product_tag?post=30729"}],"curies":[{"name":"wp","href":"https:\/\/api.w.org\/{rel}","templated":true}]}}