{"id":30727,"date":"1995-01-01T00:00:00","date_gmt":"1994-12-31T23:00:00","guid":{"rendered":"http:\/\/www.grappa.no\/no\/albums\/ukategorisert\/antonio-bibalo-piano-solo-in-the-evening-the-complete-music-for-piano\/"},"modified":"2019-02-22T15:39:06","modified_gmt":"2019-02-22T14:39:06","slug":"antonio-bibalo-piano-solo-in-the-evening-the-complete-music-for-piano","status":"publish","type":"product","link":"https:\/\/grappa.no\/no\/albums\/simax-classics\/antonio-bibalo-piano-solo-in-the-evening-the-complete-music-for-piano\/","title":{"rendered":"Antonio Bibalo: Piano Solo in the Evening. The complete music for piano."},"content":{"rendered":"<p><\/p>\n<p>Et m\u00f8te mellom Antonio Bibalo og Anders Brunsvik<\/p>\n<p>Antonio Bibalos musikk er h\u00f8yst personlig, gjennomsyret med en styrke som kun er hans egen. Med frihet rundt genrerammer som et n\u00f8kkelaspekt ved hans musikk, bygger hans musikk p\u00e5 inspirasjoner som Sch\u00f6nbergs frie tonalitet, impresjonistenes tonespr\u00e5k, Bachs polyfoni, rytmer og skalaer fra Balkan, og til og med jazz. F\u00f8dt i Trieste i 1922, vokste Bibalo opp i en kulturell smeltedigel og en musikalsk familie, noe som utvilsomt har hatt en p\u00e5virkning p\u00e5 hans musikk, i tillegg til komponister som Bach, Beethoven, Liszt, Brahms, Chopin, Debussy og Bartok. P\u00e5 dette albumet g\u00e5r den anerkjente pianisten Anders Brunsvik i dybden p\u00e5 Bibalos pianistiske verk og sikrer komponistens musikalske arv for fremtidige generasjoner. <\/p>\n<p>Anders Brunsvik har et omfattende repertoar b\u00e5de som solist og som kammermusikker, og har turnert i Norge, \u00d8sterrike, tidligere Jugoslavia og Marokko. Han har gjort n\u00e6rmere 250 konsertopptredener under norsk statsst\u00f8tte for nasjonal promotering av musikk og ga i 1993 en rekke konserter i forbindelse med 150-\u00e5rs jubileet for Edvard Griegs f\u00f8dselsdag. Brunsvik har opptr\u00e5dt b\u00e5de p\u00e5 radio og TV og har gjort en rekke innspillinger av samtidsmusikk, b\u00e5de som solist og kammermusikalsk.<\/p>\n<p><!--more--><\/p>\n<h4><\/h4>\n<\/p>\n<h4><\/h4>\n<p><h4><\/h4>\n<\/p>\n<p><\/p>","protected":false},"excerpt":{"rendered":"<p>P\u00e5 dette albumet g\u00e5r den anerkjente pianisten Anders Brunsvik i dybden p\u00e5 Bibalos pianistiske verk og sikrer komponistens musikalske arv for fremtidige generasjoner.<\/p>\n","protected":false},"featured_media":30732,"comment_status":"closed","ping_status":"open","template":"","meta":[],"product_brand":[],"product_cat":[180],"product_tag":[],"class_list":{"0":"post-30727","1":"product","2":"type-product","3":"status-publish","4":"has-post-thumbnail","6":"product_cat-simax-classics","7":"product_shipping_class-cddvd-shipping","8":"uni_artist_tag-anders-brunsvik","9":"uni_artist_tag-antonio-bibalo","10":"uni_artist_tag-arne-akselberg","11":"uni_main_artist_tag-anders-brunsvik","12":"uni_artist_genre-contemporary-music","13":"uni_artist_genre-piano","15":"first","16":"instock","17":"taxable","18":"shipping-taxable","19":"purchasable","20":"product-type-simple"},"_links":{"self":[{"href":"https:\/\/grappa.no\/no\/wp-json\/wp\/v2\/product\/30727","targetHints":{"allow":["GET"]}}],"collection":[{"href":"https:\/\/grappa.no\/no\/wp-json\/wp\/v2\/product"}],"about":[{"href":"https:\/\/grappa.no\/no\/wp-json\/wp\/v2\/types\/product"}],"replies":[{"embeddable":true,"href":"https:\/\/grappa.no\/no\/wp-json\/wp\/v2\/comments?post=30727"}],"wp:featuredmedia":[{"embeddable":true,"href":"https:\/\/grappa.no\/no\/wp-json\/wp\/v2\/media\/30732"}],"wp:attachment":[{"href":"https:\/\/grappa.no\/no\/wp-json\/wp\/v2\/media?parent=30727"}],"wp:term":[{"taxonomy":"product_brand","embeddable":true,"href":"https:\/\/grappa.no\/no\/wp-json\/wp\/v2\/product_brand?post=30727"},{"taxonomy":"product_cat","embeddable":true,"href":"https:\/\/grappa.no\/no\/wp-json\/wp\/v2\/product_cat?post=30727"},{"taxonomy":"product_tag","embeddable":true,"href":"https:\/\/grappa.no\/no\/wp-json\/wp\/v2\/product_tag?post=30727"}],"curies":[{"name":"wp","href":"https:\/\/api.w.org\/{rel}","templated":true}]}}