{"id":30724,"date":"1993-06-11T00:00:00","date_gmt":"1993-06-10T23:00:00","guid":{"rendered":"http:\/\/www.grappa.no\/no\/albums\/ukategorisert\/edvard-grieg-op-66-op-72\/"},"modified":"2019-02-22T15:39:03","modified_gmt":"2019-02-22T14:39:03","slug":"edvard-grieg-op-66-op-72","status":"publish","type":"product","link":"https:\/\/grappa.no\/no\/albums\/simax-classics\/edvard-grieg-op-66-op-72\/","title":{"rendered":"Edvard Grieg: Op. 66 &amp; Op. 72"},"content":{"rendered":"<p><\/p>\n<p>Edvard Griegs kj\u00e6rlighet til folketonen<\/p>\n<p>Edvard Griegs melodiske og rytmiske kilder ligger i den genuine, p\u00e5 den tiden sparsomt belyste norske folketonen. Da Grieg kom i femti\u00e5rene forsterket hans forhold til den norske folkemusikken seg, av mange grunner: gjenopplevelsen av mektig norsk natur i selskap med gode venner p\u00e5 ferd gjennom fjorder, fjell og daler. M\u00f8ter med mennesker i enn\u00e5 isolerte bygder, p\u00e5 st\u00f8ler og s\u00e6tre, i fekarshytter og veidemannsbuer der folketonen enn\u00e5 levde i pakt med sin funksjonelle opprinnelse. S\u00e5 kommer det alts\u00e5 fra Griegs h\u00e5nd i 1896-97 det dyptpl\u00f8yende mesterstykket, opus 66, \u201dNorske folkeviser\u201d. Og p\u00e5 terskelen til et nytt \u00e5rhundre \u201dSl\u00e5tter\u201d, norske bondedanser, opus 72, med store utfordringer til stadig nye pianistgenerasjoner. Nettopp i disse to samlingene \u2013 og i deres kilder \u2013 er det at de tre vestnorske tonekunstnerne Geir Botnen (piano), Knut Hamre (hardingfele) og Reidun Horvei (sang) har hentet materiale til dette albumet.<\/p>\n<p>Reidun Horvei har f\u00e5tt folkemusikktradisjonen med seg fra unge \u00e5r, har studert med flere av v\u00e5re fremste representanter for den gamle kvedingskunsten, og nyter stor anseelse for sine folketonetolkninger. Knut Hamre vokste opp i et frodig folkemusikkmilj\u00f8 der hardingfelen har v\u00e6rt dyrket gjennom hundre\u00e5r og teller n\u00e5 blant tidens fremste ut\u00f8vere p\u00e5 nasjonalinstrumentet. Ogs\u00e5 trekl\u00f8verets pianist Geir Botnen har folkemusikktradisjonen i blodet og s\u00e5ledes engasjert seg i tolkninger av vestnorske tonediktere, fra Edvard Grieg til Geirr Tveitt. De tre rotekte vestlandskunstnerne har turnert rundt om i Hordaland fylke og har ogs\u00e5 gitt konsert i Troldsalen p\u00e5 Griegs Troldhaugen i Festspillenes regi.<\/p>\n<p><!--more--><\/p>\n<h4><\/h4>\n<\/p>\n<h4><\/h4>\n<p><h4><\/h4>\n<\/p>\n<p><\/p>","protected":false},"excerpt":{"rendered":"<p>Edvard Griegs mesterverker &quot;Norske folkeviser&quot; og &quot;Sl\u00e5tter&quot;, fremragende fremf\u00f8rt av folkemusikktrekl\u00f8veret Geir Botnen, Knut Hamre og Reidun Horvei.<\/p>\n","protected":false},"featured_media":30726,"comment_status":"closed","ping_status":"open","template":"","meta":[],"product_brand":[],"product_cat":[180],"product_tag":[],"class_list":{"0":"post-30724","1":"product","2":"type-product","3":"status-publish","4":"has-post-thumbnail","6":"product_cat-simax-classics","7":"product_shipping_class-cddvd-shipping","8":"uni_artist_tag-arne-akselberg","9":"uni_artist_tag-edvard-grieg","10":"uni_artist_tag-geir-botnen","11":"uni_artist_tag-knut-hamre","12":"uni_artist_tag-reidun-horvei","13":"uni_main_artist_tag-geir-botnen","14":"uni_artist_genre-folk-music","16":"first","17":"instock","18":"taxable","19":"shipping-taxable","20":"purchasable","21":"product-type-simple"},"_links":{"self":[{"href":"https:\/\/grappa.no\/no\/wp-json\/wp\/v2\/product\/30724","targetHints":{"allow":["GET"]}}],"collection":[{"href":"https:\/\/grappa.no\/no\/wp-json\/wp\/v2\/product"}],"about":[{"href":"https:\/\/grappa.no\/no\/wp-json\/wp\/v2\/types\/product"}],"replies":[{"embeddable":true,"href":"https:\/\/grappa.no\/no\/wp-json\/wp\/v2\/comments?post=30724"}],"wp:featuredmedia":[{"embeddable":true,"href":"https:\/\/grappa.no\/no\/wp-json\/wp\/v2\/media\/30726"}],"wp:attachment":[{"href":"https:\/\/grappa.no\/no\/wp-json\/wp\/v2\/media?parent=30724"}],"wp:term":[{"taxonomy":"product_brand","embeddable":true,"href":"https:\/\/grappa.no\/no\/wp-json\/wp\/v2\/product_brand?post=30724"},{"taxonomy":"product_cat","embeddable":true,"href":"https:\/\/grappa.no\/no\/wp-json\/wp\/v2\/product_cat?post=30724"},{"taxonomy":"product_tag","embeddable":true,"href":"https:\/\/grappa.no\/no\/wp-json\/wp\/v2\/product_tag?post=30724"}],"curies":[{"name":"wp","href":"https:\/\/api.w.org\/{rel}","templated":true}]}}