{"id":30723,"date":"1993-05-01T00:00:00","date_gmt":"1993-04-30T23:00:00","guid":{"rendered":"http:\/\/www.grappa.no\/no\/albums\/ukategorisert\/music-for-tuba\/"},"modified":"2019-02-22T15:39:00","modified_gmt":"2019-02-22T14:39:00","slug":"music-for-tuba","status":"publish","type":"product","link":"https:\/\/grappa.no\/no\/albums\/simax-classics\/music-for-tuba\/","title":{"rendered":"Music for Tuba"},"content":{"rendered":"<p><\/p>\n<p>\u00d8ystein Baadsvik \u2013 tuba-virtuos!<\/p>\n<p>En av verdens fremste tubaister, \u00d8ystein Baadsvik, fremf\u00f8rer med pianist Niklas Sivel\u00f6v og Den Svenske Messingkvintetten moderne musikk for tuba. Med bakgrunn i b\u00e5de klassisk musikk, storband og rockeband, har Baadsvik lagt omfattende turn\u00e9virksomhet bak seg, inkludert rollen som solist med de fleste norske symfoniorkestre. P\u00e5 denne utgivelsen beveger han seg smidig mellom en rekke ulike verker fra det forrige \u00e5rhundret, inkludert flere skrevet spesifikt for Baadsvik selv. <\/p>\n<p>F\u00f8rst ut er Paul Hindemiths tresatsige tubasonate, et verk innenfor hans nyorientering i retning av et mer dissonerende tonespr\u00e5k \u2013 en kontrast til hans teorier om tonaliteten som en slags musikkens tyngdekraft. Deretter f\u00f8lger Trygve Madsens \u201dSonate for tuba og klaver\u201d, et verk \u00e5penbart skrevet for musikerne og publikum og ikke mot dem, i sin musikantiske, milde kromatiske og flytende melodikk og moderat tonale stil. Niklas Sivel\u00f8vs \u201dSonate for tuba og klaver\u201d stiller derimot store tekniske krav til ut\u00f8veren i en kombinasjon av den musikantiske spiel-tradisjonen og den mer modernistiske utforskningen av instrumentets klanglige ressurser. Enda mindre musikantisk blir det i amerikaneren William Krafts \u201dEncounters II for Tuba Solo\u201d, et verk som skiller seg ut som det mest moderne stykket p\u00e5 albumet. Mer deklamatorisk enn melodisk anlagt, pr\u00f8ver det ut de ulike klangfargekontrastene og stemningsleiene innenfor instrumentets register. I Morten Gaathaugs \u201dSonata Concertante\u201d for tuba solo og messingkvintett vender \u00d8ystein Baadsvik igjen tilbake til det mer tilgjengelige. Med sine friske, ofte treklangsbaserte temaer og den enkle harmonikken, er dette musikk som gir seg det diverterende i vold. Her settes ikke annet p\u00e5 spill enn musikken selv, n\u00e6rmest frekk i sin umiddelbare enkelhet.<\/p>\n<p><!--more--><\/p>\n<h4><\/h4>\n<\/p>\n<h4><\/h4>\n<p><h4><\/h4>\n<\/p>\n<p><\/p>","protected":false},"excerpt":{"rendered":"<p>&#8211; This spectacular recording establishes Baadsvik as one of the best solo tubaists in the world. [American Record Guide]<\/p>\n","protected":false},"featured_media":30725,"comment_status":"closed","ping_status":"open","template":"","meta":[],"product_brand":[],"product_cat":[180],"product_tag":[],"class_list":{"0":"post-30723","1":"product","2":"type-product","3":"status-publish","4":"has-post-thumbnail","6":"product_cat-simax-classics","7":"product_shipping_class-cddvd-shipping","8":"uni_artist_tag-arne-akselberg","9":"uni_artist_tag-jorn-pedersen","10":"uni_artist_tag-morten-gaathaug","11":"uni_artist_tag-niklas-sivelov","12":"uni_artist_tag-oystein-baadsvik","13":"uni_artist_tag-paul-hindemith","14":"uni_artist_tag-the-swedish-brass-quintet","15":"uni_artist_tag-trygve-madsen","16":"uni_artist_tag-william-craft","17":"uni_main_artist_tag-oystein-baadsvik","18":"uni_artist_genre-brass","19":"uni_artist_genre-chamber-music","20":"uni_artist_genre-contemporary-music","22":"first","23":"instock","24":"taxable","25":"shipping-taxable","26":"purchasable","27":"product-type-simple"},"_links":{"self":[{"href":"https:\/\/grappa.no\/no\/wp-json\/wp\/v2\/product\/30723","targetHints":{"allow":["GET"]}}],"collection":[{"href":"https:\/\/grappa.no\/no\/wp-json\/wp\/v2\/product"}],"about":[{"href":"https:\/\/grappa.no\/no\/wp-json\/wp\/v2\/types\/product"}],"replies":[{"embeddable":true,"href":"https:\/\/grappa.no\/no\/wp-json\/wp\/v2\/comments?post=30723"}],"wp:featuredmedia":[{"embeddable":true,"href":"https:\/\/grappa.no\/no\/wp-json\/wp\/v2\/media\/30725"}],"wp:attachment":[{"href":"https:\/\/grappa.no\/no\/wp-json\/wp\/v2\/media?parent=30723"}],"wp:term":[{"taxonomy":"product_brand","embeddable":true,"href":"https:\/\/grappa.no\/no\/wp-json\/wp\/v2\/product_brand?post=30723"},{"taxonomy":"product_cat","embeddable":true,"href":"https:\/\/grappa.no\/no\/wp-json\/wp\/v2\/product_cat?post=30723"},{"taxonomy":"product_tag","embeddable":true,"href":"https:\/\/grappa.no\/no\/wp-json\/wp\/v2\/product_tag?post=30723"}],"curies":[{"name":"wp","href":"https:\/\/api.w.org\/{rel}","templated":true}]}}