{"id":30721,"date":"1994-01-01T00:00:00","date_gmt":"1993-12-31T23:00:00","guid":{"rendered":"http:\/\/www.grappa.no\/no\/albums\/ukategorisert\/corno-di-norvegia\/"},"modified":"2019-02-22T15:38:56","modified_gmt":"2019-02-22T14:38:56","slug":"corno-di-norvegia","status":"publish","type":"product","link":"https:\/\/grappa.no\/no\/albums\/simax-classics\/corno-di-norvegia\/","title":{"rendered":"Corno di Norvegia"},"content":{"rendered":"<p><\/p>\n<p>Norske hornkonserter fra tre generasjoner<\/p>\n<p>Fr\u00f8ydis Ree Wekre h\u00f8rer til de internasjonalt kjente hornister. Hun har turnert i en rekke europeiske land, foruten i USA og Canada, og har overalt h\u00f8stet glimrende kritikker. Som kammermusiker befinner hun seg ogs\u00e5 i fremste rekke, og hun har medvirket ved tallrike plateinnspillinger. Ikke minst er Fr\u00f8ydis Ree Wekre ogs\u00e5 kjent for b\u00e5de sitt spill og for sitt n\u00e6re forhold til samtidsmusikk. Alle hennes konserter p\u00e5 denne platen er resultater av hennes arbeid for \u00e5 fremskaffe nytt repertoar til sitt instrument.<\/p>\n<p>Musikken p\u00e5 dette albumet representerer tre forskjellige generasjoner komponister, alle markante personligheter i det samtidsmusikalske bildet. Felles for dem alle tre er at tonespr\u00e5ket deres kommuniserer direkte. De trenger ingen filosofisk overbygning for \u00e5 forklare, eller bortforklare, sin musikk. Fremf\u00f8rt av Fr\u00f8ydis Ree Wekre og Trondheim Symfoniorkester, med dirigent Ole Kristian Ruud, er musikken p\u00e5 denne platen av godt musikantisk h\u00e5ndverk. Wolfgang Plagges hornkonsert drives frem av kjernemotiver i stadig knoppskyting, underbygget av hissige ostinater som sikrer en frisk dynamisk fremdrift. Trygve Madsens musikalske spr\u00e5kbruk st\u00e5r i n\u00e6r kontakt med tidligere tiders musikk, og hans hornkonsert drar tankene tilbake til b\u00e5de Richard Strauss og russisk h\u00f8yromantikk i all sin pregnante og melodiske uttrykksfullhet. Knut Nystedts hornkonsert, skrevet p\u00e5 bestilling av Fr\u00f8ydis Ree Wekre selv, er p\u00e5 sin side hum\u00f8rfylt og frisk, frodig og fargerik, med en diverterende karakter i form av en nyvennlig stil.<\/p>\n<p><!--more--><\/p>\n<h4><\/h4>\n<\/p>\n<h4><\/h4>\n<p><h4><\/h4>\n<\/p>\n<p><\/p>","protected":false},"excerpt":{"rendered":"<p>Fr\u00f8ydis Ree Wekre og Trondheim Symfoniorkester fremf\u00f8rer musikk av tre generasjoner komponister, alle markante personligheter i det samtidsmusikalske bildet.<\/p>\n","protected":false},"featured_media":30722,"comment_status":"closed","ping_status":"open","template":"","meta":[],"product_brand":[],"product_cat":[180],"product_tag":[],"class_list":{"0":"post-30721","1":"product","2":"type-product","3":"status-publish","4":"has-post-thumbnail","6":"product_cat-simax-classics","7":"product_shipping_class-cddvd-shipping","8":"uni_artist_tag-froydis-ree-wekre","9":"uni_artist_tag-john-west","10":"uni_artist_tag-knut-nystedt","11":"uni_artist_tag-ole-kristian-ruud","12":"uni_artist_tag-trondheim-symphony-orchestra","13":"uni_artist_tag-trygve-madsen","14":"uni_artist_tag-wolfgang-plagge","15":"uni_main_artist_tag-froydis-ree-wekre","16":"uni_artist_genre-concerto","17":"uni_artist_genre-contemporary-music","19":"first","20":"outofstock","21":"taxable","22":"shipping-taxable","23":"product-type-simple"},"_links":{"self":[{"href":"https:\/\/grappa.no\/no\/wp-json\/wp\/v2\/product\/30721","targetHints":{"allow":["GET"]}}],"collection":[{"href":"https:\/\/grappa.no\/no\/wp-json\/wp\/v2\/product"}],"about":[{"href":"https:\/\/grappa.no\/no\/wp-json\/wp\/v2\/types\/product"}],"replies":[{"embeddable":true,"href":"https:\/\/grappa.no\/no\/wp-json\/wp\/v2\/comments?post=30721"}],"wp:featuredmedia":[{"embeddable":true,"href":"https:\/\/grappa.no\/no\/wp-json\/wp\/v2\/media\/30722"}],"wp:attachment":[{"href":"https:\/\/grappa.no\/no\/wp-json\/wp\/v2\/media?parent=30721"}],"wp:term":[{"taxonomy":"product_brand","embeddable":true,"href":"https:\/\/grappa.no\/no\/wp-json\/wp\/v2\/product_brand?post=30721"},{"taxonomy":"product_cat","embeddable":true,"href":"https:\/\/grappa.no\/no\/wp-json\/wp\/v2\/product_cat?post=30721"},{"taxonomy":"product_tag","embeddable":true,"href":"https:\/\/grappa.no\/no\/wp-json\/wp\/v2\/product_tag?post=30721"}],"curies":[{"name":"wp","href":"https:\/\/api.w.org\/{rel}","templated":true}]}}