{"id":30689,"date":"1994-09-28T00:00:00","date_gmt":"1994-09-27T23:00:00","guid":{"rendered":"http:\/\/www.grappa.no\/no\/albums\/ukategorisert\/brahms-piano-trios-nos-1-2\/"},"modified":"2019-02-22T15:38:53","modified_gmt":"2019-02-22T14:38:53","slug":"brahms-piano-trios-nos-1-2","status":"publish","type":"product","link":"https:\/\/grappa.no\/no\/albums\/simax-classics\/brahms-piano-trios-nos-1-2\/","title":{"rendered":"Brahms Piano Trios Nos. 1 &amp; 2"},"content":{"rendered":"<p><\/p>\n<p>Grieg Trio og Johannes Brahms\u00b4 pianotrioer<\/p>\n<p>Prisbel\u00f8nte Grieg Trios spill er \u201dalt man kan \u00f8nske seg fra en trio: presist, balansert, med vakre avskygninger og formet slik at man ser inn i musikken, ikke gjennom den.\u201d Dette skrev The New York Times om Grieg Trio etter en av deres konserter i USA, en beskrivelse som like gjerne kunne v\u00e6rt om denne innspillingen. Trioens fremf\u00f8ringer av Johannes Brahms pianotrioer er minst like oppsiktsvekkende som deres forrige innspilling av Mendelssohns pianotrioer (PSC1069). <\/p>\n<p>I motsetning til en rekke andre komponister, etterlot ikke Brahms fremtidige generasjoner notatb\u00f8ker fulle av uferdige verker. Det er derfor veldig uvanlig at han etterlot seg to versjoner av sin f\u00f8rste pianotrio. Brahms reviderte versjon av sin piano trio nr. 1 i H-dur, er mesterlig fremf\u00f8rt av Grieg Trio p\u00e5 denne innspillingen \u2013 et verk Clara Schumann en gang beskrev som \u201den komplett suksess\u201d. Clara Schumann var ogs\u00e5 like imponert over Brahms andre pianotrio i C-dur som hun beskrev som \u201den stor musikalsk nytelse.\u201d Fra de skyggeaktige, kromatiske temaene i f\u00f8rstesatsen, via den melankolske andre- og mystiske tredjesatsen, til den forn\u00f8yelige avslutningen, er Grieg Trios tolkning av verket intet mindre enn oppsiktsvekkende.<\/p>\n<p><!--more--><\/p>\n<h4><\/h4>\n<\/p>\n<h4><\/h4>\n<p><h4><\/h4>\n<\/p>\n<p><\/p>","protected":false},"excerpt":{"rendered":"<p>&#8211; Eine Aufnahme, die wirklich Ma\u00dfst\u00e4be setzt. [Fono Forum]<\/p>\n","protected":false},"featured_media":30694,"comment_status":"closed","ping_status":"open","template":"","meta":[],"product_brand":[],"product_cat":[180],"product_tag":[],"class_list":{"0":"post-30689","1":"product","2":"type-product","3":"status-publish","4":"has-post-thumbnail","6":"product_cat-simax-classics","7":"product_shipping_class-cddvd-shipping","8":"uni_artist_tag-grieg-trio","9":"uni_artist_tag-johannes-brahms","10":"uni_artist_tag-tony-harrison","11":"uni_main_artist_tag-grieg-trio","12":"uni_artist_genre-chamber-music","14":"first","15":"instock","16":"taxable","17":"shipping-taxable","18":"purchasable","19":"product-type-simple"},"_links":{"self":[{"href":"https:\/\/grappa.no\/no\/wp-json\/wp\/v2\/product\/30689","targetHints":{"allow":["GET"]}}],"collection":[{"href":"https:\/\/grappa.no\/no\/wp-json\/wp\/v2\/product"}],"about":[{"href":"https:\/\/grappa.no\/no\/wp-json\/wp\/v2\/types\/product"}],"replies":[{"embeddable":true,"href":"https:\/\/grappa.no\/no\/wp-json\/wp\/v2\/comments?post=30689"}],"wp:featuredmedia":[{"embeddable":true,"href":"https:\/\/grappa.no\/no\/wp-json\/wp\/v2\/media\/30694"}],"wp:attachment":[{"href":"https:\/\/grappa.no\/no\/wp-json\/wp\/v2\/media?parent=30689"}],"wp:term":[{"taxonomy":"product_brand","embeddable":true,"href":"https:\/\/grappa.no\/no\/wp-json\/wp\/v2\/product_brand?post=30689"},{"taxonomy":"product_cat","embeddable":true,"href":"https:\/\/grappa.no\/no\/wp-json\/wp\/v2\/product_cat?post=30689"},{"taxonomy":"product_tag","embeddable":true,"href":"https:\/\/grappa.no\/no\/wp-json\/wp\/v2\/product_tag?post=30689"}],"curies":[{"name":"wp","href":"https:\/\/api.w.org\/{rel}","templated":true}]}}