{"id":30688,"date":"1994-05-01T00:00:00","date_gmt":"1994-04-30T23:00:00","guid":{"rendered":"http:\/\/www.grappa.no\/no\/albums\/ukategorisert\/johan-svendsen-music-for-strings\/"},"modified":"2024-03-06T11:54:19","modified_gmt":"2024-03-06T10:54:19","slug":"johan-svendsen-music-for-strings","status":"publish","type":"product","link":"https:\/\/grappa.no\/no\/albums\/simax-classics\/johan-svendsen-music-for-strings\/","title":{"rendered":"Johan Svendsen: Music for strings"},"content":{"rendered":"<p><\/p>\n<p>Johan Svendsens komplette verk for strykeorkester<\/p>\n<p>Ris\u00f8r Festival Strings har under Lars Anders Tomters ledelse markert seg med ettertrykk internasjonalt. Under Gidon Kremers kammermusikkfestival i Lockenhaus 1993 imponerte de Wiener-avisenes kresne musikkskribenter. Med stor suksess har orkesteret ogs\u00e5 tidligere presentert norsk musikk i London. Ogs\u00e5 p\u00e5 dette albumet gj\u00f8r ensemblet en betydelig innsats for \u00e5 presentere norsk musikk for et bredere publikum. <\/p>\n<p>Knapt har vi hatt en skikkelse i norsk musikkliv med st\u00f8rre evne til \u00e5 skape respekt og beundring parret med den varmeste og dypeste menneskelige appell hos store befolkningsgrupper. For mange er Johan Svendsen det n\u00e6rmeste en kan komme fullkommenliggj\u00f8relsen av norsk musikk. Ute i den store allmenne musikkverden fremst\u00e5r Johan Svendsen i dag f\u00f8rst og fremst som komponisten av et eneste verk, \u201dFiolinromansen\u201d, hans opus 26, som ved siden av Beethovens to fiolinromanser t\u00f8r v\u00e6re det fineste og mest spilte i kategorien ensatsige verk for fiolin og orkester. Ris\u00f8r Festival Strings gj\u00f8r sammen med Henning Kraggerud naturligvis en fantastisk versjon av stykket. Men Svendsen har ogs\u00e5 en rekke andre betydelig verker i sin opusliste, ikke minst hans strykeoktett, en milep\u00e6l innenfor all nordisk kammermusikk, hans tolkninger av norsk, svensk og islandsk folketoner, eller hans orkesterarrangementer av Schumann-miniatyrer, verk som alle n\u00f8t stor popularitet i sin samtid og som holder seg like godt den dag i dag.<\/p>\n<p><!--more--><\/p>\n<h4><\/h4>\n<\/p>\n<h4><\/h4>\n<p><h4><\/h4>\n<\/p>\n<p><\/p>","protected":false},"excerpt":{"rendered":"<p>For mange er Johan Svendsen det n\u00e6rmeste en kan komme fullkommenliggj\u00f8relsen av norsk musikk.<\/p>\n","protected":false},"featured_media":30693,"comment_status":"closed","ping_status":"closed","template":"","meta":[],"product_brand":[],"product_cat":[180],"product_tag":[],"class_list":{"0":"post-30688","1":"product","2":"type-product","3":"status-publish","4":"has-post-thumbnail","6":"product_cat-simax-classics","7":"product_shipping_class-cddvd-shipping","8":"uni_artist_tag-henning-kraggerud","9":"uni_artist_tag-johan-svendsen","10":"uni_artist_tag-lars-anders-tomter","11":"uni_artist_tag-risor-festival-strings","12":"uni_main_artist_tag-risor-festival-strings","13":"uni_artist_genre-norwegian","14":"uni_artist_genre-strings","16":"first","17":"outofstock","18":"taxable","19":"shipping-taxable","20":"purchasable","21":"product-type-simple"},"_links":{"self":[{"href":"https:\/\/grappa.no\/no\/wp-json\/wp\/v2\/product\/30688","targetHints":{"allow":["GET"]}}],"collection":[{"href":"https:\/\/grappa.no\/no\/wp-json\/wp\/v2\/product"}],"about":[{"href":"https:\/\/grappa.no\/no\/wp-json\/wp\/v2\/types\/product"}],"replies":[{"embeddable":true,"href":"https:\/\/grappa.no\/no\/wp-json\/wp\/v2\/comments?post=30688"}],"wp:featuredmedia":[{"embeddable":true,"href":"https:\/\/grappa.no\/no\/wp-json\/wp\/v2\/media\/30693"}],"wp:attachment":[{"href":"https:\/\/grappa.no\/no\/wp-json\/wp\/v2\/media?parent=30688"}],"wp:term":[{"taxonomy":"product_brand","embeddable":true,"href":"https:\/\/grappa.no\/no\/wp-json\/wp\/v2\/product_brand?post=30688"},{"taxonomy":"product_cat","embeddable":true,"href":"https:\/\/grappa.no\/no\/wp-json\/wp\/v2\/product_cat?post=30688"},{"taxonomy":"product_tag","embeddable":true,"href":"https:\/\/grappa.no\/no\/wp-json\/wp\/v2\/product_tag?post=30688"}],"curies":[{"name":"wp","href":"https:\/\/api.w.org\/{rel}","templated":true}]}}