{"id":30687,"date":"1994-06-10T00:00:00","date_gmt":"1994-06-09T23:00:00","guid":{"rendered":"http:\/\/www.grappa.no\/no\/albums\/ukategorisert\/classical-accordion\/"},"modified":"2019-02-22T15:38:43","modified_gmt":"2019-02-22T14:38:43","slug":"classical-accordion","status":"publish","type":"product","link":"https:\/\/grappa.no\/no\/albums\/simax-classics\/classical-accordion\/","title":{"rendered":"Classical Accordion"},"content":{"rendered":"<p><\/p>\n<p>Akkordeonstemninger<\/p>\n<p>Geir Draugsvoll er en av akkordeoninstrumentets virtuoser og har lenge v\u00e6rt et ledende navn internasjonalt. P\u00e5 \u201dClassical Accordion\u201d beveger han seg smidig mellom verker av s\u00e5 varierte komponister som Mozart, Stravinsky og Nordheim, for \u00e5 nevne kun noen f\u00e5. Her finner vi alt i fra det neoklassiske, som i Vagn Holmboes sonate, det ekstremt f\u00f8lelsesladede, som i Bent Lorentzens \u201dTears\u201d, ett av akkordeonlitteraturens vesentligste verker, Arne Nordheims \u201dFlashing\u201d, eller det rent klassiske i Mozarts \u201dAndante\u201d. Videre vekker Draugsvoll til live den japanske symbolverdenen i Yuji Takahashis \u201dLike a Water-Buffalo\u201d, nordiske naturskapninger i Staffan Mossenmarks \u201dSkogsv\u00e4sen\u201d, og den organiske tilblivelsen av en uforstyrret vekst i Svend Aaquists \u201dSaga Night\u201d. Sammen med instrumentkollega James Crabb, som er den andre halvdelen av The Classical Accordion Duo\u201d, blir vi ogs\u00e5 presentert en suite fra Stravinsky \u201dPetrouchka\u201d \u2013 arrangert av duoen selv.<\/p>\n<p><!--more--><\/p>\n<h4><\/h4>\n<\/p>\n<h4><\/h4>\n<p><h4><\/h4>\n<\/p>\n<p><\/p>","protected":false},"excerpt":{"rendered":"<p>Geir Draugsvoll beveger seg smidig mellom en rekke varierte verker p\u00e5 &quot;Classical Accordion&quot;.<\/p>\n","protected":false},"featured_media":30692,"comment_status":"closed","ping_status":"open","template":"","meta":[],"product_brand":[],"product_cat":[180],"product_tag":[],"class_list":{"0":"post-30687","1":"product","2":"type-product","3":"status-publish","4":"has-post-thumbnail","6":"product_cat-simax-classics","7":"product_shipping_class-cddvd-shipping","8":"uni_artist_tag-arne-akselberg","9":"uni_artist_tag-arne-nordheim","10":"uni_artist_tag-geir-draugsvoll","11":"uni_artist_tag-igor-stravinsky","12":"uni_artist_tag-james-crabb","13":"uni_artist_tag-vagn-holmboe","14":"uni_artist_tag-wolfgang-amadeus-mozart","15":"uni_main_artist_tag-geir-draugsvoll","16":"uni_artist_genre-contemporary-music","18":"first","19":"instock","20":"taxable","21":"shipping-taxable","22":"purchasable","23":"product-type-simple"},"_links":{"self":[{"href":"https:\/\/grappa.no\/no\/wp-json\/wp\/v2\/product\/30687","targetHints":{"allow":["GET"]}}],"collection":[{"href":"https:\/\/grappa.no\/no\/wp-json\/wp\/v2\/product"}],"about":[{"href":"https:\/\/grappa.no\/no\/wp-json\/wp\/v2\/types\/product"}],"replies":[{"embeddable":true,"href":"https:\/\/grappa.no\/no\/wp-json\/wp\/v2\/comments?post=30687"}],"wp:featuredmedia":[{"embeddable":true,"href":"https:\/\/grappa.no\/no\/wp-json\/wp\/v2\/media\/30692"}],"wp:attachment":[{"href":"https:\/\/grappa.no\/no\/wp-json\/wp\/v2\/media?parent=30687"}],"wp:term":[{"taxonomy":"product_brand","embeddable":true,"href":"https:\/\/grappa.no\/no\/wp-json\/wp\/v2\/product_brand?post=30687"},{"taxonomy":"product_cat","embeddable":true,"href":"https:\/\/grappa.no\/no\/wp-json\/wp\/v2\/product_cat?post=30687"},{"taxonomy":"product_tag","embeddable":true,"href":"https:\/\/grappa.no\/no\/wp-json\/wp\/v2\/product_tag?post=30687"}],"curies":[{"name":"wp","href":"https:\/\/api.w.org\/{rel}","templated":true}]}}