{"id":30685,"date":"1993-03-22T00:00:00","date_gmt":"1993-03-21T23:00:00","guid":{"rendered":"http:\/\/www.grappa.no\/no\/albums\/ukategorisert\/bergen-wind-quintet\/"},"modified":"2019-02-22T15:38:37","modified_gmt":"2019-02-22T14:38:37","slug":"bergen-wind-quintet","status":"publish","type":"product","link":"https:\/\/grappa.no\/no\/albums\/simax-classics\/bergen-wind-quintet\/","title":{"rendered":"Bergen Wind Quintet"},"content":{"rendered":"<p><\/p>\n<p>Vakker musikk for bl\u00e5sekvintett<\/p>\n<p>Bergen Bl\u00e5sekvintett har tidligere spilt inn album med musikk av Barber, Hindemith, Jolivet, S\u00e6verud og Carl Nielsen. Denne gangen har den etterspurte kvintetten plukket ut fem verker av Jacques Ibert, Anton Reicha, Malcolm Arnold, August Klughardt og, nok en gang, Harald S\u00e6verud, som befester kvintettens plass som en av landets fremste ensembler. <\/p>\n<p>Skj\u00f8nnhetsdyrkeren Iberts \u201dTrois pi\u00e8ces br\u00e8ves\u201d, kanskje hans mest kjente kammerverk, viser en komponist som str\u00f8r om seg med lettflytende melodikk og rytmisk spenst, der det poetiske og satiriske g\u00e5r h\u00e5nd i h\u00e5nd. Lettflytende er ogs\u00e5 Reichas bl\u00e5sekvintett, med en enkel og oversiktlig harmonikk i en utadvendt wienerklassisk komposisjon. Arnolds \u201dThree Shanties\u201d har, som tittelen indikerer, r\u00f8tter i den britiske folkemusikken, mer spesifikt arbeidssanger fra seilskutene \u2013 arrangert p\u00e5 sedvanlig elegant vis. Klughardts bl\u00e5sekvintett er en sjeldenhet blant de romantiske verker, et velklingende og elegant stykke som ikke uten grunn har funnet veien til mange ensemblers repertoar. Til slutt har vi S\u00e6verud, en av norsk musikklivs mest s\u00e6rpregede komponister, og hans bl\u00e5sekvintett, et verk med n\u00e6re b\u00e5nd til Bergen Bl\u00e5sekvintett: \u201dDet var faktisk Bergen Bl\u00e5sekvintett som ga meg frisk vind i seilene slik at jeg vekslet kurs. Min f\u00f8rste kvintett demonstrerte at jeg fortsatt var i live. Etterhvert som de fem bl\u00e5serne og jeg kom hverandre n\u00e6rmere inn p\u00e5 livet, rent menneskelig sett, fikk jeg f\u00f8lelsen av at dette var med p\u00e5 \u00e5 belive min fantasi og gi verket dets atmosf\u00e6re av n\u00e6rkontakt.\u201d<\/p>\n<p><!--more--><\/p>\n<h4><\/h4>\n<\/p>\n<h4><\/h4>\n<p><h4><\/h4>\n<\/p>\n<p><\/p>","protected":false},"excerpt":{"rendered":"<p>Bergen Bl\u00e5sekvintett har plukket ut fem utrolig vakre verker som befester kvintettens plass som en av landets fremste ensembler.<\/p>\n","protected":false},"featured_media":30690,"comment_status":"closed","ping_status":"open","template":"","meta":[],"product_brand":[],"product_cat":[180],"product_tag":[],"class_list":{"0":"post-30685","1":"product","2":"type-product","3":"status-publish","4":"has-post-thumbnail","6":"product_cat-simax-classics","7":"product_shipping_class-cddvd-shipping","8":"uni_artist_tag-anton-reicha","9":"uni_artist_tag-arne-akselberg","10":"uni_artist_tag-august-klughardt","11":"uni_artist_tag-bergen-wind-quintet","12":"uni_artist_tag-harald-saeverud","13":"uni_artist_tag-jaques-ibert","14":"uni_main_artist_tag-bergen-wind-quintet","15":"uni_artist_genre-chamber-music","16":"uni_artist_genre-winds","18":"first","19":"instock","20":"taxable","21":"shipping-taxable","22":"purchasable","23":"product-type-simple"},"_links":{"self":[{"href":"https:\/\/grappa.no\/no\/wp-json\/wp\/v2\/product\/30685","targetHints":{"allow":["GET"]}}],"collection":[{"href":"https:\/\/grappa.no\/no\/wp-json\/wp\/v2\/product"}],"about":[{"href":"https:\/\/grappa.no\/no\/wp-json\/wp\/v2\/types\/product"}],"replies":[{"embeddable":true,"href":"https:\/\/grappa.no\/no\/wp-json\/wp\/v2\/comments?post=30685"}],"wp:featuredmedia":[{"embeddable":true,"href":"https:\/\/grappa.no\/no\/wp-json\/wp\/v2\/media\/30690"}],"wp:attachment":[{"href":"https:\/\/grappa.no\/no\/wp-json\/wp\/v2\/media?parent=30685"}],"wp:term":[{"taxonomy":"product_brand","embeddable":true,"href":"https:\/\/grappa.no\/no\/wp-json\/wp\/v2\/product_brand?post=30685"},{"taxonomy":"product_cat","embeddable":true,"href":"https:\/\/grappa.no\/no\/wp-json\/wp\/v2\/product_cat?post=30685"},{"taxonomy":"product_tag","embeddable":true,"href":"https:\/\/grappa.no\/no\/wp-json\/wp\/v2\/product_tag?post=30685"}],"curies":[{"name":"wp","href":"https:\/\/api.w.org\/{rel}","templated":true}]}}