{"id":30683,"date":"1994-06-21T00:00:00","date_gmt":"1994-06-20T23:00:00","guid":{"rendered":"http:\/\/www.grappa.no\/no\/albums\/ukategorisert\/handel-sonatas-for-recorder\/"},"modified":"2020-08-21T13:58:04","modified_gmt":"2020-08-21T12:58:04","slug":"handel-sonatas-for-recorder","status":"publish","type":"product","link":"https:\/\/grappa.no\/no\/albums\/simax-classics\/handel-sonatas-for-recorder\/","title":{"rendered":"H\u00e4ndel: Sonatas for Recorder"},"content":{"rendered":"<p><\/p>\n<p>H\u00e4ndels blokkfl\u00f8ytesonater<\/p>\n<p>H\u00e4ndels naturlige talent for det melodisk tiltrekkende kommer s\u00e6rlig til syne i hans sonater for blokkfl\u00f8yte. P\u00e5 dette albumet fremf\u00f8rer trioen Frode Thorsen (blokkfl\u00f8yte), Hans Knut Sveen (cembalo &amp; orgel) og Jane Odriozola (cello) syv av H\u00e4ndels sonater for instrumentet. Sonatene er skrevet med stor omhu, og det blir antatt at de ble brukt av H\u00e4ndel i hans komposisjonsundervisning. Spesielt bemerkelsesverdig er det at disse sonatene har en usedvanlig selvstendig generalbass, som mer enn \u00e9n gang overskrider grensen mellom akkompagnement og klaverobligat. <\/p>\n<p>Siden sin debut i 1984 har Frode Thorsen fremst\u00e5tt som aktiv solist og kammermusiker med repertoar fra middelalder\/renessanse, barokk og samtid, med flere plateinnspillinger, konserter og radio-\/TV-produksjoner bak seg. Hans Knut Sveen har v\u00e6rt aktiv som organist i Bergen, som solist og akkompagnat\u00f8r med konserter i Skandinavia, Holland og Tyskland. Jane Odriozola har siden 1989 v\u00e6rt ansatt som cellist i Bergen Filharmoniske Orkester, og er en aktiv solist og kammermusiker med stort repertoar.<\/p>\n<p><!--more--><\/p>\n<h4><\/h4>\n<\/p>\n<h4><\/h4>\n<p><h4><\/h4>\n<\/p>\n<p><\/p>","protected":false},"excerpt":{"rendered":"<p>H\u00e4ndels naturlige talent for det melodisk tiltrekkende kommer s\u00e6rlig til syne i hans sonater for blokkfl\u00f8yte.<\/p>\n","protected":false},"featured_media":30684,"comment_status":"closed","ping_status":"open","template":"","meta":[],"product_brand":[],"product_cat":[180],"product_tag":[],"class_list":{"0":"post-30683","1":"product","2":"type-product","3":"status-publish","4":"has-post-thumbnail","6":"product_cat-simax-classics","7":"product_shipping_class-cddvd-shipping","8":"uni_artist_tag-frode-thorsen","9":"uni_artist_tag-georg-friedrich-handel","10":"uni_artist_tag-hans-knut-sveen","11":"uni_artist_tag-jane-odriozola","12":"uni_artist_tag-jorn-pedersen","13":"uni_artist_tag-rolf-gupta","14":"uni_main_artist_tag-frode-thorsen","15":"uni_artist_genre-chamber-music","16":"uni_artist_genre-early-music","18":"first","19":"instock","20":"featured","21":"taxable","22":"shipping-taxable","23":"purchasable","24":"product-type-simple"},"_links":{"self":[{"href":"https:\/\/grappa.no\/no\/wp-json\/wp\/v2\/product\/30683","targetHints":{"allow":["GET"]}}],"collection":[{"href":"https:\/\/grappa.no\/no\/wp-json\/wp\/v2\/product"}],"about":[{"href":"https:\/\/grappa.no\/no\/wp-json\/wp\/v2\/types\/product"}],"replies":[{"embeddable":true,"href":"https:\/\/grappa.no\/no\/wp-json\/wp\/v2\/comments?post=30683"}],"wp:featuredmedia":[{"embeddable":true,"href":"https:\/\/grappa.no\/no\/wp-json\/wp\/v2\/media\/30684"}],"wp:attachment":[{"href":"https:\/\/grappa.no\/no\/wp-json\/wp\/v2\/media?parent=30683"}],"wp:term":[{"taxonomy":"product_brand","embeddable":true,"href":"https:\/\/grappa.no\/no\/wp-json\/wp\/v2\/product_brand?post=30683"},{"taxonomy":"product_cat","embeddable":true,"href":"https:\/\/grappa.no\/no\/wp-json\/wp\/v2\/product_cat?post=30683"},{"taxonomy":"product_tag","embeddable":true,"href":"https:\/\/grappa.no\/no\/wp-json\/wp\/v2\/product_tag?post=30683"}],"curies":[{"name":"wp","href":"https:\/\/api.w.org\/{rel}","templated":true}]}}