{"id":30644,"date":"1993-10-21T00:00:00","date_gmt":"1993-10-20T23:00:00","guid":{"rendered":"http:\/\/www.grappa.no\/no\/albums\/ukategorisert\/mozart-piano-sonatas-vol-2\/"},"modified":"2020-08-21T13:58:04","modified_gmt":"2020-08-21T12:58:04","slug":"mozart-piano-sonatas-vol-2","status":"publish","type":"product","link":"https:\/\/grappa.no\/no\/albums\/simax-classics\/mozart-piano-sonatas-vol-2\/","title":{"rendered":"Mozart Piano Sonatas, Vol. 2"},"content":{"rendered":"<p><\/p>\n<p>Improvisasjones mysterier hos Mozart<\/p>\n<p>Etter Liv Glasers innspilling av de f\u00f8rste fem klaversonatene til den unge Mozart, har hennes vei ledet videre til improvisasjonens forunderlige verden. At Mozart allerede som barn forbl\u00f8ffet publikum med sine eventyrlige evner p\u00e5 dette felt, har vi utallige bevis p\u00e5. P\u00e5 papiret og for ettertiden finnes vel knapt en br\u00f8kdel av alle de ufattelige improvisasjoner Mozart \u201dbeg\u00e5tt\u201d, men vi kan glede oss i takknemlighet over de han har notert ned. Vi kan ogs\u00e5 glede oss over at Liv Glaser har tatt for seg variasjonsverkene som gir et klart bilde av Mozarts mesterskap i genren. <\/p>\n<p>P\u00e5 dette albumet fremf\u00f8rer Liv Glaser tre av Mozarts klaversonater og hans Fantasi, K 475. A-dur-sonaten er kanskje komponistens mest ber\u00f8mte, et verk som m\u00e5 ha henrykket publikum p\u00e5 Mozarts egen tid, med tanke p\u00e5 den tyrkiske \u201dmote-vind\u201d som den gang feiet over Europa. Gleder man seg over de lykkelige kompositoriske l\u00f8sninger i A-dur-sonaten, blir ikke gleden mindre ved bekjentskapet med D\u00fcrnitz-sonaten. Her har Mozart ikke spart p\u00e5 noe, det syder av oppfinnsomhet i alle variasjonene, over et spekter av pianistiske finesser og muntre rytmiske overraskelser. I hans c-moll-sonate stormer det tidvis ganske vilt n\u00e5r Mozart stadig beveger seg p\u00e5 \u201dknivseggen\u201d av klaverets omfang og ofte plasserer motivene i bassens dypeste, m\u00f8rkt-klingende leie. Disse desperate register-utslagene finner ogs\u00e5 sted i Fantasien i et enda mer dystert klangbilde \u2013 et enest\u00e5ende vitnesbyrd om Mozarts geniale improvisatoriske evner og ett av musikklitteraturens mest personlige og grenseprengende verk. Opprinnelsen \u2013 kilden \u2013 er et mysterium som alltid vil b\u00e6re undringens glede i seg.<\/p>\n<p><!--more--><\/p>\n<h4><\/h4>\n<\/p>\n<h4><\/h4>\n<p><h4><\/h4>\n<\/p>\n<p><\/p>","protected":false},"excerpt":{"rendered":"<p>Vi kan glede oss over at Liv Glaser har tatt for seg variasjonsverkene som gir et klart bilde av Mozarts mesterskap i genren.<\/p>\n","protected":false},"featured_media":30645,"comment_status":"closed","ping_status":"open","template":"","meta":[],"product_brand":[],"product_cat":[180],"product_tag":[],"class_list":{"0":"post-30644","1":"product","2":"type-product","3":"status-publish","4":"has-post-thumbnail","6":"product_cat-simax-classics","7":"product_shipping_class-cddvd-shipping","8":"uni_artist_tag-arne-akselberg","9":"uni_artist_tag-liv-glaser","10":"uni_artist_tag-wolfgang-amadeus-mozart","11":"uni_main_artist_tag-liv-glaser","12":"uni_artist_genre-piano","13":"uni_artist_genre-solo","15":"first","16":"instock","17":"featured","18":"taxable","19":"shipping-taxable","20":"purchasable","21":"product-type-simple"},"_links":{"self":[{"href":"https:\/\/grappa.no\/no\/wp-json\/wp\/v2\/product\/30644","targetHints":{"allow":["GET"]}}],"collection":[{"href":"https:\/\/grappa.no\/no\/wp-json\/wp\/v2\/product"}],"about":[{"href":"https:\/\/grappa.no\/no\/wp-json\/wp\/v2\/types\/product"}],"replies":[{"embeddable":true,"href":"https:\/\/grappa.no\/no\/wp-json\/wp\/v2\/comments?post=30644"}],"wp:featuredmedia":[{"embeddable":true,"href":"https:\/\/grappa.no\/no\/wp-json\/wp\/v2\/media\/30645"}],"wp:attachment":[{"href":"https:\/\/grappa.no\/no\/wp-json\/wp\/v2\/media?parent=30644"}],"wp:term":[{"taxonomy":"product_brand","embeddable":true,"href":"https:\/\/grappa.no\/no\/wp-json\/wp\/v2\/product_brand?post=30644"},{"taxonomy":"product_cat","embeddable":true,"href":"https:\/\/grappa.no\/no\/wp-json\/wp\/v2\/product_cat?post=30644"},{"taxonomy":"product_tag","embeddable":true,"href":"https:\/\/grappa.no\/no\/wp-json\/wp\/v2\/product_tag?post=30644"}],"curies":[{"name":"wp","href":"https:\/\/api.w.org\/{rel}","templated":true}]}}