{"id":30637,"date":"1992-05-01T00:00:00","date_gmt":"1992-04-30T23:00:00","guid":{"rendered":"http:\/\/www.grappa.no\/no\/albums\/ukategorisert\/edvard-grieg-symphony-in-c-minor-symphonic-dances\/"},"modified":"2019-02-22T15:38:27","modified_gmt":"2019-02-22T14:38:27","slug":"edvard-grieg-symphony-in-c-minor-symphonic-dances","status":"publish","type":"product","link":"https:\/\/grappa.no\/no\/albums\/simax-classics\/edvard-grieg-symphony-in-c-minor-symphonic-dances\/","title":{"rendered":"Edvard Grieg: Symphony in C minor \/ Symphonic Dances"},"content":{"rendered":"<p><\/p>\n<p>Geniet Edvard Grieg<\/p>\n<p>Noe av hemmeligheten ved geniet Edvard Grieg ligger i at han intuitivt visse hva som var norsk \u2013 hva som var ekte og hva som grep. Hans innflytelse p\u00e5 norske komponister, norsk musikkliv og p\u00e5 utlandets oppfatning av Norge har v\u00e6rt og er uten sidestykke. Fremf\u00f8rt av det Litauiske Nasjonale Symfoniorkester og dirigent Terje Mikkelsen, gir dette albumet oss et innblikk i nettopp hvor stort Griegs musikalske geni faktisk var. <\/p>\n<p>Etter \u00e5 ha h\u00f8rt Johan Svendsens f\u00f8rste symfoni, trakk Grieg sin eneste symfoni tilbake og skrev p\u00e5 partituret: \u201dm\u00e5 aldri oppf\u00f8res\u201d. Og slik ble det, inntil symfonien ble oppf\u00f8rt i sin helhet p\u00e5 sovjetisk radio i 1981, noe som ledet til en \u201durfremf\u00f8ring\u201d ved Festspillene i Bergen av Musikselskapet Harmoniens orkester. Verket i seg selv gir liten indikasjon om hvilken Grieg skulle komme til \u00e5 g\u00e5 \u2013 man kan skimte b\u00e5de Schumann og Mendelssohn \u2013 men ikke desto mindre er satsene preget av en friskhet og sjarm, de er formmessig sikre og instrumentasjonen er dyktig gjort. Senere, da han skrev \u201dSymfoniske Danser, Op. 64\u201d, var situasjonen derimot annerledes: stilistisk hadde han g\u00e5tt fra konservatoriets idealer via de nasjonale til en harmonisk mer line\u00e6r stil. Basert p\u00e5 det tematiske materialet han fant i Ludvig Mathias Lindemans folketonesamlinger, er dansene er mer storslagent utformet og mer effektfulle enn orkesterverkene b\u00e5de melodisk og ikke minst instrumentasjonsmessig.<\/p>\n<p><!--more--><\/p>\n<h4><\/h4>\n<\/p>\n<h4><\/h4>\n<p><h4><\/h4>\n<\/p>\n<p><\/p>","protected":false},"excerpt":{"rendered":"<p>Griegs innflytelse p\u00e5 norske komponister, norsk musikkliv og p\u00e5 utlandets oppfatning av Norge har v\u00e6rt og er uten sidestykke.<\/p>\n","protected":false},"featured_media":30643,"comment_status":"closed","ping_status":"open","template":"","meta":[],"product_brand":[],"product_cat":[180],"product_tag":[],"class_list":{"0":"post-30637","1":"product","2":"type-product","3":"status-publish","4":"has-post-thumbnail","6":"product_cat-simax-classics","7":"product_shipping_class-cddvd-shipping","8":"uni_artist_tag-edvard-grieg","9":"uni_artist_tag-lithuanian-national-symphony-orchestra","10":"uni_artist_tag-terje-mikkelsen","11":"uni_artist_tag-tony-harrison","12":"uni_main_artist_tag-lithuanian-national-symphony-orchestra","13":"uni_artist_genre-norwegian","14":"uni_artist_genre-orchestral","15":"uni_artist_genre-world-premiere-recording","17":"first","18":"instock","19":"taxable","20":"shipping-taxable","21":"purchasable","22":"product-type-simple"},"_links":{"self":[{"href":"https:\/\/grappa.no\/no\/wp-json\/wp\/v2\/product\/30637","targetHints":{"allow":["GET"]}}],"collection":[{"href":"https:\/\/grappa.no\/no\/wp-json\/wp\/v2\/product"}],"about":[{"href":"https:\/\/grappa.no\/no\/wp-json\/wp\/v2\/types\/product"}],"replies":[{"embeddable":true,"href":"https:\/\/grappa.no\/no\/wp-json\/wp\/v2\/comments?post=30637"}],"wp:featuredmedia":[{"embeddable":true,"href":"https:\/\/grappa.no\/no\/wp-json\/wp\/v2\/media\/30643"}],"wp:attachment":[{"href":"https:\/\/grappa.no\/no\/wp-json\/wp\/v2\/media?parent=30637"}],"wp:term":[{"taxonomy":"product_brand","embeddable":true,"href":"https:\/\/grappa.no\/no\/wp-json\/wp\/v2\/product_brand?post=30637"},{"taxonomy":"product_cat","embeddable":true,"href":"https:\/\/grappa.no\/no\/wp-json\/wp\/v2\/product_cat?post=30637"},{"taxonomy":"product_tag","embeddable":true,"href":"https:\/\/grappa.no\/no\/wp-json\/wp\/v2\/product_tag?post=30637"}],"curies":[{"name":"wp","href":"https:\/\/api.w.org\/{rel}","templated":true}]}}