{"id":30636,"date":"1992-10-20T00:00:00","date_gmt":"1992-10-19T23:00:00","guid":{"rendered":"http:\/\/www.grappa.no\/no\/albums\/ukategorisert\/kurt-weill-alban-berg-concertos\/"},"modified":"2019-02-22T15:38:23","modified_gmt":"2019-02-22T14:38:23","slug":"kurt-weill-alban-berg-concertos","status":"publish","type":"product","link":"https:\/\/grappa.no\/no\/albums\/simax-classics\/kurt-weill-alban-berg-concertos\/","title":{"rendered":"Kurt Weill \/ Alban Berg: Concertos"},"content":{"rendered":"<p><\/p>\n<p>Neue Sachlichkeit og serialisme<\/p>\n<p>Skrevet omtrent p\u00e5 samme tid er begge verkene p\u00e5 dette albumet eksempler p\u00e5 absolutt musikk fra to menn som skulle bli sterkt assosiert med sceneverk og som skulle bli internasjonale akt\u00f8rer, ledende representanter for deres ulike musikalske \u201dskoler\u201d. <\/p>\n<p>P\u00e5 dette albumet fremf\u00f8rer Eivind Aadland (fiolin), Einar Henning Smebye (piano) og Det Norske Bl\u00e5seensemble, med dirigent Ole Kristian Ruud, to konserter av de s\u00e6regne komponistene Kurt Weill og Alban Berg. F\u00f8rstnevnte er representert ved verket \u201dConcerto for Violin, Wind Instruments and Percussion\u201d, et verk som reflekterer den samtidige tids\u00e5nden i den tyske \u201dNeue Sachlichkeit\u201d \u2013 verdener unna de overspente f\u00f8lelsene i den foreg\u00e5ende generasjonen komponister. P\u00e5 den andre halvdelen av albumet er Bergs kammerkonsert, karakterisert av komponistens velkjente frie tonalitet. P\u00e5 hver sin m\u00e5te behandler Weill og Berg utfallet av tonalitetens sammenbrudd inn i total kromatikk: p\u00e5 en side serialisme, p\u00e5 en annen side neoklassisisme.<\/p>\n<p><!--more--><\/p>\n<h4><\/h4>\n<\/p>\n<h4><\/h4>\n<p><h4><\/h4>\n<\/p>\n<p><\/p>","protected":false},"excerpt":{"rendered":"<p>Verkene p\u00e5 dette albumet er eksempler p\u00e5 absolutt musikk fra to menn som skulle bli internasjonale akt\u00f8rer, ledende representanter for deres ulike musikalske \u201dskoler\u201d.<\/p>\n","protected":false},"featured_media":30642,"comment_status":"closed","ping_status":"open","template":"","meta":[],"product_brand":[],"product_cat":[180],"product_tag":[],"class_list":{"0":"post-30636","1":"product","2":"type-product","3":"status-publish","4":"has-post-thumbnail","6":"product_cat-simax-classics","7":"product_shipping_class-cddvd-shipping","8":"uni_artist_tag-alban-berg","9":"uni_artist_tag-einar-henning-smebye","10":"uni_artist_tag-eivind-aadland","11":"uni_artist_tag-kurt-weill","12":"uni_artist_tag-norwegian-wind-ensemble","13":"uni_artist_tag-ole-kristian-ruud","14":"uni_artist_tag-tony-harrison","15":"uni_main_artist_tag-eivind-aadland","16":"uni_artist_genre-chamber-music","17":"uni_artist_genre-concerto","18":"uni_artist_genre-winds","20":"first","21":"instock","22":"taxable","23":"shipping-taxable","24":"purchasable","25":"product-type-simple"},"_links":{"self":[{"href":"https:\/\/grappa.no\/no\/wp-json\/wp\/v2\/product\/30636","targetHints":{"allow":["GET"]}}],"collection":[{"href":"https:\/\/grappa.no\/no\/wp-json\/wp\/v2\/product"}],"about":[{"href":"https:\/\/grappa.no\/no\/wp-json\/wp\/v2\/types\/product"}],"replies":[{"embeddable":true,"href":"https:\/\/grappa.no\/no\/wp-json\/wp\/v2\/comments?post=30636"}],"wp:featuredmedia":[{"embeddable":true,"href":"https:\/\/grappa.no\/no\/wp-json\/wp\/v2\/media\/30642"}],"wp:attachment":[{"href":"https:\/\/grappa.no\/no\/wp-json\/wp\/v2\/media?parent=30636"}],"wp:term":[{"taxonomy":"product_brand","embeddable":true,"href":"https:\/\/grappa.no\/no\/wp-json\/wp\/v2\/product_brand?post=30636"},{"taxonomy":"product_cat","embeddable":true,"href":"https:\/\/grappa.no\/no\/wp-json\/wp\/v2\/product_cat?post=30636"},{"taxonomy":"product_tag","embeddable":true,"href":"https:\/\/grappa.no\/no\/wp-json\/wp\/v2\/product_tag?post=30636"}],"curies":[{"name":"wp","href":"https:\/\/api.w.org\/{rel}","templated":true}]}}