{"id":30635,"date":"1993-02-22T00:00:00","date_gmt":"1993-02-21T23:00:00","guid":{"rendered":"http:\/\/www.grappa.no\/no\/albums\/ukategorisert\/grieg-songs\/"},"modified":"2019-02-22T15:38:19","modified_gmt":"2019-02-22T14:38:19","slug":"grieg-songs","status":"publish","type":"product","link":"https:\/\/grappa.no\/no\/albums\/simax-classics\/grieg-songs\/","title":{"rendered":"Grieg Songs"},"content":{"rendered":"<p><\/p>\n<p>Griegs sanger i utvalg fremf\u00f8rt at Per Vollestad<\/p>\n<p>Som et utpreget barn av romantikken, mente Grieg selv at romansene sto blant det viktigste i hans produksjon, og han skulle tilf\u00f8re genren en lang rekke mesterlige bidrag. Han gjorde folkemusikken til en medspiller og maktet \u00e5 forene den med kunstmusikkens rammer, med et resultat av en helt suggererende virkning. I over \u00e9n time gir sanger Per Vollestad og pianist Sigmund Hjelset oss helt fantastiske fremf\u00f8ringer av en rekke av Griegs romanser p\u00e5 dette albumet. Sammen fremf\u00f8rer de Griegs tonesettinger av dikt av forfattere som H.C. Andersen, Bj\u00f8rnstjerne Bj\u00f8rnson, Henrik Ibsen, Holger Drachmann og John Paulsen, fra de inntagende verkene i Op. 5 til de ettertenksomme i Op. 70.<\/p>\n<p><!--more--><\/p>\n<h4><\/h4>\n<\/p>\n<h4><\/h4>\n<p><h4><\/h4>\n<\/p>\n<p><\/p>","protected":false},"excerpt":{"rendered":"<p>Grieg gjorde folkemusikken til en medspiller og maktet \u00e5 forene den med kunstmusikkens rammer, med et resultat av en helt suggererende virkning.<\/p>\n","protected":false},"featured_media":30641,"comment_status":"closed","ping_status":"open","template":"","meta":[],"product_brand":[],"product_cat":[180],"product_tag":[],"class_list":{"0":"post-30635","1":"product","2":"type-product","3":"status-publish","4":"has-post-thumbnail","6":"product_cat-simax-classics","7":"product_shipping_class-cddvd-shipping","8":"uni_artist_tag-arne-akselberg","9":"uni_artist_tag-edvard-grieg","10":"uni_artist_tag-per-vollestad","11":"uni_artist_tag-sigmund-hjelset","12":"uni_main_artist_tag-per-vollestad","13":"uni_artist_genre-lieder","15":"first","16":"instock","17":"taxable","18":"shipping-taxable","19":"purchasable","20":"product-type-simple"},"_links":{"self":[{"href":"https:\/\/grappa.no\/no\/wp-json\/wp\/v2\/product\/30635","targetHints":{"allow":["GET"]}}],"collection":[{"href":"https:\/\/grappa.no\/no\/wp-json\/wp\/v2\/product"}],"about":[{"href":"https:\/\/grappa.no\/no\/wp-json\/wp\/v2\/types\/product"}],"replies":[{"embeddable":true,"href":"https:\/\/grappa.no\/no\/wp-json\/wp\/v2\/comments?post=30635"}],"wp:featuredmedia":[{"embeddable":true,"href":"https:\/\/grappa.no\/no\/wp-json\/wp\/v2\/media\/30641"}],"wp:attachment":[{"href":"https:\/\/grappa.no\/no\/wp-json\/wp\/v2\/media?parent=30635"}],"wp:term":[{"taxonomy":"product_brand","embeddable":true,"href":"https:\/\/grappa.no\/no\/wp-json\/wp\/v2\/product_brand?post=30635"},{"taxonomy":"product_cat","embeddable":true,"href":"https:\/\/grappa.no\/no\/wp-json\/wp\/v2\/product_cat?post=30635"},{"taxonomy":"product_tag","embeddable":true,"href":"https:\/\/grappa.no\/no\/wp-json\/wp\/v2\/product_tag?post=30635"}],"curies":[{"name":"wp","href":"https:\/\/api.w.org\/{rel}","templated":true}]}}