{"id":30634,"date":"1993-07-16T00:00:00","date_gmt":"1993-07-15T23:00:00","guid":{"rendered":"http:\/\/www.grappa.no\/no\/albums\/ukategorisert\/trumpet-organ-eben-hovhaness-sommerfeld-lindberg\/"},"modified":"2019-02-22T15:38:14","modified_gmt":"2019-02-22T14:38:14","slug":"trumpet-organ-eben-hovhaness-sommerfeld-lindberg","status":"publish","type":"product","link":"https:\/\/grappa.no\/no\/albums\/simax-classics\/trumpet-organ-eben-hovhaness-sommerfeld-lindberg\/","title":{"rendered":"Trumpet &amp; Organ \u2013 Eben, Hovhaness, Sommerfeld, Lindberg"},"content":{"rendered":"<p><\/p>\n<p>Kveb\u00e6k og Nordstoga<\/p>\n<p>Harry Kveb\u00e6k var en av v\u00e5rt lands store trompetister, en drivende kraft innenfor norsk musikkliv og en stor inspirasjonskilde for kommende generasjoner trompetister. P\u00e5 \u201dTrumpet &amp; Organ\u201d har han g\u00e5tt sammen med organist K\u00e5re Nordstoga, en av v\u00e5re fremste organister gjennom tidende, for \u00e5 spille inn en rekke verker for dette duoformatet, inkludert den tradisjonelle norske folketonen \u201dDen elskte Jerusalems lengsel\u201d. Kveb\u00e6ks mesterlige behandling av trompeten skinner tydelig igjennom enten det er i Oskar Lindbergs h\u00f8yt elskede \u201dEn gammal f\u00e4bodspsalm fr\u00e5n Dalarna\u201d, Alan Hovhaness\u00b4 lange, melodiske linjer i \u201dPrayer to St. Gregory\u201d, Sommerfeldts vitale \u201dElegy\u201d eller Ebens moderne og lyriske tonespr\u00e5k i hans \u201dOkna\u201d. Uansett hvilke verk Kveb\u00e6k la sine fingre p\u00e5, ble det til slutt et mesterverk av dimensjoner.<\/p>\n<p><!--more--><\/p>\n<h4><\/h4>\n<\/p>\n<h4><\/h4>\n<p><h4><\/h4>\n<\/p>\n<p><\/p>","protected":false},"excerpt":{"rendered":"<p>Uansett hvilke verk Kveb\u00e6k legger sine fingre p\u00e5 er det d\u00f8mt til \u00e5 bli et mesterverk av dimensjoner.<\/p>\n","protected":false},"featured_media":30640,"comment_status":"closed","ping_status":"open","template":"","meta":[],"product_brand":[],"product_cat":[180],"product_tag":[],"class_list":{"0":"post-30634","1":"product","2":"type-product","3":"status-publish","4":"has-post-thumbnail","6":"product_cat-simax-classics","7":"product_shipping_class-cddvd-shipping","8":"uni_artist_tag-allan-hovaness","9":"uni_artist_tag-arne-akselberg","10":"uni_artist_tag-harry-kvebaek","11":"uni_artist_tag-kare-nordstoga","12":"uni_artist_tag-oscar-lindberg","13":"uni_artist_tag-oistein-sommerfeldt","14":"uni_artist_tag-petr-eben","15":"uni_artist_tag-trad","16":"uni_main_artist_tag-harry-kvebaek","17":"uni_artist_genre-brass","18":"uni_artist_genre-organ","20":"first","21":"instock","22":"taxable","23":"shipping-taxable","24":"purchasable","25":"product-type-simple"},"_links":{"self":[{"href":"https:\/\/grappa.no\/no\/wp-json\/wp\/v2\/product\/30634","targetHints":{"allow":["GET"]}}],"collection":[{"href":"https:\/\/grappa.no\/no\/wp-json\/wp\/v2\/product"}],"about":[{"href":"https:\/\/grappa.no\/no\/wp-json\/wp\/v2\/types\/product"}],"replies":[{"embeddable":true,"href":"https:\/\/grappa.no\/no\/wp-json\/wp\/v2\/comments?post=30634"}],"wp:featuredmedia":[{"embeddable":true,"href":"https:\/\/grappa.no\/no\/wp-json\/wp\/v2\/media\/30640"}],"wp:attachment":[{"href":"https:\/\/grappa.no\/no\/wp-json\/wp\/v2\/media?parent=30634"}],"wp:term":[{"taxonomy":"product_brand","embeddable":true,"href":"https:\/\/grappa.no\/no\/wp-json\/wp\/v2\/product_brand?post=30634"},{"taxonomy":"product_cat","embeddable":true,"href":"https:\/\/grappa.no\/no\/wp-json\/wp\/v2\/product_cat?post=30634"},{"taxonomy":"product_tag","embeddable":true,"href":"https:\/\/grappa.no\/no\/wp-json\/wp\/v2\/product_tag?post=30634"}],"curies":[{"name":"wp","href":"https:\/\/api.w.org\/{rel}","templated":true}]}}