{"id":30633,"date":"1993-08-13T00:00:00","date_gmt":"1993-08-12T23:00:00","guid":{"rendered":"http:\/\/www.grappa.no\/no\/albums\/ukategorisert\/saeverud-complete-works-for-violin\/"},"modified":"2019-02-22T15:38:10","modified_gmt":"2019-02-22T14:38:10","slug":"saeverud-complete-works-for-violin","status":"publish","type":"product","link":"https:\/\/grappa.no\/no\/albums\/simax-classics\/saeverud-complete-works-for-violin\/","title":{"rendered":"S\u00e6verud Complete Works for Violin"},"content":{"rendered":"<p><\/p>\n<p>S\u00e6verud spiller S\u00e6verud<\/p>\n<p>Harald S\u00e6verud var en sterk motstander av \u201d-ismer\u201d innen alle kunstformer. Han fulgte aldri mote eller trender, og han ble ikke sjelden rasende ovenfor ideen om at ekte inspirasjon ikke lenger eksisterte og at v\u00e5r tids musikk derfor m\u00e5tte konstrueres. God musikk, sa han, samles ikke inn, men skapes. Spilt inn av Trond S\u00e6verud, Haralds egne s\u00f8nnes\u00f8nn, sammen med S\u00f8nder Jutland Symfoniorkester og dirigent Karsten Andersen, gir denne utgivelsen et dyptf\u00f8lt innblikk inn i den anerkjente komponistens fenomenale verdenen av verk for fiolin. <\/p>\n<p>Harald S\u00e6verud er f\u00f8rst og fremst kjent for sin pianomusikk og sine symfoniske verk. Likevel viser de f\u00e5 verkene han skrev for fiolin en dyp respekt for instrumentet og er blant hans mest kraftfulle og uttrykksfulle komposisjoner. En kan n\u00e6rmest f\u00f8le Vestlandets omgivelser i hans musikk: Sterkt og ekspressivt, nakent og avdekket, samtidig som de viser en veldig menneskelig og humoristisk side. Dette albumet er beviset p\u00e5 akkurat dette.<\/p>\n<p><!--more--><\/p>\n<h4><\/h4>\n<\/p>\n<h4><\/h4>\n<p><h4><\/h4>\n<\/p>\n<p><\/p>","protected":false},"excerpt":{"rendered":"<p>En kan n\u00e6rmest f\u00f8le Vestlandets omgivelser i S\u00e6veruds musikk: Sterkt og ekspressivt, nakent og avdekket.<\/p>\n","protected":false},"featured_media":30639,"comment_status":"closed","ping_status":"open","template":"","meta":[],"product_brand":[],"product_cat":[180],"product_tag":[],"class_list":{"0":"post-30633","1":"product","2":"type-product","3":"status-publish","4":"has-post-thumbnail","6":"product_cat-simax-classics","7":"product_shipping_class-cddvd-shipping","8":"uni_artist_tag-arne-akselberg","9":"uni_artist_tag-harald-saeverud","10":"uni_artist_tag-karsten-andersen","11":"uni_artist_tag-south-denmark-philharmonic","12":"uni_artist_tag-tony-harrison","13":"uni_artist_tag-trond-saeverud","14":"uni_main_artist_tag-trond-saeverud","15":"uni_artist_genre-chamber-music","16":"uni_artist_genre-concerto","17":"uni_artist_genre-contemporary-music","19":"first","20":"instock","21":"taxable","22":"shipping-taxable","23":"purchasable","24":"product-type-simple"},"_links":{"self":[{"href":"https:\/\/grappa.no\/no\/wp-json\/wp\/v2\/product\/30633","targetHints":{"allow":["GET"]}}],"collection":[{"href":"https:\/\/grappa.no\/no\/wp-json\/wp\/v2\/product"}],"about":[{"href":"https:\/\/grappa.no\/no\/wp-json\/wp\/v2\/types\/product"}],"replies":[{"embeddable":true,"href":"https:\/\/grappa.no\/no\/wp-json\/wp\/v2\/comments?post=30633"}],"wp:featuredmedia":[{"embeddable":true,"href":"https:\/\/grappa.no\/no\/wp-json\/wp\/v2\/media\/30639"}],"wp:attachment":[{"href":"https:\/\/grappa.no\/no\/wp-json\/wp\/v2\/media?parent=30633"}],"wp:term":[{"taxonomy":"product_brand","embeddable":true,"href":"https:\/\/grappa.no\/no\/wp-json\/wp\/v2\/product_brand?post=30633"},{"taxonomy":"product_cat","embeddable":true,"href":"https:\/\/grappa.no\/no\/wp-json\/wp\/v2\/product_cat?post=30633"},{"taxonomy":"product_tag","embeddable":true,"href":"https:\/\/grappa.no\/no\/wp-json\/wp\/v2\/product_tag?post=30633"}],"curies":[{"name":"wp","href":"https:\/\/api.w.org\/{rel}","templated":true}]}}