{"id":30628,"date":"1994-06-21T00:00:00","date_gmt":"1994-06-20T23:00:00","guid":{"rendered":"http:\/\/www.grappa.no\/no\/albums\/ukategorisert\/j-s-bach-the-six-partitas-bwv-825-830\/"},"modified":"2019-02-22T15:38:06","modified_gmt":"2019-02-22T14:38:06","slug":"j-s-bach-the-six-partitas-bwv-825-830","status":"publish","type":"product","link":"https:\/\/grappa.no\/no\/albums\/simax-classics\/j-s-bach-the-six-partitas-bwv-825-830\/","title":{"rendered":"J.S. Bach: The Six Partitas, BWV 825\u2013830"},"content":{"rendered":"<p><\/p>\n<p>En fortreffelig Bach-innspilling<\/p>\n<p>Ketil Haugsand, prisvinner i internasjonale cembalokonkurranser i Paris og Bruges, har spesialisert seg p\u00e5 det franske og tyske repertoaret og har gjennomf\u00f8rt omfattende turneer i Europa og USA som solist og dirigent. N\u00e5r en lytter til hans innspilling av Bachs partitaer er det ingen overraskelse at denne str\u00e5lende musikeren har steget til toppen i den musikalske verden. Med over to timer musikk, fordelt p\u00e5 2 CDer, spiller Haugsand seg gjennom alle seks partitaene p\u00e5 en m\u00e5te som sjelden eller aldri er h\u00f8rt tidligere. Hovedsakelig dansesuiter i bin\u00e6r form, er disse verkene blant Bachs beste i all deres brilliante, vellydende og uttrykksfulle fortreffelighet.<\/p>\n<p><!--more--><\/p>\n<h4><\/h4>\n<\/p>\n<h4><\/h4>\n<p><h4><\/h4>\n<\/p>\n<p><\/p>","protected":false},"excerpt":{"rendered":"<p>\u2013 This is an outstanding recording. [Fanfare]<\/p>\n","protected":false},"featured_media":30638,"comment_status":"closed","ping_status":"open","template":"","meta":[],"product_brand":[],"product_cat":[180],"product_tag":[],"class_list":{"0":"post-30628","1":"product","2":"type-product","3":"status-publish","4":"has-post-thumbnail","6":"product_cat-simax-classics","7":"product_shipping_class-cddvd-shipping","8":"uni_artist_tag-arne-akselberg","9":"uni_artist_tag-johann-sebastian-bach","10":"uni_artist_tag-ketil-haugsand","11":"uni_main_artist_tag-ketil-haugsand","12":"uni_artist_genre-early-music","14":"first","15":"instock","16":"taxable","17":"shipping-taxable","18":"purchasable","19":"product-type-simple"},"_links":{"self":[{"href":"https:\/\/grappa.no\/no\/wp-json\/wp\/v2\/product\/30628","targetHints":{"allow":["GET"]}}],"collection":[{"href":"https:\/\/grappa.no\/no\/wp-json\/wp\/v2\/product"}],"about":[{"href":"https:\/\/grappa.no\/no\/wp-json\/wp\/v2\/types\/product"}],"replies":[{"embeddable":true,"href":"https:\/\/grappa.no\/no\/wp-json\/wp\/v2\/comments?post=30628"}],"wp:featuredmedia":[{"embeddable":true,"href":"https:\/\/grappa.no\/no\/wp-json\/wp\/v2\/media\/30638"}],"wp:attachment":[{"href":"https:\/\/grappa.no\/no\/wp-json\/wp\/v2\/media?parent=30628"}],"wp:term":[{"taxonomy":"product_brand","embeddable":true,"href":"https:\/\/grappa.no\/no\/wp-json\/wp\/v2\/product_brand?post=30628"},{"taxonomy":"product_cat","embeddable":true,"href":"https:\/\/grappa.no\/no\/wp-json\/wp\/v2\/product_cat?post=30628"},{"taxonomy":"product_tag","embeddable":true,"href":"https:\/\/grappa.no\/no\/wp-json\/wp\/v2\/product_tag?post=30628"}],"curies":[{"name":"wp","href":"https:\/\/api.w.org\/{rel}","templated":true}]}}