{"id":30627,"date":"1991-05-01T00:00:00","date_gmt":"1991-04-30T23:00:00","guid":{"rendered":"http:\/\/www.grappa.no\/no\/albums\/ukategorisert\/norwegian-rhapsodies\/"},"modified":"2019-02-22T15:38:02","modified_gmt":"2019-02-22T14:38:02","slug":"norwegian-rhapsodies","status":"publish","type":"product","link":"https:\/\/grappa.no\/no\/albums\/simax-classics\/norwegian-rhapsodies\/","title":{"rendered":"Norwegian Rhapsodies"},"content":{"rendered":"<p><\/p>\n<p>Norske rapsodier av Svendsen og Halvorsen<\/p>\n<p>Rapsodi ble fra slutten av 1700-tallet brukt som betegnelse p\u00e5 en ofte improvisert komposisjon uten fast form. Vi kunne kalle det fri fantasi med enhetlig innhold. Frans Listzs \u201dUngarske rapsodier\u201d skulle bli en modell for en lang rekke nasjonalromantiske pregede rapsodier over folkemelodier. Johan Svendsens og Johan Halvorsens \u201dNorske rapsodier\u201d er blant de mest bemerkelsesverdige innen denne genren. <\/p>\n<p>Trondheim Symfoniorkester fremf\u00f8rer Halvorsens og Svendsens rapsodier med en patos sjelden h\u00f8rt tidligere i disse verkene. Hovedsakelig basert p\u00e5 melodier hentet fra Lindemans samling \u201d\u00c6ldre og nyere norske Fjeldmelodier\u201d er Svendsens rapsodier livfulle i sin l\u00f8se oppbygging av en fantastisk sammenstilling av melodier. Svendsen var en klippe i den norske romantiske gullalderen, og med rapsodiene leverte han p\u00e5 kraftfullt og usentimentalt vis sitt vektige bidrag til en norsk nasjonal kunstmusikk p\u00e5 folkemusikkens grunn. Halvorsen, p\u00e5 sin side, viser sin rolle som Svendsens arvtager aller tydeligst i sine rapsodier. Han har fulgt den eldre mesterens linje i raffinert orkesterbehandling og fantasifull utnyttelse av folketonene, og med sin fargerike instrumentasjon h\u00f8rer de til blant det beste som er skrevet i Norge.<\/p>\n<p><!--more--><\/p>\n<h4><\/h4>\n<\/p>\n<h4><\/h4>\n<p><h4><\/h4>\n<\/p>\n<p><\/p>","protected":false},"excerpt":{"rendered":"<p>Johan Svendsens og Johan Halvorsens \u201dNorske rapsodier\u201d er blant de mest bemerkelsesverdige innen genren.<\/p>\n","protected":false},"featured_media":30632,"comment_status":"closed","ping_status":"open","template":"","meta":[],"product_brand":[],"product_cat":[180],"product_tag":[],"class_list":{"0":"post-30627","1":"product","2":"type-product","3":"status-publish","4":"has-post-thumbnail","6":"product_cat-simax-classics","7":"product_shipping_class-cddvd-shipping","8":"uni_artist_tag-johan-halvorsen","9":"uni_artist_tag-johan-svendsen","10":"uni_artist_tag-ole-kristian-ruud","11":"uni_artist_tag-tony-harrison","12":"uni_artist_tag-trondheim-symphony-orchestra","13":"uni_main_artist_tag-trondheim-symphony-orchestra","14":"uni_artist_genre-norwegian","15":"uni_artist_genre-orchestral","17":"first","18":"outofstock","19":"taxable","20":"shipping-taxable","21":"purchasable","22":"product-type-simple"},"_links":{"self":[{"href":"https:\/\/grappa.no\/no\/wp-json\/wp\/v2\/product\/30627","targetHints":{"allow":["GET"]}}],"collection":[{"href":"https:\/\/grappa.no\/no\/wp-json\/wp\/v2\/product"}],"about":[{"href":"https:\/\/grappa.no\/no\/wp-json\/wp\/v2\/types\/product"}],"replies":[{"embeddable":true,"href":"https:\/\/grappa.no\/no\/wp-json\/wp\/v2\/comments?post=30627"}],"wp:featuredmedia":[{"embeddable":true,"href":"https:\/\/grappa.no\/no\/wp-json\/wp\/v2\/media\/30632"}],"wp:attachment":[{"href":"https:\/\/grappa.no\/no\/wp-json\/wp\/v2\/media?parent=30627"}],"wp:term":[{"taxonomy":"product_brand","embeddable":true,"href":"https:\/\/grappa.no\/no\/wp-json\/wp\/v2\/product_brand?post=30627"},{"taxonomy":"product_cat","embeddable":true,"href":"https:\/\/grappa.no\/no\/wp-json\/wp\/v2\/product_cat?post=30627"},{"taxonomy":"product_tag","embeddable":true,"href":"https:\/\/grappa.no\/no\/wp-json\/wp\/v2\/product_tag?post=30627"}],"curies":[{"name":"wp","href":"https:\/\/api.w.org\/{rel}","templated":true}]}}