{"id":30626,"date":"1988-03-14T00:00:00","date_gmt":"1988-03-13T23:00:00","guid":{"rendered":"http:\/\/www.grappa.no\/no\/albums\/ukategorisert\/songs-dances\/"},"modified":"2019-02-22T15:37:58","modified_gmt":"2019-02-22T14:37:58","slug":"songs-dances","status":"publish","type":"product","link":"https:\/\/grappa.no\/no\/albums\/simax-classics\/songs-dances\/","title":{"rendered":"Songs &amp; Dances"},"content":{"rendered":"<p><\/p>\n<p>Dans med gitaren \u2013 Stein-Erik Olsen<\/p>\n<p>Gjennom hele den kjente musikkhistorien har mennesker sunget og danset, og rollen til instrumentene har i hovedsak v\u00e6rt akkompagnering. Denne linken har aldri blitt brutt, men det har blitt til kun et segment i en st\u00f8rre helhet. Kort fortalt har den instrumentelle sangen og dansen utviklet sitt eget liv, noe som former selve kjernen p\u00e5 denne innspillingen \u2013 som ogs\u00e5 reflekterer det faktum at synging, dansing og gitarspilling er verdensomfattende aktiviteter. <\/p>\n<p>Stein-Erik Olsen har gitt ut en rekke album gjennom sin karriere. Etter de suksessfulle utgivelsene \u201dHommage!\u201d (PSC1008) og \u201dBlue Guitar\u201d (PSC1031), tar den eksepsjonelle gitaristen denne gangen fatt p\u00e5 verker av hovedsakelig s\u00f8r-Amerikanske komponister. Hans musikalske ferdigheter er oppsiktsvekkende, som magasinet Music &amp; Musicians en gang skrev: \u201dhe is a master of his craft and a genuine artist.\u201d Eller for \u00e5 si det med Alice Artzt (New York): \u201dthe world of music must welcome him with open arms.\u201d<\/p>\n<p><!--more--><\/p>\n<h4><\/h4>\n<\/p>\n<h4><\/h4>\n<p><h4><\/h4>\n<\/p>\n<p><\/p>","protected":false},"excerpt":{"rendered":"<p>Etter flere suksesfulle utgivelser tar den eksepsjonelle gitaristen denne gangen fatt p\u00e5 verker av hovedsakelig s\u00f8r-Amerikanske komponister.<\/p>\n","protected":false},"featured_media":30631,"comment_status":"closed","ping_status":"open","template":"","meta":[],"product_brand":[],"product_cat":[180],"product_tag":[],"class_list":{"0":"post-30626","1":"product","2":"type-product","3":"status-publish","4":"has-post-thumbnail","6":"product_cat-simax-classics","7":"product_shipping_class-cddvd-shipping","8":"uni_artist_tag-antonio-laura","9":"uni_artist_tag-antonio-ruiz-pipo","10":"uni_artist_tag-arne-akselberg","11":"uni_artist_tag-astor-piazzolla","12":"uni_artist_tag-augustin-mangore","13":"uni_artist_tag-eduardo-de-la-maza","14":"uni_artist_tag-john-duarte","15":"uni_artist_tag-nikita-koshkin","16":"uni_artist_tag-roland-dyens","17":"uni_artist_tag-stein-erik-olsen","18":"uni_main_artist_tag-stein-erik-olsen","19":"uni_artist_genre-contemporary-music","20":"uni_artist_genre-solo","22":"first","23":"instock","24":"taxable","25":"shipping-taxable","26":"purchasable","27":"product-type-simple"},"_links":{"self":[{"href":"https:\/\/grappa.no\/no\/wp-json\/wp\/v2\/product\/30626","targetHints":{"allow":["GET"]}}],"collection":[{"href":"https:\/\/grappa.no\/no\/wp-json\/wp\/v2\/product"}],"about":[{"href":"https:\/\/grappa.no\/no\/wp-json\/wp\/v2\/types\/product"}],"replies":[{"embeddable":true,"href":"https:\/\/grappa.no\/no\/wp-json\/wp\/v2\/comments?post=30626"}],"wp:featuredmedia":[{"embeddable":true,"href":"https:\/\/grappa.no\/no\/wp-json\/wp\/v2\/media\/30631"}],"wp:attachment":[{"href":"https:\/\/grappa.no\/no\/wp-json\/wp\/v2\/media?parent=30626"}],"wp:term":[{"taxonomy":"product_brand","embeddable":true,"href":"https:\/\/grappa.no\/no\/wp-json\/wp\/v2\/product_brand?post=30626"},{"taxonomy":"product_cat","embeddable":true,"href":"https:\/\/grappa.no\/no\/wp-json\/wp\/v2\/product_cat?post=30626"},{"taxonomy":"product_tag","embeddable":true,"href":"https:\/\/grappa.no\/no\/wp-json\/wp\/v2\/product_tag?post=30626"}],"curies":[{"name":"wp","href":"https:\/\/api.w.org\/{rel}","templated":true}]}}