{"id":30625,"date":"1994-12-12T00:00:00","date_gmt":"1994-12-11T23:00:00","guid":{"rendered":"http:\/\/www.grappa.no\/no\/albums\/ukategorisert\/diptych\/"},"modified":"2019-02-22T15:37:55","modified_gmt":"2019-02-22T14:37:55","slug":"diptych","status":"publish","type":"product","link":"https:\/\/grappa.no\/no\/albums\/simax-classics\/diptych\/","title":{"rendered":"Diptych"},"content":{"rendered":"<p><\/p>\n<p>Gitar og fl\u00f8yte fra verden over<\/p>\n<p>Den intime duo-settingen best\u00e5ende av fl\u00f8yte og gitar har sjeldent v\u00e6rt vakrere \u00e5 lytte til en p\u00e5 \u201dDiptych\u201d. To av landets fremste ut\u00f8vere p\u00e5 sine instrumenter g\u00e5r her sammen for \u00e5 fremf\u00f8re flere av 1900-tallets flotteste verker for instrumentkombinasjonen fra hele verden, med verker av s\u00e5 varierte komponister som Astor Piazzolla, Ravi Shankar og John W. Duarte, for \u00e5 nevne noen f\u00e5. <\/p>\n<p>Gro Sandvik og Stein-Erik Olsen har gjennom en \u00e5rrekke samarbeidet omkring kammermusikkprosjekter rundt omkring i verden, og fremf\u00f8rt en lang rekke nye verker for fl\u00f8yte og gitar. Sammen har de ogs\u00e5 gjort albumet \u201dL\u00b4espace entre nous\u201d, med utviklende og ny musikk for instrumentkombinasjonen, et album som ogs\u00e5 er tilgjengelig fra Simax Classics (PSC1268).<\/p>\n<p><!--more--><\/p>\n<h4><\/h4>\n<\/p>\n<h4><\/h4>\n<p><h4><\/h4>\n<\/p>\n<p><\/p>","protected":false},"excerpt":{"rendered":"<p>To av landets fremste ut\u00f8vere p\u00e5 sine instrumenter g\u00e5r her sammen for \u00e5 fremf\u00f8re flere av 1900-tallets flotteste verker for instrumentkombinasjonen fra hele verden.<\/p>\n","protected":false},"featured_media":30630,"comment_status":"closed","ping_status":"open","template":"","meta":[],"product_brand":[],"product_cat":[180],"product_tag":[],"class_list":{"0":"post-30625","1":"product","2":"type-product","3":"status-publish","4":"has-post-thumbnail","6":"product_cat-simax-classics","7":"product_shipping_class-cddvd-shipping","8":"uni_artist_tag-arne-akselberg","9":"uni_artist_tag-astor-piazzolla","10":"uni_artist_tag-gro-sandvik","11":"uni_artist_tag-hans-haug","12":"uni_artist_tag-john-duarte","13":"uni_artist_tag-nikita-koshkin","14":"uni_artist_tag-ravi-shankar","15":"uni_artist_tag-stein-erik-olsen","16":"uni_main_artist_tag-stein-erik-olsen","17":"uni_artist_genre-chamber-music","18":"uni_artist_genre-contemporary-music","20":"first","21":"instock","22":"taxable","23":"shipping-taxable","24":"purchasable","25":"product-type-simple"},"_links":{"self":[{"href":"https:\/\/grappa.no\/no\/wp-json\/wp\/v2\/product\/30625","targetHints":{"allow":["GET"]}}],"collection":[{"href":"https:\/\/grappa.no\/no\/wp-json\/wp\/v2\/product"}],"about":[{"href":"https:\/\/grappa.no\/no\/wp-json\/wp\/v2\/types\/product"}],"replies":[{"embeddable":true,"href":"https:\/\/grappa.no\/no\/wp-json\/wp\/v2\/comments?post=30625"}],"wp:featuredmedia":[{"embeddable":true,"href":"https:\/\/grappa.no\/no\/wp-json\/wp\/v2\/media\/30630"}],"wp:attachment":[{"href":"https:\/\/grappa.no\/no\/wp-json\/wp\/v2\/media?parent=30625"}],"wp:term":[{"taxonomy":"product_brand","embeddable":true,"href":"https:\/\/grappa.no\/no\/wp-json\/wp\/v2\/product_brand?post=30625"},{"taxonomy":"product_cat","embeddable":true,"href":"https:\/\/grappa.no\/no\/wp-json\/wp\/v2\/product_cat?post=30625"},{"taxonomy":"product_tag","embeddable":true,"href":"https:\/\/grappa.no\/no\/wp-json\/wp\/v2\/product_tag?post=30625"}],"curies":[{"name":"wp","href":"https:\/\/api.w.org\/{rel}","templated":true}]}}